{"id":154745,"date":"2021-01-15T14:44:48","date_gmt":"2021-01-15T14:44:48","guid":{"rendered":"https:\/\/codengine3.ch\/?product=import-placeholder-for-208180"},"modified":"2023-05-11T10:06:15","modified_gmt":"2023-05-11T08:06:15","slug":"die-schoensten-huettenziele-im-winter","status":"publish","type":"product","link":"https:\/\/pizbube.ch\/en\/shop\/die-schoensten-huettenziele-im-winter\/","title":{"rendered":"Die sch\u00f6nsten H\u00fcttenziele im Winter"},"content":{"rendered":"<p>50 romantische H\u00fctten und Bergh\u00e4user in der Schweiz &#8211; mit Schneeschuhen,<br \/>\nSkiern und zu Fuss.<\/p>\n<p>Romantische N\u00e4chte in den Bergen sind ein besonderes Erlebnis. Zahlreiche<br \/>\nBergh\u00fctten in den Alpen sind mit Schneeschuhen auch im Winter leicht<br \/>\nerreichbar. F\u00fcr dieses Buch hat David Coulin die im Winter lohnendsten<br \/>\nH\u00fcttenziele in den Schweizer Alpen ausgew\u00e4hlt.<\/p>\n<p>Es sind SAC-H\u00fctten und private Skih\u00fctten, die mit Schneeschuhen oder Skiern<br \/>\ngut zug\u00e4nglich und bewartet sind, ausserdem einige Bergh\u00e4user, die ebenfalls<br \/>\ngut zu Fuss oder direkt mit \u00f6ffentlichen Verkehrsmitteln erreichbar sind.<br \/>\nEinige wenige der vorgetellten H\u00fctten sind im Winter unbewartet, sie bieten<br \/>\ndas ultimative, urt\u00fcmliche H\u00fcttenerlebnis.<\/p>\n<p>50 Winter-H\u00fcttenziele, in stimmungsvollen Texten und Fotos vorgestellt. Mit<br \/>\ndetaillierten Informationen zu den H\u00fctten, den Zugangsrouten, weiterf\u00fchrenden<br \/>\nWegen und Kartenskizzen.<\/p>\n<p>Einband: Broschur mit Klappe;<br \/>\nUmfang: 200 Seiten, 2019<\/p>","protected":false},"excerpt":{"rendered":"<p>50 romantische H\u00fctten und Bergh\u00e4user in der Schweiz &#8211; mit Schneeschuhen, Skiern und zu Fuss. Romantische N\u00e4chte in den Bergen sind ein besonderes Erlebnis. Zahlreiche Bergh\u00fctten in den Alpen sind mit Schneeschuhen auch im Winter leicht erreichbar. F\u00fcr dieses Buch hat David Coulin die im Winter lohnendsten H\u00fcttenziele in den Schweizer Alpen ausgew\u00e4hlt. Es sind [&#8230;]\n","protected":false},"featured_media":39589,"template":"","meta":[],"product_brand":[],"product_cat":[21542],"product_tag":[],"class_list":{"0":"post-154745","1":"product","2":"type-product","3":"status-publish","4":"has-post-thumbnail","6":"product_cat-sachbuecher-dokumentationen","7":"pa_autor-coulin","8":"pa_erscheinungsjahr-21586","9":"pa_region-schweiz","10":"pa_sprache-de","12":"first","13":"instock","14":"taxable","15":"shipping-taxable","16":"purchasable","17":"product-type-simple"},"_links":{"self":[{"href":"https:\/\/pizbube.ch\/en\/wp-json\/wp\/v2\/product\/154745","targetHints":{"allow":["GET"]}}],"collection":[{"href":"https:\/\/pizbube.ch\/en\/wp-json\/wp\/v2\/product"}],"about":[{"href":"https:\/\/pizbube.ch\/en\/wp-json\/wp\/v2\/types\/product"}],"wp:featuredmedia":[{"embeddable":true,"href":"https:\/\/pizbube.ch\/en\/wp-json\/wp\/v2\/media\/39589"}],"wp:attachment":[{"href":"https:\/\/pizbube.ch\/en\/wp-json\/wp\/v2\/media?parent=154745"}],"wp:term":[{"taxonomy":"product_brand","embeddable":true,"href":"https:\/\/pizbube.ch\/en\/wp-json\/wp\/v2\/product_brand?post=154745"},{"taxonomy":"product_cat","embeddable":true,"href":"https:\/\/pizbube.ch\/en\/wp-json\/wp\/v2\/product_cat?post=154745"},{"taxonomy":"product_tag","embeddable":true,"href":"https:\/\/pizbube.ch\/en\/wp-json\/wp\/v2\/product_tag?post=154745"}],"curies":[{"name":"wp","href":"https:\/\/api.w.org\/{rel}","templated":true}]}}