{"id":154747,"date":"2021-01-15T14:45:00","date_gmt":"2021-01-15T14:45:00","guid":{"rendered":"https:\/\/codengine3.ch\/?product=import-placeholder-for-207410"},"modified":"2021-01-15T16:02:57","modified_gmt":"2021-01-15T16:02:57","slug":"und-ploetzlich-am-himmel-ein-berg-schicksal-einer-unbeugsamen","status":"publish","type":"product","link":"https:\/\/pizbube.ch\/en\/shop\/und-ploetzlich-am-himmel-ein-berg-schicksal-einer-unbeugsamen\/","title":{"rendered":"Und pl\u00f6tzlich am Himmel ein Berg &#8211; Schicksal einer Unbeugsamen"},"content":{"rendered":"<p>F\u00fcr Nicole Niquille, die junge Bergsteigerin aus dem freiburgischen<br \/>\nGreyerzerland, scheint es keine Grenzen zu geben. Packend und am\u00fcsant zeichnet<br \/>\nihr Bericht die Lebensstationen einer Besessenen nach: erste<br \/>\nKlettererfahrungen in den heimischen Gastlosen, die Partnerschaft mit dem<br \/>\nAusnahmetalent Erhard Loretan, die sie von den \u00abgrossen\u00bb Alpengipfeln bis zu<br \/>\nden Achttausendern des Himalaya f\u00fchrt, der von zahlreichen Hindernissen<br \/>\nges\u00e4umte Weg zum Bergf\u00fchrerdiplom, das sie 1986 als erste Schweizer Frau<br \/>\nschafft. Ihrer Unternehmungslust scheint alles m\u00f6glich. Flaue Saisons f\u00fcllt<br \/>\nsie als Fassadenkletterin f\u00fcr eine Reinigungsfirma; sie gr\u00fcndet eine<br \/>\nSportmodekette und f\u00fchrt Reisegruppen durch den indischen Dschungel&#8230;  <\/p>\n<p>Dann trifft sie auf eine Herausforderung, die steiler aufragt als die H\u00e4nge<br \/>\ndes Everest. Bei einem Ausflug wird sie von einem aus grosser H\u00f6he st\u00fcrzenden<br \/>\nnussgrossen Kiesel getroffen \u2013 und bleibt f\u00fcr den Rest ihres Lebens auf den<br \/>\nRollstuhl angewiesen.  <\/p>\n<p>Aber mit unz\u00e4hmbarer Energie und Lebensmut erschliesst sich die<br \/>\nSpitzensportlerin neue Horizonte. Sie erwirbt das Wirtepatent und macht aus<br \/>\neinem verlassenen Bergrestaurant am Lac de Taney in den Walliser Bergen innert<br \/>\nk\u00fcrzester Zeit ein popul\u00e4res Ausflugsziel. Aber die Erinnerung an die<br \/>\nH\u00f6henz\u00fcge Nepals und ihre liebenswerte Bev\u00f6lkerung l\u00e4sst sie nicht los.<br \/>\nZusammen mit ihrem Ehemann Marco Vuadens gr\u00fcndet sie eine Stiftung zum Bau<br \/>\neines Bergspitals am Fuss des Himalaya. Dank enthusiastischer Unterst\u00fctzung<br \/>\naus den weitesten Kreisen \u2013 Alpinisten, Politiker und grosse Teile der<br \/>\nBev\u00f6lkerung \u2013 wird das H\u00f4pital Pasang Lhamu &#038; Nicole Niquille in Lukla<br \/>\nWirklichkeit. Ihr Lebensbericht schildert voller Fr\u00f6hlichkeit, ja ge\u00adradezu<br \/>\ngeniesserisch, die schwindelerregende Zeit der Eroberungen und die Zeit danach<br \/>\n\u2013 ohne Bitterkeit, ohne Bedauern.  <\/p>","protected":false},"excerpt":{"rendered":"<p>F\u00fcr Nicole Niquille, die junge Bergsteigerin aus dem freiburgischen Greyerzerland, scheint es keine Grenzen zu geben. Packend und am\u00fcsant zeichnet ihr Bericht die Lebensstationen einer Besessenen nach: erste Klettererfahrungen in den heimischen Gastlosen, die Partnerschaft mit dem Ausnahmetalent Erhard Loretan, die sie von den \u00abgrossen\u00bb Alpengipfeln bis zu den Achttausendern des Himalaya f\u00fchrt, der von [&#8230;]\n","protected":false},"featured_media":37378,"template":"","meta":[],"product_brand":[],"product_cat":[21542],"product_tag":[],"class_list":{"0":"post-154747","1":"product","2":"type-product","3":"status-publish","4":"has-post-thumbnail","6":"product_cat-sachbuecher-dokumentationen","7":"pa_autor-niquille","8":"pa_erscheinungsjahr-21568","9":"pa_region-schweiz","10":"pa_sprache-de","12":"first","13":"instock","14":"taxable","15":"shipping-taxable","16":"purchasable","17":"product-type-simple"},"_links":{"self":[{"href":"https:\/\/pizbube.ch\/en\/wp-json\/wp\/v2\/product\/154747","targetHints":{"allow":["GET"]}}],"collection":[{"href":"https:\/\/pizbube.ch\/en\/wp-json\/wp\/v2\/product"}],"about":[{"href":"https:\/\/pizbube.ch\/en\/wp-json\/wp\/v2\/types\/product"}],"wp:featuredmedia":[{"embeddable":true,"href":"https:\/\/pizbube.ch\/en\/wp-json\/wp\/v2\/media\/37378"}],"wp:attachment":[{"href":"https:\/\/pizbube.ch\/en\/wp-json\/wp\/v2\/media?parent=154747"}],"wp:term":[{"taxonomy":"product_brand","embeddable":true,"href":"https:\/\/pizbube.ch\/en\/wp-json\/wp\/v2\/product_brand?post=154747"},{"taxonomy":"product_cat","embeddable":true,"href":"https:\/\/pizbube.ch\/en\/wp-json\/wp\/v2\/product_cat?post=154747"},{"taxonomy":"product_tag","embeddable":true,"href":"https:\/\/pizbube.ch\/en\/wp-json\/wp\/v2\/product_tag?post=154747"}],"curies":[{"name":"wp","href":"https:\/\/api.w.org\/{rel}","templated":true}]}}