{"id":154748,"date":"2021-01-15T14:45:00","date_gmt":"2021-01-15T14:45:00","guid":{"rendered":"https:\/\/codengine3.ch\/?product=import-placeholder-for-206740"},"modified":"2021-01-15T14:51:27","modified_gmt":"2021-01-15T14:51:27","slug":"lawinen-12-regeln-die-jeder-kennen-muss","status":"publish","type":"product","link":"https:\/\/pizbube.ch\/en\/shop\/lawinen-12-regeln-die-jeder-kennen-muss\/","title":{"rendered":"Lawinen &#8211; 12 Regeln, die jeder kennen muss"},"content":{"rendered":"<p>\nSicher in den Bergen<br \/>\nOb Skitourengeher, Skifahrer oder Schneeschuhwanderer: Jeder, der sich im<br \/>\nWinter in den Bergen aufh\u00e4lt, wei\u00df um die Gefahren, die damit verbunden sind.<br \/>\nDabei stellen Lawinen die gr\u00f6\u00dfte Gefahr dar. Ohne Vorkenntnisse sollte man<br \/>\nsich daher nicht in ungesichertes Gel\u00e4nde wagen.<\/p>\n<p>Die Lawinen- und Risikoexperten Arnold Studeregger und Renate Renner stellen<br \/>\nin diesem Buch die 12 grundlegenden Lawinenregeln vor.<br \/>\nLawinen und wie man sie vermeidet  <\/p>\n<p>Kurz, pr\u00e4gnant und praxisnah bringen die beiden Autoren dem Leser die<br \/>\nLawinenkunde n\u00e4her. Sie zeigen, welche Vorbereitungen man vor der n\u00e4chsten<br \/>\nWinter-Tour treffen sollte, wie man Schneesituationen richtig einsch\u00e4tzen und<br \/>\nbei akuter Gefahr reagieren kann. Beherzigt man diese 12 Regeln, dann erh\u00f6ht<br \/>\nman sicherlich seine eigene Sicherheit und die seiner Mitmenschen im alpinen<br \/>\nGel\u00e4nde.  <\/p>","protected":false},"excerpt":{"rendered":"<p>Sicher in den Bergen Ob Skitourengeher, Skifahrer oder Schneeschuhwanderer: Jeder, der sich im Winter in den Bergen aufh\u00e4lt, wei\u00df um die Gefahren, die damit verbunden sind. Dabei stellen Lawinen die gr\u00f6\u00dfte Gefahr dar. Ohne Vorkenntnisse sollte man sich daher nicht in ungesichertes Gel\u00e4nde wagen. Die Lawinen- und Risikoexperten Arnold Studeregger und Renate Renner stellen in [&#8230;]\n","protected":false},"featured_media":35979,"template":"","meta":[],"product_brand":[],"product_cat":[21538],"product_tag":[],"class_list":{"0":"post-154748","1":"product","2":"type-product","3":"status-publish","4":"has-post-thumbnail","6":"product_cat-lehrbuecher","7":"pa_autor-studeregger-renner","8":"pa_erscheinungsjahr-21597","9":"pa_region-alpin-winter","10":"pa_sprache-de","12":"first","13":"instock","14":"taxable","15":"shipping-taxable","16":"purchasable","17":"product-type-simple"},"_links":{"self":[{"href":"https:\/\/pizbube.ch\/en\/wp-json\/wp\/v2\/product\/154748","targetHints":{"allow":["GET"]}}],"collection":[{"href":"https:\/\/pizbube.ch\/en\/wp-json\/wp\/v2\/product"}],"about":[{"href":"https:\/\/pizbube.ch\/en\/wp-json\/wp\/v2\/types\/product"}],"wp:featuredmedia":[{"embeddable":true,"href":"https:\/\/pizbube.ch\/en\/wp-json\/wp\/v2\/media\/35979"}],"wp:attachment":[{"href":"https:\/\/pizbube.ch\/en\/wp-json\/wp\/v2\/media?parent=154748"}],"wp:term":[{"taxonomy":"product_brand","embeddable":true,"href":"https:\/\/pizbube.ch\/en\/wp-json\/wp\/v2\/product_brand?post=154748"},{"taxonomy":"product_cat","embeddable":true,"href":"https:\/\/pizbube.ch\/en\/wp-json\/wp\/v2\/product_cat?post=154748"},{"taxonomy":"product_tag","embeddable":true,"href":"https:\/\/pizbube.ch\/en\/wp-json\/wp\/v2\/product_tag?post=154748"}],"curies":[{"name":"wp","href":"https:\/\/api.w.org\/{rel}","templated":true}]}}