{"id":154751,"date":"2021-01-15T14:45:02","date_gmt":"2021-01-15T14:45:02","guid":{"rendered":"https:\/\/codengine3.ch\/?product=import-placeholder-for-207771"},"modified":"2021-01-15T16:58:24","modified_gmt":"2021-01-15T16:58:24","slug":"glisse-la-grande-aventure","status":"publish","type":"product","link":"https:\/\/pizbube.ch\/en\/shop\/glisse-la-grande-aventure\/","title":{"rendered":"Glisse: la grande aventure"},"content":{"rendered":"<p>L&#8216; Alpe 75<\/p>\n<p>Les sommets alpins n\u2019ont pas seulement fait fantasmer voyageurs et alpinistes.<br \/>\nCar si les montagnes sont destin\u00e9es \u00e0 \u00eatre gravies, toute pente m\u00e9rite aussi<br \/>\nd\u2019\u00eatre\u2026 d\u00e9val\u00e9e ! Et pas uniquement \u00e0 ski. De la schlitte de nos anc\u00eatres<br \/>\nb\u00fbcherons jusqu\u2019au snowboard d\u2019aujourd\u2019hui, panorama de la culture glisse.<\/p>\n<p>Vous pensiez que le ski avait \u00e9t\u00e9 \u00ab invent\u00e9 \u00bb dans les Alpes au XIXe si\u00e8cle ?<br \/>\nOu que les Scandinaves nous en avaient souffl\u00e9 l\u2019id\u00e9e bien avant. Grave erreur<br \/>\n! Si l\u2019on en croit le Science Monitor, la pratique de la glisse sur des<br \/>\nplanches incurv\u00e9es serait n\u00e9e dans les montagnes de l\u2019Alta\u00ef, aux confins de la<br \/>\nChine, de la Mongolie et de la Russie, au point du monde le plus \u00e9loign\u00e9 de<br \/>\ntout rivage maritime, il y a plusieurs mill\u00e9naires !  <\/p>\n<p>C\u2019est cette grande saga de l\u2019histoire de la glisse que vous conte ce num\u00e9ro.<br \/>\nUn ski d\u2019abord con\u00e7u comme objet utilitaire et qui va essaimer sous d\u2019autres<br \/>\nformes. Ainsi de la schlitte qui, dans les Vosges, assemble deux skis<br \/>\nparall\u00e8les et un plateau pour pouvoir descendre les billes de bois depuis les<br \/>\nhautes chaumes jusqu\u2019au village par des chemins parfois tr\u00e8s escarp\u00e9s. Ou<br \/>\nencore la \u00ab ramasse \u00bb, ce mode de d\u00e9placement sur neige invent\u00e9 pour<br \/>\ntransporter les voyageurs bien avant le Grand Tour et dont on conna\u00eet quelques<br \/>\nexemples av\u00e9r\u00e9s, notamment entre le col du mont Cenis et Lanslebourg, en<br \/>\nSavoie. D\u00e8s 1581, Montaigne \u00e9voquait d\u2019ailleurs ces vertigineuses descentes,<br \/>\ntout comme l\u2019astronome de Lalande en 1765 : \u00ab Au moyen de crampons de fer<br \/>\nattach\u00e9s \u00e0 ses souliers, il arr\u00eate le tra\u00eeneau quand bon lui semble, il se<br \/>\nrenverse alors sur la personne qu\u2019il conduit pour emp\u00eacher l\u2019effet du choc qui<br \/>\npourrait la jeter en avant et m\u00eame renverser et culbuter le tra\u00eeneau. \u00bb  <\/p>\n<p>Ces anc\u00eatres de notre luge qui ravit aujourd\u2019hui les bambins ont connu eux-<br \/>\nm\u00eames nombre de d\u00e9clinaisons comme le patin \u00e0 glace, attest\u00e9 d\u00e8s le xvie<br \/>\nsi\u00e8cle, ou encore le bobsleigh. La fin du dernier mill\u00e9naire aura enfin donn\u00e9<br \/>\nnaissance \u00e0 toutes les pratiques fun de la glisse : monoski, snowboard,<br \/>\nsnowkite et autres skwal. Des loisirs qui ont eux-m\u00eames g\u00e9n\u00e9r\u00e9 leur propre<br \/>\n\u00e9cosyst\u00e8me culturel autour de l\u2019id\u00e9e de la f\u00eate et de la libert\u00e9, de la<br \/>\nmusique, des modes de vie et m\u00eame des expressions artistiques. En t\u00e9moignent<br \/>\nces jeunes cr\u00e9ateurs qui dessinent de gigantesques motifs g\u00e9om\u00e9triques dans la<br \/>\nneige \u00e0 m\u00eame le paysage. Autant d\u2019\u0153uvres d\u2019art monumentales et fugaces qui<br \/>\ndispara\u00eetront d\u00e8s la fonte des neiges. En somme : culture glisse !  <\/p>","protected":false},"excerpt":{"rendered":"<p>L&#8216; Alpe 75 Les sommets alpins n\u2019ont pas seulement fait fantasmer voyageurs et alpinistes. Car si les montagnes sont destin\u00e9es \u00e0 \u00eatre gravies, toute pente m\u00e9rite aussi d\u2019\u00eatre\u2026 d\u00e9val\u00e9e ! Et pas uniquement \u00e0 ski. De la schlitte de nos anc\u00eatres b\u00fbcherons jusqu\u2019au snowboard d\u2019aujourd\u2019hui, panorama de la culture glisse. Vous pensiez que le ski [&#8230;]\n","protected":false},"featured_media":38403,"template":"","meta":[],"product_brand":[],"product_cat":[21541],"product_tag":[],"class_list":{"0":"post-154751","1":"product","2":"type-product","3":"status-publish","4":"has-post-thumbnail","6":"product_cat-zeitschriften","7":"pa_autor-glenat","8":"pa_erscheinungsjahr-21574","9":"pa_region-frankreich","10":"pa_sprache-fr","12":"first","13":"instock","14":"taxable","15":"shipping-taxable","16":"purchasable","17":"product-type-simple"},"_links":{"self":[{"href":"https:\/\/pizbube.ch\/en\/wp-json\/wp\/v2\/product\/154751","targetHints":{"allow":["GET"]}}],"collection":[{"href":"https:\/\/pizbube.ch\/en\/wp-json\/wp\/v2\/product"}],"about":[{"href":"https:\/\/pizbube.ch\/en\/wp-json\/wp\/v2\/types\/product"}],"wp:featuredmedia":[{"embeddable":true,"href":"https:\/\/pizbube.ch\/en\/wp-json\/wp\/v2\/media\/38403"}],"wp:attachment":[{"href":"https:\/\/pizbube.ch\/en\/wp-json\/wp\/v2\/media?parent=154751"}],"wp:term":[{"taxonomy":"product_brand","embeddable":true,"href":"https:\/\/pizbube.ch\/en\/wp-json\/wp\/v2\/product_brand?post=154751"},{"taxonomy":"product_cat","embeddable":true,"href":"https:\/\/pizbube.ch\/en\/wp-json\/wp\/v2\/product_cat?post=154751"},{"taxonomy":"product_tag","embeddable":true,"href":"https:\/\/pizbube.ch\/en\/wp-json\/wp\/v2\/product_tag?post=154751"}],"curies":[{"name":"wp","href":"https:\/\/api.w.org\/{rel}","templated":true}]}}