{"id":154752,"date":"2021-01-15T14:45:03","date_gmt":"2021-01-15T14:45:03","guid":{"rendered":"https:\/\/codengine3.ch\/?product=import-placeholder-for-207596"},"modified":"2021-01-15T16:05:01","modified_gmt":"2021-01-15T16:05:01","slug":"eis-palmen-mit-rad-und-ski-ueber-die-alpen","status":"publish","type":"product","link":"https:\/\/pizbube.ch\/en\/shop\/eis-palmen-mit-rad-und-ski-ueber-die-alpen\/","title":{"rendered":"Eis &#038; Palmen &#8211; Mit Rad und Ski \u00fcber die Alpen"},"content":{"rendered":"<p>\nDie beiden Skifahrer Jochen Mesle und Max Kroneck starten zu ihrer bisher<br \/>\nau\u00dfergew\u00f6hnlichsten Skitour. Die Mission: Von Deutschland \u00fcber die Alpen bis<br \/>\nzum Mittelmeer nach Nizza radeln und auf dem Weg die sch\u00f6nsten Berge mit Ski<br \/>\nbefahren: 42 Tage, 1.800 Kilometer, 35.000 H\u00f6henmeter und auf jedem Bike 50<br \/>\nKilogramm Gep\u00e4ck.<\/p>\n<p>Alles aus eigener Kraft. Die faszinierendste Berggeschichte des Jahres 2018,<br \/>\ndie als Doku das Publikum begeisterte und mehrere Preise auf Bergfilmfestivals<br \/>\nabr\u00e4umte, gibt es nun auch als Buch!<\/p>","protected":false},"excerpt":{"rendered":"<p>Die beiden Skifahrer Jochen Mesle und Max Kroneck starten zu ihrer bisher au\u00dfergew\u00f6hnlichsten Skitour. Die Mission: Von Deutschland \u00fcber die Alpen bis zum Mittelmeer nach Nizza radeln und auf dem Weg die sch\u00f6nsten Berge mit Ski befahren: 42 Tage, 1.800 Kilometer, 35.000 H\u00f6henmeter und auf jedem Bike 50 Kilogramm Gep\u00e4ck. Alles aus eigener Kraft. Die [&#8230;]\n","protected":false},"featured_media":37916,"template":"","meta":[],"product_brand":[],"product_cat":[21542],"product_tag":[],"class_list":{"0":"post-154752","1":"product","2":"type-product","3":"status-publish","4":"has-post-thumbnail","6":"product_cat-sachbuecher-dokumentationen","7":"pa_autor-mesle-kroneck","8":"pa_erscheinungsjahr-21586","9":"pa_region-deutschland","10":"pa_sprache-de","12":"first","13":"instock","14":"taxable","15":"shipping-taxable","16":"purchasable","17":"product-type-simple"},"_links":{"self":[{"href":"https:\/\/pizbube.ch\/en\/wp-json\/wp\/v2\/product\/154752","targetHints":{"allow":["GET"]}}],"collection":[{"href":"https:\/\/pizbube.ch\/en\/wp-json\/wp\/v2\/product"}],"about":[{"href":"https:\/\/pizbube.ch\/en\/wp-json\/wp\/v2\/types\/product"}],"wp:featuredmedia":[{"embeddable":true,"href":"https:\/\/pizbube.ch\/en\/wp-json\/wp\/v2\/media\/37916"}],"wp:attachment":[{"href":"https:\/\/pizbube.ch\/en\/wp-json\/wp\/v2\/media?parent=154752"}],"wp:term":[{"taxonomy":"product_brand","embeddable":true,"href":"https:\/\/pizbube.ch\/en\/wp-json\/wp\/v2\/product_brand?post=154752"},{"taxonomy":"product_cat","embeddable":true,"href":"https:\/\/pizbube.ch\/en\/wp-json\/wp\/v2\/product_cat?post=154752"},{"taxonomy":"product_tag","embeddable":true,"href":"https:\/\/pizbube.ch\/en\/wp-json\/wp\/v2\/product_tag?post=154752"}],"curies":[{"name":"wp","href":"https:\/\/api.w.org\/{rel}","templated":true}]}}