{"id":154754,"date":"2021-01-15T14:45:14","date_gmt":"2021-01-15T14:45:14","guid":{"rendered":"https:\/\/codengine3.ch\/?product=import-placeholder-for-206856"},"modified":"2021-01-15T14:52:41","modified_gmt":"2021-01-15T14:52:41","slug":"kletterquartett-alpintouren-volume-1","status":"publish","type":"product","link":"https:\/\/pizbube.ch\/en\/shop\/kletterquartett-alpintouren-volume-1\/","title":{"rendered":"Kletterquartett Alpintouren (Volume 1)"},"content":{"rendered":"<p>\n32 Spielkarten, 60x90mm.<\/p>\n<p>Wenn das Tiefdruckgebiet mal wieder hartn\u00e4ckiger ist als ihr, der Schnee f\u00fcr<br \/>\ndie Skitour noch in den Wolken statt auf dem Berg ist, die lieben Kinderchen<br \/>\nnach Abwechslung kr\u00e4hen oder ihr einfach mal einen Ruhetag braucht:<\/p>\n<p>Ein unterhaltsamer Zeitvertreib f\u00fcr alle, die sich in Alpenrouten auskennen \u2013<br \/>\noder zumindest so tun wollen&#8230;<\/p>","protected":false},"excerpt":{"rendered":"<p>32 Spielkarten, 60x90mm. Wenn das Tiefdruckgebiet mal wieder hartn\u00e4ckiger ist als ihr, der Schnee f\u00fcr die Skitour noch in den Wolken statt auf dem Berg ist, die lieben Kinderchen nach Abwechslung kr\u00e4hen oder ihr einfach mal einen Ruhetag braucht: Ein unterhaltsamer Zeitvertreib f\u00fcr alle, die sich in Alpenrouten auskennen \u2013 oder zumindest so tun wollen&#8230;<\/p>","protected":false},"featured_media":36307,"template":"","meta":[],"product_brand":[],"product_cat":[21836],"product_tag":[],"class_list":{"0":"post-154754","1":"product","2":"type-product","3":"status-publish","4":"has-post-thumbnail","6":"product_cat-geschenkideen","7":"pa_autor-panico","8":"pa_erscheinungsjahr-21550","9":"pa_region-klettertechnik","10":"pa_sprache-de","12":"first","13":"outofstock","14":"taxable","15":"shipping-taxable","16":"purchasable","17":"product-type-simple"},"_links":{"self":[{"href":"https:\/\/pizbube.ch\/en\/wp-json\/wp\/v2\/product\/154754","targetHints":{"allow":["GET"]}}],"collection":[{"href":"https:\/\/pizbube.ch\/en\/wp-json\/wp\/v2\/product"}],"about":[{"href":"https:\/\/pizbube.ch\/en\/wp-json\/wp\/v2\/types\/product"}],"wp:featuredmedia":[{"embeddable":true,"href":"https:\/\/pizbube.ch\/en\/wp-json\/wp\/v2\/media\/36307"}],"wp:attachment":[{"href":"https:\/\/pizbube.ch\/en\/wp-json\/wp\/v2\/media?parent=154754"}],"wp:term":[{"taxonomy":"product_brand","embeddable":true,"href":"https:\/\/pizbube.ch\/en\/wp-json\/wp\/v2\/product_brand?post=154754"},{"taxonomy":"product_cat","embeddable":true,"href":"https:\/\/pizbube.ch\/en\/wp-json\/wp\/v2\/product_cat?post=154754"},{"taxonomy":"product_tag","embeddable":true,"href":"https:\/\/pizbube.ch\/en\/wp-json\/wp\/v2\/product_tag?post=154754"}],"curies":[{"name":"wp","href":"https:\/\/api.w.org\/{rel}","templated":true}]}}