{"id":154757,"date":"2021-01-15T14:45:22","date_gmt":"2021-01-15T14:45:22","guid":{"rendered":"https:\/\/codengine3.ch\/?product=import-placeholder-for-207667"},"modified":"2022-04-27T09:31:00","modified_gmt":"2022-04-27T07:31:00","slug":"schweden-kungsleden","status":"publish","type":"product","link":"https:\/\/pizbube.ch\/en\/shop\/schweden-kungsleden\/","title":{"rendered":"Schweden: Kungsleden"},"content":{"rendered":"<p>Fast 1.000 km zieht sich der ber\u00fchmte Kungsleden durch das schwedische Fj\u00e4ll.<br \/>\nNeben dem viel bewanderten n\u00f6rdlichen Teil zwischen Abisko und Hemavan stellt<br \/>\nAutor Michael Hennemann auch die unbekannteren, aber nicht weniger reizvollen<br \/>\nAbschnitte des Kungsleden weiter im S\u00fcden (Storlien bis S\u00e4len) vor.<\/p>\n<p>Angaben zu Anreisem\u00f6glichkeiten f\u00fcr die einzelnen Teilabschnitte, zur L\u00e4nge<br \/>\nder Etappen und ben\u00f6tigter Wanderzeit sowie Hinweise zu<br \/>\n\u00dcbernachtungsm\u00f6glichkeiten in H\u00fctten oder auf sch\u00f6nen Zeltpl\u00e4tzen<br \/>\nkomplettieren die detaillierte Wegbeschreibung.<\/p>\n<p>Bei der Orientierung helfen au\u00dferdem die Kartenskizzen und H\u00f6henprofile in dem<br \/>\nhandlichen und leichten Buch.<\/p>\n<p>10. \u00fcberarbeitete Auflage 2022<\/p>","protected":false},"excerpt":{"rendered":"<p>Fast 1.000 km zieht sich der ber\u00fchmte Kungsleden durch das schwedische Fj\u00e4ll. Neben dem viel bewanderten n\u00f6rdlichen Teil zwischen Abisko und Hemavan stellt Autor Michael Hennemann auch die unbekannteren, aber nicht weniger reizvollen Abschnitte des Kungsleden weiter im S\u00fcden (Storlien bis S\u00e4len) vor. Angaben zu Anreisem\u00f6glichkeiten f\u00fcr die einzelnen Teilabschnitte, zur L\u00e4nge der Etappen und [&#8230;]\n","protected":false},"featured_media":161655,"template":"","meta":[],"product_brand":[],"product_cat":[21605],"product_tag":[],"class_list":{"0":"post-154757","1":"product","2":"type-product","3":"status-publish","4":"has-post-thumbnail","6":"product_cat-wanderfuehrer-trekking","7":"pa_autor-hennemann","8":"pa_erscheinungsjahr-27013","9":"pa_region-skandinavien-norwegen-schweden-finnland","10":"pa_sprache-de","12":"first","13":"instock","14":"taxable","15":"shipping-taxable","16":"purchasable","17":"product-type-simple"},"_links":{"self":[{"href":"https:\/\/pizbube.ch\/en\/wp-json\/wp\/v2\/product\/154757","targetHints":{"allow":["GET"]}}],"collection":[{"href":"https:\/\/pizbube.ch\/en\/wp-json\/wp\/v2\/product"}],"about":[{"href":"https:\/\/pizbube.ch\/en\/wp-json\/wp\/v2\/types\/product"}],"wp:featuredmedia":[{"embeddable":true,"href":"https:\/\/pizbube.ch\/en\/wp-json\/wp\/v2\/media\/161655"}],"wp:attachment":[{"href":"https:\/\/pizbube.ch\/en\/wp-json\/wp\/v2\/media?parent=154757"}],"wp:term":[{"taxonomy":"product_brand","embeddable":true,"href":"https:\/\/pizbube.ch\/en\/wp-json\/wp\/v2\/product_brand?post=154757"},{"taxonomy":"product_cat","embeddable":true,"href":"https:\/\/pizbube.ch\/en\/wp-json\/wp\/v2\/product_cat?post=154757"},{"taxonomy":"product_tag","embeddable":true,"href":"https:\/\/pizbube.ch\/en\/wp-json\/wp\/v2\/product_tag?post=154757"}],"curies":[{"name":"wp","href":"https:\/\/api.w.org\/{rel}","templated":true}]}}