{"id":154761,"date":"2021-01-15T14:45:38","date_gmt":"2021-01-15T14:45:38","guid":{"rendered":"https:\/\/codengine3.ch\/?product=import-placeholder-for-206939"},"modified":"2021-01-15T14:53:36","modified_gmt":"2021-01-15T14:53:36","slug":"ungekannte-freuden-ueber-das-leben-den-tod-das-klettern-und-alles-dazwischen","status":"publish","type":"product","link":"https:\/\/pizbube.ch\/en\/shop\/ungekannte-freuden-ueber-das-leben-den-tod-das-klettern-und-alles-dazwischen\/","title":{"rendered":"Ungekannte Freuden &#8211; \u00dcber das Leben, den Tod, das Klettern und alles dazwischen"},"content":{"rendered":"<p>\nAndy Kirkpatrick ist besessen &#8211; vom Klettern und vom Schreiben. Und er ist ein<br \/>\nbegnadeter Geschichtenerz\u00e4hler. Sein neues Buch versammelt Essays zu so<br \/>\nunterschiedlichen Themen wie Klettern, Liebe und Beziehungen, Vaterschaft,<br \/>\npsychische Gesundheit, Medien. Es sind leichtf\u00fcssige Texte von oft<br \/>\n\u00fcberraschender Tiefgr\u00fcndigkeit.  <\/p>\n<p>Wir begleiten den Autor in die Einsamkeit einer Solobegehung der ber\u00fchmten<br \/>\nnorwegischen Trollwand. Und nochmals beim Klettern, diesmal unter v\u00f6llig<br \/>\nanderen Vorzeichen: an der &#171;roten Wand&#187; Moonlight Buttress in Utah, im<br \/>\nRahmen einer Wohlt\u00e4tigkeitsaktion, Seite an Seite mit BBC-Moderatorin Alex<br \/>\nJones und umgeben vom Fernsehzirkus. Ein omnipr\u00e4senter Gast in Kirkpatricks<br \/>\nTexten &#8211; wie bereits in seinem preisgekr\u00f6nten Erstling &#171;Psychovertikal&#187; &#8211;<br \/>\nist El Capitan im Yosemite- Nationalpark: Mal ist er dort \u00fcber Wochen alleine<br \/>\nunterwegs, dann gemeinsam mit seiner dreizehnj\u00e4hrigen Tochter Ella, f\u00fcr die es<br \/>\ndie erste grosse Wand ist &#8211; ein bewegender Moment.  <\/p>\n<p>Andy Kirkpatricks scharfe Beobachtungsgabe und sein Wortwitz sind unterhaltsam<br \/>\nwie immer. Doch weiss er auch mit grosser Ehrlichkeit \u00fcber vergangene und<br \/>\ngegenw\u00e4rtige Beziehungen und Lieben zu berichten. Und schonungslos rechnet er<br \/>\nab, mit unserer Welt im Allgemeinen und der Welt der Berge im Besonderen.  <\/p>","protected":false},"excerpt":{"rendered":"<p>Andy Kirkpatrick ist besessen &#8211; vom Klettern und vom Schreiben. Und er ist ein begnadeter Geschichtenerz\u00e4hler. Sein neues Buch versammelt Essays zu so unterschiedlichen Themen wie Klettern, Liebe und Beziehungen, Vaterschaft, psychische Gesundheit, Medien. Es sind leichtf\u00fcssige Texte von oft \u00fcberraschender Tiefgr\u00fcndigkeit. Wir begleiten den Autor in die Einsamkeit einer Solobegehung der ber\u00fchmten norwegischen Trollwand. [&#8230;]\n","protected":false},"featured_media":36560,"template":"","meta":[],"product_brand":[],"product_cat":[21629],"product_tag":[],"class_list":{"0":"post-154761","1":"product","2":"type-product","3":"status-publish","4":"has-post-thumbnail","6":"product_cat-belletristik","7":"pa_autor-kirkpatrick","8":"pa_erscheinungsjahr-21586","9":"pa_region-grossbritannien-scottland","10":"pa_sprache-de","12":"first","13":"instock","14":"taxable","15":"shipping-taxable","16":"purchasable","17":"product-type-simple"},"_links":{"self":[{"href":"https:\/\/pizbube.ch\/en\/wp-json\/wp\/v2\/product\/154761","targetHints":{"allow":["GET"]}}],"collection":[{"href":"https:\/\/pizbube.ch\/en\/wp-json\/wp\/v2\/product"}],"about":[{"href":"https:\/\/pizbube.ch\/en\/wp-json\/wp\/v2\/types\/product"}],"wp:featuredmedia":[{"embeddable":true,"href":"https:\/\/pizbube.ch\/en\/wp-json\/wp\/v2\/media\/36560"}],"wp:attachment":[{"href":"https:\/\/pizbube.ch\/en\/wp-json\/wp\/v2\/media?parent=154761"}],"wp:term":[{"taxonomy":"product_brand","embeddable":true,"href":"https:\/\/pizbube.ch\/en\/wp-json\/wp\/v2\/product_brand?post=154761"},{"taxonomy":"product_cat","embeddable":true,"href":"https:\/\/pizbube.ch\/en\/wp-json\/wp\/v2\/product_cat?post=154761"},{"taxonomy":"product_tag","embeddable":true,"href":"https:\/\/pizbube.ch\/en\/wp-json\/wp\/v2\/product_tag?post=154761"}],"curies":[{"name":"wp","href":"https:\/\/api.w.org\/{rel}","templated":true}]}}