{"id":154763,"date":"2021-01-15T14:46:05","date_gmt":"2021-01-15T14:46:05","guid":{"rendered":"https:\/\/codengine3.ch\/?product=import-placeholder-for-208224"},"modified":"2021-07-09T09:22:32","modified_gmt":"2021-07-09T07:22:32","slug":"die-stille-der-laerchen","status":"publish","type":"product","link":"https:\/\/pizbube.ch\/en\/shop\/die-stille-der-laerchen\/","title":{"rendered":"Die Stille der L\u00e4rchen"},"content":{"rendered":"<p>Ein Fall f\u00fcr Commissario Grauner<\/p>\n<p>S\u00fcdtiroler Charme und ein hochspannender Fall aus einem Tal, das einst<br \/>\nber\u00fchmte Schriftsteller beherbergte<\/p>\n<p>Am Rande eines 300-Seelen-Dorfes wird an einem Fr\u00fchlingsmorgen die Leiche<br \/>\neines M\u00e4dchens entdeckt. Blut\u00fcberstr\u00f6mt liegt sie bei den Url\u00e4rchen von St.<br \/>\nGertraud, die jedes Kind in S\u00fcdtirol kennt. Generationen lang haben die B\u00e4ume<br \/>\nallem getrotzt, Wind, Wetter und den Menschen; unter ihren Wurzeln soll sich<br \/>\nder Eingang zur H\u00f6lle befinden. In ihrem neuen Fall ermitteln Grauner und<br \/>\nSaltapepe im Ultental, dessen Bewohner schweigsam, stolz und gottesf\u00fcrchtig<br \/>\nsind.<\/p>\n<p>Erstaunlich schnell ist ein Gest\u00e4ndiger gefunden: Haller, ein zugezogener<br \/>\nArchitekt. Die Dorfgemeinschaft aber sagt: Haller deckt nur seinen Sohn Michl,<br \/>\nder seltsam ist und niemandem geheuer. Und auch Grauner ahnt, dass alles<br \/>\nkomplizierter ist. Zumal unweit des Tatorts altert\u00fcmlich anmutende<br \/>\nSchriftst\u00fccke gefunden werden. Sie k\u00f6nnten aus den verschollenen Tageb\u00fcchern<br \/>\neines ber\u00fchmten Gastes der Ultentaler Heilb\u00e4der stammen. Und sie berichten von<br \/>\neinem kaltbl\u00fctigen Mord, der vor \u00fcber hundert Jahren geschah. Einem Mord, der<br \/>\ndas Dorf bis heute umtreibt.<\/p>","protected":false},"excerpt":{"rendered":"<p>Ein Fall f\u00fcr Commissario Grauner S\u00fcdtiroler Charme und ein hochspannender Fall aus einem Tal, das einst ber\u00fchmte Schriftsteller beherbergte Am Rande eines 300-Seelen-Dorfes wird an einem Fr\u00fchlingsmorgen die Leiche eines M\u00e4dchens entdeckt. Blut\u00fcberstr\u00f6mt liegt sie bei den Url\u00e4rchen von St. Gertraud, die jedes Kind in S\u00fcdtirol kennt. Generationen lang haben die B\u00e4ume allem getrotzt, Wind, [&#8230;]\n","protected":false},"featured_media":39705,"template":"","meta":[],"product_brand":[],"product_cat":[21629],"product_tag":[],"class_list":{"0":"post-154763","1":"product","2":"type-product","3":"status-publish","4":"has-post-thumbnail","6":"product_cat-belletristik","7":"pa_autor-koppelstaetter","8":"pa_erscheinungsjahr-21571","9":"pa_region-deutschland","10":"pa_sprache-de","12":"first","13":"instock","14":"taxable","15":"shipping-taxable","16":"purchasable","17":"product-type-simple"},"_links":{"self":[{"href":"https:\/\/pizbube.ch\/en\/wp-json\/wp\/v2\/product\/154763","targetHints":{"allow":["GET"]}}],"collection":[{"href":"https:\/\/pizbube.ch\/en\/wp-json\/wp\/v2\/product"}],"about":[{"href":"https:\/\/pizbube.ch\/en\/wp-json\/wp\/v2\/types\/product"}],"wp:featuredmedia":[{"embeddable":true,"href":"https:\/\/pizbube.ch\/en\/wp-json\/wp\/v2\/media\/39705"}],"wp:attachment":[{"href":"https:\/\/pizbube.ch\/en\/wp-json\/wp\/v2\/media?parent=154763"}],"wp:term":[{"taxonomy":"product_brand","embeddable":true,"href":"https:\/\/pizbube.ch\/en\/wp-json\/wp\/v2\/product_brand?post=154763"},{"taxonomy":"product_cat","embeddable":true,"href":"https:\/\/pizbube.ch\/en\/wp-json\/wp\/v2\/product_cat?post=154763"},{"taxonomy":"product_tag","embeddable":true,"href":"https:\/\/pizbube.ch\/en\/wp-json\/wp\/v2\/product_tag?post=154763"}],"curies":[{"name":"wp","href":"https:\/\/api.w.org\/{rel}","templated":true}]}}