{"id":154764,"date":"2021-01-15T14:46:11","date_gmt":"2021-01-15T14:46:11","guid":{"rendered":"https:\/\/codengine3.ch\/?product=import-placeholder-for-208640"},"modified":"2021-01-15T17:56:15","modified_gmt":"2021-01-15T17:56:15","slug":"revue-schweiz-das-wandermagazin","status":"publish","type":"product","link":"https:\/\/pizbube.ch\/en\/shop\/revue-schweiz-das-wandermagazin\/","title":{"rendered":"Revue Schweiz &#8211; Das Wandermagazin"},"content":{"rendered":"<p>Ausgabe 4\/2013<br \/>\nThunersee &#8211; Brienzersee<\/p>\n<p>Die Region um die Berner Oberl\u00e4nder Seen strotzt nur so von Natursch\u00f6nheiten.<br \/>\nUnten herrscht ein mildes Voralpenklima mit Palmen und Weintrauben, oben<br \/>\ndominieren eisige Welten die Szenerie. Sie sind ein Paradies f\u00fcr<br \/>\nGipfelst\u00fcrmer, die sich an den grossartigen Panoramen nicht genug satt sehen<br \/>\nk\u00f6nnen. Wer nicht so hoch hinaus will, nimmt den neuen, 56 Kilometer langen<br \/>\nPanoramaweg um den Thunersee mit seinen spektakul\u00e4ren H\u00e4ngebr\u00fccken unter die<br \/>\nF\u00fcsse.<\/p>\n<p>Zum Titelthema:<br \/>\n&#8211; &#171;Sch\u00f6ne Aussichten&#187;: Zum Panoramaweg rund um den Thunersee (einen<br \/>\nAusschnitt aus der Hautpreportage finden Sie unten)<br \/>\n&#8211; &#171;Herti (G)Rinde&#187;: Reportage zur Ch\u00e4steilete im Justistal<br \/>\n&#8211; &#171;Wasserwelten&#187;: Foto-Strecke von Stefan und Sandra Gr\u00fcndig-Karp<\/p>\n<p>Zum Sammeln: 16 Wandertipps zum Sammeln. Der Fokus in dieser Ausgabe liegt<br \/>\nbein Wanederungen im Berner Oberland. Diese Ausgabe enth\u00e4lt jedoch auch<br \/>\nWandertipps beispielsweise aus der Ostschweiz oder der Region Basel_Aargau.<br \/>\nJede Woche k\u00f6nnen Sie unter der Rubrik &#171;Wandertipp der Woche&#187; einen Tipp aus<br \/>\ndem aktuellsten Magazin gratis abrufen. Eine Zusammenstellung diverser<br \/>\nWanderrouten &#8211; angeordent nach Regionen &#8211; finden Sie in der Rubri<br \/>\n&#171;Wandertipps&#187;.<\/p>\n<p>Familientipp: Geocaching oder Schatzsuche mit dem GPS.<\/p>\n<p>Weiter Themen:<br \/>\n&#8211; Wandersandalen<br \/>\n&#8211; Ringkuhk\u00e4mpfe im Wallis<br \/>\n&#8211; Neues aus der Wanderwelt<br \/>\n&#8211; Ausstellungen und Events aus dem Outdoor- und Naturberich<br \/>\n&#8211; &#171;Schritte \u00fcber die Grenze&#187;. Reportrage zur 4-t\u00e4gigen Grenzwanderung von<br \/>\nMorbio Superiore (TI) nach Croce bei Menaggio (I)<\/p>","protected":false},"excerpt":{"rendered":"<p>Ausgabe 4\/2013 Thunersee &#8211; Brienzersee Die Region um die Berner Oberl\u00e4nder Seen strotzt nur so von Natursch\u00f6nheiten. Unten herrscht ein mildes Voralpenklima mit Palmen und Weintrauben, oben dominieren eisige Welten die Szenerie. Sie sind ein Paradies f\u00fcr Gipfelst\u00fcrmer, die sich an den grossartigen Panoramen nicht genug satt sehen k\u00f6nnen. Wer nicht so hoch hinaus will, [&#8230;]\n","protected":false},"featured_media":40806,"template":"","meta":[],"product_brand":[],"product_cat":[21541],"product_tag":[],"class_list":{"0":"post-154764","1":"product","2":"type-product","3":"status-publish","4":"has-post-thumbnail","6":"product_cat-zeitschriften","7":"pa_autor-kaiser","8":"pa_erscheinungsjahr-21568","9":"pa_region-schweiz","10":"pa_sprache-de","12":"first","13":"instock","14":"taxable","15":"shipping-taxable","16":"purchasable","17":"product-type-simple"},"_links":{"self":[{"href":"https:\/\/pizbube.ch\/en\/wp-json\/wp\/v2\/product\/154764","targetHints":{"allow":["GET"]}}],"collection":[{"href":"https:\/\/pizbube.ch\/en\/wp-json\/wp\/v2\/product"}],"about":[{"href":"https:\/\/pizbube.ch\/en\/wp-json\/wp\/v2\/types\/product"}],"wp:featuredmedia":[{"embeddable":true,"href":"https:\/\/pizbube.ch\/en\/wp-json\/wp\/v2\/media\/40806"}],"wp:attachment":[{"href":"https:\/\/pizbube.ch\/en\/wp-json\/wp\/v2\/media?parent=154764"}],"wp:term":[{"taxonomy":"product_brand","embeddable":true,"href":"https:\/\/pizbube.ch\/en\/wp-json\/wp\/v2\/product_brand?post=154764"},{"taxonomy":"product_cat","embeddable":true,"href":"https:\/\/pizbube.ch\/en\/wp-json\/wp\/v2\/product_cat?post=154764"},{"taxonomy":"product_tag","embeddable":true,"href":"https:\/\/pizbube.ch\/en\/wp-json\/wp\/v2\/product_tag?post=154764"}],"curies":[{"name":"wp","href":"https:\/\/api.w.org\/{rel}","templated":true}]}}