{"id":154765,"date":"2021-01-15T14:46:20","date_gmt":"2021-01-15T14:46:20","guid":{"rendered":"https:\/\/codengine3.ch\/?product=import-placeholder-for-206148"},"modified":"2021-05-21T15:27:32","modified_gmt":"2021-05-21T13:27:32","slug":"altitudes-2","status":"publish","type":"product","link":"https:\/\/pizbube.ch\/en\/shop\/altitudes-2\/","title":{"rendered":"Altitudes 2"},"content":{"rendered":"<p>Portfolio G. Rowell, dossier Patagonie<\/p>\n<p>Altitudes propose au lecteur un contenu de grande qualit\u00e9 litt\u00e9raire, une<br \/>\nvraie richesse iconographique et une qualit\u00e9 de r\u00e9alisation.<\/p>","protected":false},"excerpt":{"rendered":"<p>Portfolio G. Rowell, dossier Patagonie Altitudes propose au lecteur un contenu de grande qualit\u00e9 litt\u00e9raire, une vraie richesse iconographique et une qualit\u00e9 de r\u00e9alisation.<\/p>","protected":false},"featured_media":35085,"template":"","meta":[],"product_brand":[],"product_cat":[21541],"product_tag":[],"class_list":{"0":"post-154765","1":"product","2":"type-product","3":"status-publish","4":"has-post-thumbnail","6":"product_cat-zeitschriften","7":"pa_autor-odier","8":"pa_erscheinungsjahr-22292","9":"pa_region-frankreich","10":"pa_sprache-fr","12":"first","13":"outofstock","14":"taxable","15":"shipping-taxable","16":"purchasable","17":"product-type-simple"},"_links":{"self":[{"href":"https:\/\/pizbube.ch\/en\/wp-json\/wp\/v2\/product\/154765","targetHints":{"allow":["GET"]}}],"collection":[{"href":"https:\/\/pizbube.ch\/en\/wp-json\/wp\/v2\/product"}],"about":[{"href":"https:\/\/pizbube.ch\/en\/wp-json\/wp\/v2\/types\/product"}],"wp:featuredmedia":[{"embeddable":true,"href":"https:\/\/pizbube.ch\/en\/wp-json\/wp\/v2\/media\/35085"}],"wp:attachment":[{"href":"https:\/\/pizbube.ch\/en\/wp-json\/wp\/v2\/media?parent=154765"}],"wp:term":[{"taxonomy":"product_brand","embeddable":true,"href":"https:\/\/pizbube.ch\/en\/wp-json\/wp\/v2\/product_brand?post=154765"},{"taxonomy":"product_cat","embeddable":true,"href":"https:\/\/pizbube.ch\/en\/wp-json\/wp\/v2\/product_cat?post=154765"},{"taxonomy":"product_tag","embeddable":true,"href":"https:\/\/pizbube.ch\/en\/wp-json\/wp\/v2\/product_tag?post=154765"}],"curies":[{"name":"wp","href":"https:\/\/api.w.org\/{rel}","templated":true}]}}