{"id":154766,"date":"2021-01-15T14:46:26","date_gmt":"2021-01-15T14:46:26","guid":{"rendered":"https:\/\/codengine3.ch\/?product=import-placeholder-for-207297"},"modified":"2021-01-15T16:01:45","modified_gmt":"2021-01-15T16:01:45","slug":"eiger-biwak","status":"publish","type":"product","link":"https:\/\/pizbube.ch\/en\/shop\/eiger-biwak\/","title":{"rendered":"Eiger &#8211; Biwak"},"content":{"rendered":"<p>Freude im Herzen machen die sch\u00f6nen Comicmotive von Axel Bierwolf und sind<br \/>\ngleichzeitig ein Muss f\u00fcr den Sandsteindfan.  <\/p>\n<p>Die Szene stammt von der Geschichte &#171;Drei mal Eiger und zur\u00fcck&#187; aus dem<br \/>\n[**Buch &#171;Klettern ist S\u00e4chsy!&#187;,**]()welches im Geoquest-Verlag erschienen<br \/>\nist. Zu sehen sind Gedanke und Gef\u00fchle der Protagonisten, w\u00e4hrend einer der<br \/>\nmehreren verdammt ungem\u00fctlichen Biwakn\u00e4chte auf einem schmalen Felsband<br \/>\ninmitten der riesigen Eiger-Nordwand. Die geniale Reduzierung auf das<br \/>\nWesentliche bei gleichzeitig intensiv gelungene Vermittlung emotionaler<br \/>\nStimmungen macht dieses Comic von Axel Bierwolf zu etwas ganz Besonderem! Wer<br \/>\nGeburtstagsgr\u00fc\u00dfe oder andere Nachrichten originell und stilvoll aber mit Humor<br \/>\nversenden m\u00f6chte, liegt mit dieser Postkarte goldrichtig.<\/p>\n","protected":false},"excerpt":{"rendered":"<p>Freude im Herzen machen die sch\u00f6nen Comicmotive von Axel Bierwolf und sind gleichzeitig ein Muss f\u00fcr den Sandsteindfan. Die Szene stammt von der Geschichte &#171;Drei mal Eiger und zur\u00fcck&#187; aus dem [**Buch &#171;Klettern ist S\u00e4chsy!&#187;,**]()welches im Geoquest-Verlag erschienen ist. Zu sehen sind Gedanke und Gef\u00fchle der Protagonisten, w\u00e4hrend einer der mehreren verdammt ungem\u00fctlichen Biwakn\u00e4chte auf [&#8230;]\n","protected":false},"featured_media":37058,"template":"","meta":[],"product_brand":[],"product_cat":[21853],"product_tag":[],"class_list":{"0":"post-154766","1":"product","2":"type-product","3":"status-publish","4":"has-post-thumbnail","6":"product_cat-ansichtskarten","7":"pa_autor-bierwolf","8":"pa_erscheinungsjahr-21597","9":"pa_region-deutschland","10":"pa_sprache-de","12":"first","13":"instock","14":"taxable","15":"shipping-taxable","16":"purchasable","17":"product-type-simple"},"_links":{"self":[{"href":"https:\/\/pizbube.ch\/en\/wp-json\/wp\/v2\/product\/154766","targetHints":{"allow":["GET"]}}],"collection":[{"href":"https:\/\/pizbube.ch\/en\/wp-json\/wp\/v2\/product"}],"about":[{"href":"https:\/\/pizbube.ch\/en\/wp-json\/wp\/v2\/types\/product"}],"wp:featuredmedia":[{"embeddable":true,"href":"https:\/\/pizbube.ch\/en\/wp-json\/wp\/v2\/media\/37058"}],"wp:attachment":[{"href":"https:\/\/pizbube.ch\/en\/wp-json\/wp\/v2\/media?parent=154766"}],"wp:term":[{"taxonomy":"product_brand","embeddable":true,"href":"https:\/\/pizbube.ch\/en\/wp-json\/wp\/v2\/product_brand?post=154766"},{"taxonomy":"product_cat","embeddable":true,"href":"https:\/\/pizbube.ch\/en\/wp-json\/wp\/v2\/product_cat?post=154766"},{"taxonomy":"product_tag","embeddable":true,"href":"https:\/\/pizbube.ch\/en\/wp-json\/wp\/v2\/product_tag?post=154766"}],"curies":[{"name":"wp","href":"https:\/\/api.w.org\/{rel}","templated":true}]}}