{"id":154769,"date":"2021-01-15T14:46:43","date_gmt":"2021-01-15T14:46:43","guid":{"rendered":"https:\/\/codengine3.ch\/?product=import-placeholder-for-207005"},"modified":"2021-01-15T14:54:13","modified_gmt":"2021-01-15T14:54:13","slug":"nordalbanien-wanderkarte-150000","status":"publish","type":"product","link":"https:\/\/pizbube.ch\/en\/shop\/nordalbanien-wanderkarte-150000\/","title":{"rendered":"Nordalbanien Wanderkarte 1:50&#8217;000"},"content":{"rendered":"<p>Thethi und Kelmend  <\/p>\n<p>H\u00f6henangaben in Meter, \u00c4quidistanz 20 Meter, H\u00f6henlinien, Gitternetz.  <\/p>","protected":false},"excerpt":{"rendered":"<p>Thethi und Kelmend H\u00f6henangaben in Meter, \u00c4quidistanz 20 Meter, H\u00f6henlinien, Gitternetz.<\/p>","protected":false},"featured_media":36580,"template":"","meta":[],"product_brand":[],"product_cat":[21543],"product_tag":[],"class_list":{"0":"post-154769","1":"product","2":"type-product","3":"status-publish","4":"has-post-thumbnail","6":"product_cat-landkarten","7":"pa_autor-huber","8":"pa_erscheinungsjahr-21693","9":"pa_region-osteuropa","10":"pa_sprache-d","11":"pa_sprache-e","13":"first","14":"outofstock","15":"taxable","16":"shipping-taxable","17":"purchasable","18":"product-type-simple"},"_links":{"self":[{"href":"https:\/\/pizbube.ch\/en\/wp-json\/wp\/v2\/product\/154769","targetHints":{"allow":["GET"]}}],"collection":[{"href":"https:\/\/pizbube.ch\/en\/wp-json\/wp\/v2\/product"}],"about":[{"href":"https:\/\/pizbube.ch\/en\/wp-json\/wp\/v2\/types\/product"}],"wp:featuredmedia":[{"embeddable":true,"href":"https:\/\/pizbube.ch\/en\/wp-json\/wp\/v2\/media\/36580"}],"wp:attachment":[{"href":"https:\/\/pizbube.ch\/en\/wp-json\/wp\/v2\/media?parent=154769"}],"wp:term":[{"taxonomy":"product_brand","embeddable":true,"href":"https:\/\/pizbube.ch\/en\/wp-json\/wp\/v2\/product_brand?post=154769"},{"taxonomy":"product_cat","embeddable":true,"href":"https:\/\/pizbube.ch\/en\/wp-json\/wp\/v2\/product_cat?post=154769"},{"taxonomy":"product_tag","embeddable":true,"href":"https:\/\/pizbube.ch\/en\/wp-json\/wp\/v2\/product_tag?post=154769"}],"curies":[{"name":"wp","href":"https:\/\/api.w.org\/{rel}","templated":true}]}}