{"id":154770,"date":"2021-01-15T14:46:49","date_gmt":"2021-01-15T14:46:49","guid":{"rendered":"https:\/\/codengine3.ch\/?product=import-placeholder-for-207282"},"modified":"2021-01-15T16:01:35","modified_gmt":"2021-01-15T16:01:35","slug":"die-lebende-knotenschlinge","status":"publish","type":"product","link":"https:\/\/pizbube.ch\/en\/shop\/die-lebende-knotenschlinge\/","title":{"rendered":"Die lebende Knotenschlinge"},"content":{"rendered":"<p>Freude im Herzen machen die sch\u00f6nen Comicmotive von Axel Bierwolf und sind<br \/>\ngleichzeitig ein Muss f\u00fcr den Sandsteindfan.  <\/p>\n<p>Die Szene stammt von der Geschichte &#171;Die lebende Knotenschlinge&#187; aus dem<br \/>\n**[Buch &#171;Die spinnen, die Sachsen&#187;.]()**<br \/>\nZu sehen ist die ber\u00fchmte Kopf-verklemmt-Szene, kurz nachdem dem Protagonisten<br \/>\ndie F\u00fc\u00dfe aus dem Riss gerutscht sind. Die geniale Reduzierung auf das<br \/>\nWesentliche bei gleichzeitig skurriler Darstellung eines unglaublichen<br \/>\nSachverhalts macht dieses Comic von Axel Bierwolf zu etwas ganz Besonderem!<br \/>\nWer Geburtstagsgr\u00fc\u00dfe oder andere Nachrichten originell und stilvoll aber mit<br \/>\nHumor versenden m\u00f6chte, liegt mit dieser Postkarte goldrichtig.<\/p>\n","protected":false},"excerpt":{"rendered":"<p>Freude im Herzen machen die sch\u00f6nen Comicmotive von Axel Bierwolf und sind gleichzeitig ein Muss f\u00fcr den Sandsteindfan. Die Szene stammt von der Geschichte &#171;Die lebende Knotenschlinge&#187; aus dem **[Buch &#171;Die spinnen, die Sachsen&#187;.]()** Zu sehen ist die ber\u00fchmte Kopf-verklemmt-Szene, kurz nachdem dem Protagonisten die F\u00fc\u00dfe aus dem Riss gerutscht sind. Die geniale Reduzierung auf [&#8230;]\n","protected":false},"featured_media":37043,"template":"","meta":[],"product_brand":[],"product_cat":[21853],"product_tag":[],"class_list":{"0":"post-154770","1":"product","2":"type-product","3":"status-publish","4":"has-post-thumbnail","6":"product_cat-ansichtskarten","7":"pa_autor-bierwolf","8":"pa_erscheinungsjahr-21597","9":"pa_region-deutschland","10":"pa_sprache-de","12":"first","13":"instock","14":"taxable","15":"shipping-taxable","16":"purchasable","17":"product-type-simple"},"_links":{"self":[{"href":"https:\/\/pizbube.ch\/en\/wp-json\/wp\/v2\/product\/154770","targetHints":{"allow":["GET"]}}],"collection":[{"href":"https:\/\/pizbube.ch\/en\/wp-json\/wp\/v2\/product"}],"about":[{"href":"https:\/\/pizbube.ch\/en\/wp-json\/wp\/v2\/types\/product"}],"wp:featuredmedia":[{"embeddable":true,"href":"https:\/\/pizbube.ch\/en\/wp-json\/wp\/v2\/media\/37043"}],"wp:attachment":[{"href":"https:\/\/pizbube.ch\/en\/wp-json\/wp\/v2\/media?parent=154770"}],"wp:term":[{"taxonomy":"product_brand","embeddable":true,"href":"https:\/\/pizbube.ch\/en\/wp-json\/wp\/v2\/product_brand?post=154770"},{"taxonomy":"product_cat","embeddable":true,"href":"https:\/\/pizbube.ch\/en\/wp-json\/wp\/v2\/product_cat?post=154770"},{"taxonomy":"product_tag","embeddable":true,"href":"https:\/\/pizbube.ch\/en\/wp-json\/wp\/v2\/product_tag?post=154770"}],"curies":[{"name":"wp","href":"https:\/\/api.w.org\/{rel}","templated":true}]}}