{"id":154771,"date":"2021-01-15T14:46:50","date_gmt":"2021-01-15T14:46:50","guid":{"rendered":"https:\/\/codengine3.ch\/?product=import-placeholder-for-208275"},"modified":"2021-11-12T12:02:45","modified_gmt":"2021-11-12T11:02:45","slug":"daone-boulder","status":"publish","type":"product","link":"https:\/\/pizbube.ch\/en\/shop\/daone-boulder\/","title":{"rendered":"Daone Boulder"},"content":{"rendered":"<p>Dies ist die zweite Ausgabe des Boulderf\u00fchrers,der schon mit der ersten<br \/>\nAusgabe zum Erfolg des Val Daone als international bekanntem Boulderziel<br \/>\nbeigetragen hat. Durch die Erschlie\u00dfungen der vergangenen Jahre hat sich die<br \/>\nZahl der beschriebenen Probleme nunmehr deutlich erh\u00f6ht.<\/p>\n<p>Wie immer werden die neuen Linien und Gebiete genauestens beschrieben und auch das Potenzial f\u00fcr<br \/>\nneue Sektoren und Boulder herausgestellt.<\/p>\n<p>Die wichtigste Neuerung sind QR-Codes: Mit diesen und einer Gratis-App k\u00f6nnen<br \/>\nviele Boulderprobleme aus dem ganzen Gebiet auf dem Smartphone angesehen<br \/>\nwerden.<\/p>\n<p><strong>SONDERPREIS AUFLAGE 2015: CHF 23.00 STATT 45.00<\/strong><\/p>","protected":false},"excerpt":{"rendered":"<p>Dies ist die zweite Ausgabe des Boulderf\u00fchrers,der schon mit der ersten Ausgabe zum Erfolg des Val Daone als international bekanntem Boulderziel beigetragen hat. Durch die Erschlie\u00dfungen der vergangenen Jahre hat sich die Zahl der beschriebenen Probleme nunmehr deutlich erh\u00f6ht. Wie immer werden die neuen Linien und Gebiete genauestens beschrieben und auch das Potenzial f\u00fcr neue [&#8230;]\n","protected":false},"featured_media":39846,"template":"","meta":[],"product_brand":[],"product_cat":[21539],"product_tag":[],"class_list":{"0":"post-154771","1":"product","2":"type-product","3":"status-publish","4":"has-post-thumbnail","6":"product_cat-fuehrerliteratur-sportklettern-bouldern","7":"pa_autor-montanari","8":"pa_erscheinungsjahr-21597","9":"pa_region-italien","10":"pa_sprache-de-it-en-2","12":"first","13":"instock","14":"sale","15":"taxable","16":"shipping-taxable","17":"purchasable","18":"product-type-simple"},"_links":{"self":[{"href":"https:\/\/pizbube.ch\/en\/wp-json\/wp\/v2\/product\/154771","targetHints":{"allow":["GET"]}}],"collection":[{"href":"https:\/\/pizbube.ch\/en\/wp-json\/wp\/v2\/product"}],"about":[{"href":"https:\/\/pizbube.ch\/en\/wp-json\/wp\/v2\/types\/product"}],"wp:featuredmedia":[{"embeddable":true,"href":"https:\/\/pizbube.ch\/en\/wp-json\/wp\/v2\/media\/39846"}],"wp:attachment":[{"href":"https:\/\/pizbube.ch\/en\/wp-json\/wp\/v2\/media?parent=154771"}],"wp:term":[{"taxonomy":"product_brand","embeddable":true,"href":"https:\/\/pizbube.ch\/en\/wp-json\/wp\/v2\/product_brand?post=154771"},{"taxonomy":"product_cat","embeddable":true,"href":"https:\/\/pizbube.ch\/en\/wp-json\/wp\/v2\/product_cat?post=154771"},{"taxonomy":"product_tag","embeddable":true,"href":"https:\/\/pizbube.ch\/en\/wp-json\/wp\/v2\/product_tag?post=154771"}],"curies":[{"name":"wp","href":"https:\/\/api.w.org\/{rel}","templated":true}]}}