{"id":154775,"date":"2021-01-15T14:47:45","date_gmt":"2021-01-15T14:47:45","guid":{"rendered":"https:\/\/codengine3.ch\/?product=import-placeholder-for-207815"},"modified":"2021-01-15T16:58:54","modified_gmt":"2021-01-15T16:58:54","slug":"ueber-allem-der-berg","status":"publish","type":"product","link":"https:\/\/pizbube.ch\/en\/shop\/ueber-allem-der-berg\/","title":{"rendered":"\u00dcber allem der Berg"},"content":{"rendered":"<p>\nEin Leben f\u00fcr die Berge.  <\/p>\n<p>Helma Schimke, Alpinistin, Architektin und Mutter dreier Kinder, erz\u00e4hlt in<br \/>\n\u00bb\u00dcber allem der Berg\u00ab von aufsehenerregenden Touren und spannenden Anekdoten<br \/>\nihrer Erlebnisse am Berg aus den Pioniertagen des Alpinismus. Im Zentrum<br \/>\ndieses spannenden Buches aber steht eine private Trag\u00f6die, die zugleich<br \/>\nAlpingeschichte schreiben sollte: der Bergtod ihres Mannes Konrad Schimke in<br \/>\nder Watzmann-Ostwand.  <\/p>\n<p>Jener Unfall im M\u00e4rz 1961 hat ihr Leben gepr\u00e4gt und zu heftigen Diskussionen<br \/>\nund sogar Anfeindungen gef\u00fchrt: Denn Helma Schimke lie\u00df sich auch als Witwe<br \/>\nund alleinerziehende Mutter das Bergsteigen nicht nehmen. Warum die Berge auch<br \/>\nin den folgenden Jahren wesentlicher Teil ihres Lebens blieben, und wie sie<br \/>\nden Verlust der Liebe ihres Lebens verarbeitet hat, erz\u00e4hlt Helma Schimke in<br \/>\naufrichtiger, pers\u00f6nlicher und stilistisch einzigartiger Weise in diesem Buch.<br \/>\nVor allem ihre lebensbejahende Pers\u00f6nlichkeit und die F\u00e4higkeit, in allem das<br \/>\nSch\u00f6ne zu sehen, machen die Lekt\u00fcre zu einem beeindruckenden und ber\u00fchrenden<br \/>\nErlebnis.  <\/p>\n<p>Am 7. April 2018 ist mit Helma Schimke, eine der bedeutendsten Pionierinnen<br \/>\ndes \u00f6sterreichischen Frauenalpinismus, im Alter von 92 Jahren nach kurzer<br \/>\nschwerer Krankheit verstorben. Jetzt liegt \u00bb\u00dcber allem der Berg\u00ab aus dem Jahr<br \/>\n1964 in einer Neuauflage vor. Das Vor- und Nachwort wurde von Helmas<br \/>\nlangj\u00e4hriger Wegbegleiterin, der Filmautorin Annette M\u00e4ser gestaltet.  <\/p>\n<p>Helma Schimke, geboren 1928 in Seekirchen\/Salzburg, studierte in Wien bei<br \/>\nClemens Holzmeister Architektur. Seit den 1950er-Jahren gelangen ihr mit ihren<br \/>\nKletterpartnern \u2013 u. a. Hermann Buhl und Sepp Forcher \u2013 zahlreiche schwere<br \/>\nBergtouren bis zum VI. Grad. Sie z\u00e4hlte zu den weltweit besten<br \/>\nBergsteigerinnen und ver\u00f6ffentlichte mehrere B\u00fccher.  <\/p>","protected":false},"excerpt":{"rendered":"<p>Ein Leben f\u00fcr die Berge. Helma Schimke, Alpinistin, Architektin und Mutter dreier Kinder, erz\u00e4hlt in \u00bb\u00dcber allem der Berg\u00ab von aufsehenerregenden Touren und spannenden Anekdoten ihrer Erlebnisse am Berg aus den Pioniertagen des Alpinismus. Im Zentrum dieses spannenden Buches aber steht eine private Trag\u00f6die, die zugleich Alpingeschichte schreiben sollte: der Bergtod ihres Mannes Konrad Schimke [&#8230;]\n","protected":false},"featured_media":38515,"template":"","meta":[],"product_brand":[],"product_cat":[21542],"product_tag":[],"class_list":{"0":"post-154775","1":"product","2":"type-product","3":"status-publish","4":"has-post-thumbnail","6":"product_cat-sachbuecher-dokumentationen","7":"pa_autor-schimke","8":"pa_erscheinungsjahr-21586","9":"pa_region-oesterreich","10":"pa_sprache-de","12":"first","13":"instock","14":"taxable","15":"shipping-taxable","16":"purchasable","17":"product-type-simple"},"_links":{"self":[{"href":"https:\/\/pizbube.ch\/en\/wp-json\/wp\/v2\/product\/154775","targetHints":{"allow":["GET"]}}],"collection":[{"href":"https:\/\/pizbube.ch\/en\/wp-json\/wp\/v2\/product"}],"about":[{"href":"https:\/\/pizbube.ch\/en\/wp-json\/wp\/v2\/types\/product"}],"wp:featuredmedia":[{"embeddable":true,"href":"https:\/\/pizbube.ch\/en\/wp-json\/wp\/v2\/media\/38515"}],"wp:attachment":[{"href":"https:\/\/pizbube.ch\/en\/wp-json\/wp\/v2\/media?parent=154775"}],"wp:term":[{"taxonomy":"product_brand","embeddable":true,"href":"https:\/\/pizbube.ch\/en\/wp-json\/wp\/v2\/product_brand?post=154775"},{"taxonomy":"product_cat","embeddable":true,"href":"https:\/\/pizbube.ch\/en\/wp-json\/wp\/v2\/product_cat?post=154775"},{"taxonomy":"product_tag","embeddable":true,"href":"https:\/\/pizbube.ch\/en\/wp-json\/wp\/v2\/product_tag?post=154775"}],"curies":[{"name":"wp","href":"https:\/\/api.w.org\/{rel}","templated":true}]}}