{"id":154778,"date":"2021-01-15T14:47:59","date_gmt":"2021-01-15T14:47:59","guid":{"rendered":"https:\/\/codengine3.ch\/?product=import-placeholder-for-208211"},"modified":"2021-01-15T17:51:27","modified_gmt":"2021-01-15T17:51:27","slug":"freeride-map-serre-chevalier125000","status":"publish","type":"product","link":"https:\/\/pizbube.ch\/en\/shop\/freeride-map-serre-chevalier125000\/","title":{"rendered":"FREERIDE MAP Serre Chevalier1:25`000"},"content":{"rendered":"<p>freeride maps die karten f\u00fcr die besten freeride-spots!<\/p>\n<p>SERRE CHEVALIER<\/p>\n<p>Die Freeride Map basiert auf der IGN Landeskarte im Massstab 1:25`000 und<br \/>\nbietet alle n\u00f6tigen Gel\u00e4ndeinformationen, die f\u00fcr die Planung und Umsetzung<br \/>\nvon Freeride-Touren erforderlich sind. Die Freeride Map ist auf wasser- und<br \/>\nreissfester Folie gedruckt und dadurch praktisch unzerst\u00f6rbar.<\/p>\n<p>Die farblich gekennzeichneten Freeride-Korridore zeigen die Bereiche, welche<br \/>\nbefahren werden k\u00f6nnen. Sie sind in drei Schwierigkeitsstufen dargestellt.<\/p>\n<p>insiderwissen &#8211; alle rides auf einer karte<br \/>\ndetailliert &#8211; massstab 1:25 000 liefert alle infos<br \/>\n\u00fcbersichtlich &#8211; drei schwierigkeitsgrade in drei farben<br \/>\nunzerst\u00f6rbar &#8211; gedruckt auf reiss- und wasserfestes papier<br \/>\nkomplett &#8211; basiswissen routenplanung, lawinenpr\u00e4vention und rettung auf der<br \/>\nr\u00fcckseite<\/p>\n<p>kompakt: Format 10&#215;15 cm passt in jede jacken-\/ hosentasche<br \/>\ninternational: alle karten sind zweisprachig deutsch\/englisch oder<br \/>\ndeutsch\/franz\u00f6sisch<\/p>","protected":false},"excerpt":{"rendered":"<p>freeride maps die karten f\u00fcr die besten freeride-spots! SERRE CHEVALIER Die Freeride Map basiert auf der IGN Landeskarte im Massstab 1:25`000 und bietet alle n\u00f6tigen Gel\u00e4ndeinformationen, die f\u00fcr die Planung und Umsetzung von Freeride-Touren erforderlich sind. Die Freeride Map ist auf wasser- und reissfester Folie gedruckt und dadurch praktisch unzerst\u00f6rbar. Die farblich gekennzeichneten Freeride-Korridore zeigen [&#8230;]\n","protected":false},"featured_media":39652,"template":"","meta":[],"product_brand":[],"product_cat":[21543],"product_tag":[],"class_list":{"0":"post-154778","1":"product","2":"type-product","3":"status-publish","4":"has-post-thumbnail","6":"product_cat-landkarten","7":"pa_autor-frm","8":"pa_erscheinungsjahr-21568","9":"pa_region-frankreich","10":"pa_sprache-fr-en-2","12":"first","13":"instock","14":"taxable","15":"shipping-taxable","16":"purchasable","17":"product-type-simple"},"_links":{"self":[{"href":"https:\/\/pizbube.ch\/en\/wp-json\/wp\/v2\/product\/154778","targetHints":{"allow":["GET"]}}],"collection":[{"href":"https:\/\/pizbube.ch\/en\/wp-json\/wp\/v2\/product"}],"about":[{"href":"https:\/\/pizbube.ch\/en\/wp-json\/wp\/v2\/types\/product"}],"wp:featuredmedia":[{"embeddable":true,"href":"https:\/\/pizbube.ch\/en\/wp-json\/wp\/v2\/media\/39652"}],"wp:attachment":[{"href":"https:\/\/pizbube.ch\/en\/wp-json\/wp\/v2\/media?parent=154778"}],"wp:term":[{"taxonomy":"product_brand","embeddable":true,"href":"https:\/\/pizbube.ch\/en\/wp-json\/wp\/v2\/product_brand?post=154778"},{"taxonomy":"product_cat","embeddable":true,"href":"https:\/\/pizbube.ch\/en\/wp-json\/wp\/v2\/product_cat?post=154778"},{"taxonomy":"product_tag","embeddable":true,"href":"https:\/\/pizbube.ch\/en\/wp-json\/wp\/v2\/product_tag?post=154778"}],"curies":[{"name":"wp","href":"https:\/\/api.w.org\/{rel}","templated":true}]}}