{"id":154783,"date":"2021-01-15T14:48:44","date_gmt":"2021-01-15T14:48:44","guid":{"rendered":"https:\/\/codengine3.ch\/?product=import-placeholder-for-206589"},"modified":"2021-01-15T14:50:04","modified_gmt":"2021-01-15T14:50:04","slug":"volcan-villarrica-y-volcan-quetrupillan-1100000","status":"publish","type":"product","link":"https:\/\/pizbube.ch\/en\/shop\/volcan-villarrica-y-volcan-quetrupillan-1100000\/","title":{"rendered":"Volc\u00e1n Villarrica y Volc\u00e1n Quetrupill\u00e1n 1:100&#8217;000"},"content":{"rendered":"<p>mountain map<br \/>\nKarte der beiden Vulkane, einige Wege und Anstiege eingezeichnet.  <\/p>\n<p>Besteigung der Vulkane Villarrica und Quetrupill\u00e1n. Trekking in der Region.<\/p>","protected":false},"excerpt":{"rendered":"<p>mountain map Karte der beiden Vulkane, einige Wege und Anstiege eingezeichnet. Besteigung der Vulkane Villarrica und Quetrupill\u00e1n. Trekking in der Region.<\/p>","protected":false},"featured_media":35670,"template":"","meta":[],"product_brand":[],"product_cat":[21543],"product_tag":[],"class_list":{"0":"post-154783","1":"product","2":"type-product","3":"status-publish","4":"has-post-thumbnail","6":"product_cat-landkarten","7":"pa_autor-aoneker","8":"pa_erscheinungsjahr-21763","9":"pa_region-amerika-sued","10":"pa_sprache-sp","12":"first","13":"instock","14":"taxable","15":"shipping-taxable","16":"purchasable","17":"product-type-simple"},"_links":{"self":[{"href":"https:\/\/pizbube.ch\/en\/wp-json\/wp\/v2\/product\/154783","targetHints":{"allow":["GET"]}}],"collection":[{"href":"https:\/\/pizbube.ch\/en\/wp-json\/wp\/v2\/product"}],"about":[{"href":"https:\/\/pizbube.ch\/en\/wp-json\/wp\/v2\/types\/product"}],"wp:featuredmedia":[{"embeddable":true,"href":"https:\/\/pizbube.ch\/en\/wp-json\/wp\/v2\/media\/35670"}],"wp:attachment":[{"href":"https:\/\/pizbube.ch\/en\/wp-json\/wp\/v2\/media?parent=154783"}],"wp:term":[{"taxonomy":"product_brand","embeddable":true,"href":"https:\/\/pizbube.ch\/en\/wp-json\/wp\/v2\/product_brand?post=154783"},{"taxonomy":"product_cat","embeddable":true,"href":"https:\/\/pizbube.ch\/en\/wp-json\/wp\/v2\/product_cat?post=154783"},{"taxonomy":"product_tag","embeddable":true,"href":"https:\/\/pizbube.ch\/en\/wp-json\/wp\/v2\/product_tag?post=154783"}],"curies":[{"name":"wp","href":"https:\/\/api.w.org\/{rel}","templated":true}]}}