{"id":154784,"date":"2021-01-15T14:48:45","date_gmt":"2021-01-15T14:48:45","guid":{"rendered":"https:\/\/codengine3.ch\/?product=import-placeholder-for-206422"},"modified":"2021-01-15T14:48:48","modified_gmt":"2021-01-15T14:48:48","slug":"cabo-froward-1100000","status":"publish","type":"product","link":"https:\/\/pizbube.ch\/en\/shop\/cabo-froward-1100000\/","title":{"rendered":"Cabo Froward 1:100&#8217;000"},"content":{"rendered":"<p>Wanderkarte, Patagonien, 1:100.000  <\/p>\n<p>1. Auflage, November 2009: Die erste detaillierte Karte der S\u00fcdspitze des<br \/>\namerikanischen Kontinents: der Halbinsel Brunswick mit dem Kap Froward. Eine<br \/>\ndreit\u00e4gige Wildniswanderung f\u00fchrt entlang der Magellanstra\u00dfe zum sturmumtosten<br \/>\nKap Froward, vorbei an geschichtstr\u00e4chtigen Orten und durch raue,<br \/>\nunerschlossene Landschaften. Die Wanderung wird auf der R\u00fcckseite detailgenau<br \/>\nbeschrieben (Englisch und Spanisch). Mit Fotos, Tierzeichnungen, einer Liste<br \/>\ntouristischer Dienstleister sowie einem Stadtplan von Punta Arenas.  <\/p>","protected":false},"excerpt":{"rendered":"<p>Wanderkarte, Patagonien, 1:100.000 1. Auflage, November 2009: Die erste detaillierte Karte der S\u00fcdspitze des amerikanischen Kontinents: der Halbinsel Brunswick mit dem Kap Froward. Eine dreit\u00e4gige Wildniswanderung f\u00fchrt entlang der Magellanstra\u00dfe zum sturmumtosten Kap Froward, vorbei an geschichtstr\u00e4chtigen Orten und durch raue, unerschlossene Landschaften. Die Wanderung wird auf der R\u00fcckseite detailgenau beschrieben (Englisch und Spanisch). Mit [&#8230;]\n","protected":false},"featured_media":35456,"template":"","meta":[],"product_brand":[],"product_cat":[21543],"product_tag":[],"class_list":{"0":"post-154784","1":"product","2":"type-product","3":"status-publish","4":"has-post-thumbnail","6":"product_cat-landkarten","7":"pa_autor-trekkingchile","8":"pa_erscheinungsjahr-21693","9":"pa_region-amerika-sued","10":"pa_sprache-e","11":"pa_sprache-sp","13":"first","14":"instock","15":"taxable","16":"shipping-taxable","17":"purchasable","18":"product-type-simple"},"_links":{"self":[{"href":"https:\/\/pizbube.ch\/en\/wp-json\/wp\/v2\/product\/154784","targetHints":{"allow":["GET"]}}],"collection":[{"href":"https:\/\/pizbube.ch\/en\/wp-json\/wp\/v2\/product"}],"about":[{"href":"https:\/\/pizbube.ch\/en\/wp-json\/wp\/v2\/types\/product"}],"wp:featuredmedia":[{"embeddable":true,"href":"https:\/\/pizbube.ch\/en\/wp-json\/wp\/v2\/media\/35456"}],"wp:attachment":[{"href":"https:\/\/pizbube.ch\/en\/wp-json\/wp\/v2\/media?parent=154784"}],"wp:term":[{"taxonomy":"product_brand","embeddable":true,"href":"https:\/\/pizbube.ch\/en\/wp-json\/wp\/v2\/product_brand?post=154784"},{"taxonomy":"product_cat","embeddable":true,"href":"https:\/\/pizbube.ch\/en\/wp-json\/wp\/v2\/product_cat?post=154784"},{"taxonomy":"product_tag","embeddable":true,"href":"https:\/\/pizbube.ch\/en\/wp-json\/wp\/v2\/product_tag?post=154784"}],"curies":[{"name":"wp","href":"https:\/\/api.w.org\/{rel}","templated":true}]}}