{"id":154785,"date":"2021-01-15T14:48:45","date_gmt":"2021-01-15T14:48:45","guid":{"rendered":"https:\/\/codengine3.ch\/?product=import-placeholder-for-206424"},"modified":"2026-01-08T11:44:04","modified_gmt":"2026-01-08T10:44:04","slug":"rapa-nui-osterinsel-150000","status":"publish","type":"product","link":"https:\/\/pizbube.ch\/en\/shop\/rapa-nui-osterinsel-150000\/","title":{"rendered":"Rapa Nui \u2013 Osterinsel 1:50&#8217;000"},"content":{"rendered":"<p>Reise- und Wanderkarte, Ma\u00dfstab 1:50.000<\/p>\n<p>Die erste touristische Karte der Osterinsel mit allen Wander- und<br \/>\nFahrradwegen, vor Ort erfasst mit Hilfe von GPS. Zeigt alle touristischen<br \/>\nSehensw\u00fcrdigkeiten, Wege und Stra\u00dfen mit Kilometerangaben; enth\u00e4lt Fotos und<br \/>\nZeichnungen der endemischen Tierwelt der Insel.<br \/>\nAuf der R\u00fcckseite: Detaillierter Ortsplan von Hanga Roa, mit Unterk\u00fcnften,<br \/>\nRestaurants und anderen Dienstleistern. Ein Schaubild zeigt, wie die Moai-<br \/>\nSteinfiguren hergestellt, transportiert und aufgestellt wurden.<\/p>","protected":false},"excerpt":{"rendered":"<p>Reise- und Wanderkarte, Ma\u00dfstab 1:50.000 Die erste touristische Karte der Osterinsel mit allen Wander- und Fahrradwegen, vor Ort erfasst mit Hilfe von GPS. Zeigt alle touristischen Sehensw\u00fcrdigkeiten, Wege und Stra\u00dfen mit Kilometerangaben; enth\u00e4lt Fotos und Zeichnungen der endemischen Tierwelt der Insel. Auf der R\u00fcckseite: Detaillierter Ortsplan von Hanga Roa, mit Unterk\u00fcnften, Restaurants und anderen Dienstleistern. [&#8230;]\n","protected":false},"featured_media":35460,"template":"","meta":[],"product_brand":[],"product_cat":[21543],"product_tag":[],"class_list":{"0":"post-154785","1":"product","2":"type-product","3":"status-publish","4":"has-post-thumbnail","6":"product_cat-landkarten","7":"pa_autor-trekkingchile","8":"pa_erscheinungsjahr-21693","9":"pa_region-amerika-sued","10":"pa_sprache-d","11":"pa_sprache-e","12":"pa_sprache-sp","14":"first","15":"onbackorder","16":"taxable","17":"shipping-taxable","18":"purchasable","19":"product-type-simple"},"_links":{"self":[{"href":"https:\/\/pizbube.ch\/en\/wp-json\/wp\/v2\/product\/154785","targetHints":{"allow":["GET"]}}],"collection":[{"href":"https:\/\/pizbube.ch\/en\/wp-json\/wp\/v2\/product"}],"about":[{"href":"https:\/\/pizbube.ch\/en\/wp-json\/wp\/v2\/types\/product"}],"wp:featuredmedia":[{"embeddable":true,"href":"https:\/\/pizbube.ch\/en\/wp-json\/wp\/v2\/media\/35460"}],"wp:attachment":[{"href":"https:\/\/pizbube.ch\/en\/wp-json\/wp\/v2\/media?parent=154785"}],"wp:term":[{"taxonomy":"product_brand","embeddable":true,"href":"https:\/\/pizbube.ch\/en\/wp-json\/wp\/v2\/product_brand?post=154785"},{"taxonomy":"product_cat","embeddable":true,"href":"https:\/\/pizbube.ch\/en\/wp-json\/wp\/v2\/product_cat?post=154785"},{"taxonomy":"product_tag","embeddable":true,"href":"https:\/\/pizbube.ch\/en\/wp-json\/wp\/v2\/product_tag?post=154785"}],"curies":[{"name":"wp","href":"https:\/\/api.w.org\/{rel}","templated":true}]}}