{"id":154786,"date":"2021-01-15T14:48:50","date_gmt":"2021-01-15T14:48:50","guid":{"rendered":"https:\/\/codengine3.ch\/?product=import-placeholder-for-206592"},"modified":"2021-01-15T14:50:07","modified_gmt":"2021-01-15T14:50:07","slug":"cruce-a-chile-por-los-lagos-1125000","status":"publish","type":"product","link":"https:\/\/pizbube.ch\/en\/shop\/cruce-a-chile-por-los-lagos-1125000\/","title":{"rendered":"Cruce a Chile por los Lagos 1:125&#8217;000"},"content":{"rendered":"<p>Mapa Topografico<br \/>\nRegion zwischen Volc\u00e1n Osorno und Monte Tronador. Zeigt auch einen kleinen<br \/>\nTeil des Cocham\u00f3 Klettergebiets. Aufstiege zum Vn. Osorno und Tronador<br \/>\neingezeichnet, ebenso einige Trekkingwege um Vn. Osorno and Tronador.<br \/>\nGute Karte in passendem Ma\u00dfstab. \u00dcbersicht \u00fcber den Anstieg zum Vn. Osorno und<br \/>\nMt. Tronador  <\/p>","protected":false},"excerpt":{"rendered":"<p>Mapa Topografico Region zwischen Volc\u00e1n Osorno und Monte Tronador. Zeigt auch einen kleinen Teil des Cocham\u00f3 Klettergebiets. Aufstiege zum Vn. Osorno und Tronador eingezeichnet, ebenso einige Trekkingwege um Vn. Osorno and Tronador. Gute Karte in passendem Ma\u00dfstab. \u00dcbersicht \u00fcber den Anstieg zum Vn. Osorno und Mt. Tronador<\/p>","protected":false},"featured_media":35676,"template":"","meta":[],"product_brand":[],"product_cat":[21543],"product_tag":[],"class_list":{"0":"post-154786","1":"product","2":"type-product","3":"status-publish","4":"has-post-thumbnail","6":"product_cat-landkarten","7":"pa_autor-aoneker","8":"pa_erscheinungsjahr-21591","9":"pa_region-amerika-sued","10":"pa_sprache-sp","12":"first","13":"outofstock","14":"taxable","15":"shipping-taxable","16":"purchasable","17":"product-type-simple"},"_links":{"self":[{"href":"https:\/\/pizbube.ch\/en\/wp-json\/wp\/v2\/product\/154786","targetHints":{"allow":["GET"]}}],"collection":[{"href":"https:\/\/pizbube.ch\/en\/wp-json\/wp\/v2\/product"}],"about":[{"href":"https:\/\/pizbube.ch\/en\/wp-json\/wp\/v2\/types\/product"}],"wp:featuredmedia":[{"embeddable":true,"href":"https:\/\/pizbube.ch\/en\/wp-json\/wp\/v2\/media\/35676"}],"wp:attachment":[{"href":"https:\/\/pizbube.ch\/en\/wp-json\/wp\/v2\/media?parent=154786"}],"wp:term":[{"taxonomy":"product_brand","embeddable":true,"href":"https:\/\/pizbube.ch\/en\/wp-json\/wp\/v2\/product_brand?post=154786"},{"taxonomy":"product_cat","embeddable":true,"href":"https:\/\/pizbube.ch\/en\/wp-json\/wp\/v2\/product_cat?post=154786"},{"taxonomy":"product_tag","embeddable":true,"href":"https:\/\/pizbube.ch\/en\/wp-json\/wp\/v2\/product_tag?post=154786"}],"curies":[{"name":"wp","href":"https:\/\/api.w.org\/{rel}","templated":true}]}}