{"id":154788,"date":"2021-01-15T14:49:05","date_gmt":"2021-01-15T14:49:05","guid":{"rendered":"https:\/\/codengine3.ch\/?product=import-placeholder-for-206897"},"modified":"2021-01-15T14:53:08","modified_gmt":"2021-01-15T14:53:08","slug":"proviantsaeckli-znuenisack","status":"publish","type":"product","link":"https:\/\/pizbube.ch\/en\/shop\/proviantsaeckli-znuenisack\/","title":{"rendered":"Proviants\u00e4ckli \/ Zn\u00fcnisack"},"content":{"rendered":"<p>Dieser Leinensack eignet sich zur Aufbewahrung von Brot \u2013 oder als guter<br \/>\nBegleiter f\u00fcr unterwegs:<br \/>\nf\u00fcr den Lunch ins B\u00fcro oder den Zvieri f\u00fcr die n\u00e4chste Wanderung oder<br \/>\nBergtour&#8230;  <\/p>\n<p>Der Stoffsack &#8218;ch\u00e4s und brot&#8217;ist aus gebrauchtem Tischtuch gefertigt und von<br \/>\nHand bedruckt.<br \/>\nBrot- oder Zn\u00fcnisack<br \/>\nca. 30x40cm, handbedruckt, in Kartonbox (A5) verpackt  <\/p>","protected":false},"excerpt":{"rendered":"<p>Dieser Leinensack eignet sich zur Aufbewahrung von Brot \u2013 oder als guter Begleiter f\u00fcr unterwegs: f\u00fcr den Lunch ins B\u00fcro oder den Zvieri f\u00fcr die n\u00e4chste Wanderung oder Bergtour&#8230; Der Stoffsack &#8218;ch\u00e4s und brot&#8217;ist aus gebrauchtem Tischtuch gefertigt und von Hand bedruckt. Brot- oder Zn\u00fcnisack ca. 30x40cm, handbedruckt, in Kartonbox (A5) verpackt<\/p>","protected":false},"featured_media":36368,"template":"","meta":[],"product_brand":[],"product_cat":[21836],"product_tag":[],"class_list":{"0":"post-154788","1":"product","2":"type-product","3":"status-publish","4":"has-post-thumbnail","6":"product_cat-geschenkideen","7":"pa_autor-muentener-mijoux-ch","8":"pa_erscheinungsjahr-21610","9":"pa_region-schweiz","10":"pa_sprache-de","12":"first","13":"instock","14":"taxable","15":"shipping-taxable","16":"purchasable","17":"product-type-simple"},"_links":{"self":[{"href":"https:\/\/pizbube.ch\/en\/wp-json\/wp\/v2\/product\/154788","targetHints":{"allow":["GET"]}}],"collection":[{"href":"https:\/\/pizbube.ch\/en\/wp-json\/wp\/v2\/product"}],"about":[{"href":"https:\/\/pizbube.ch\/en\/wp-json\/wp\/v2\/types\/product"}],"wp:featuredmedia":[{"embeddable":true,"href":"https:\/\/pizbube.ch\/en\/wp-json\/wp\/v2\/media\/36368"}],"wp:attachment":[{"href":"https:\/\/pizbube.ch\/en\/wp-json\/wp\/v2\/media?parent=154788"}],"wp:term":[{"taxonomy":"product_brand","embeddable":true,"href":"https:\/\/pizbube.ch\/en\/wp-json\/wp\/v2\/product_brand?post=154788"},{"taxonomy":"product_cat","embeddable":true,"href":"https:\/\/pizbube.ch\/en\/wp-json\/wp\/v2\/product_cat?post=154788"},{"taxonomy":"product_tag","embeddable":true,"href":"https:\/\/pizbube.ch\/en\/wp-json\/wp\/v2\/product_tag?post=154788"}],"curies":[{"name":"wp","href":"https:\/\/api.w.org\/{rel}","templated":true}]}}