{"id":154798,"date":"2021-01-15T14:49:58","date_gmt":"2021-01-15T14:49:58","guid":{"rendered":"https:\/\/codengine3.ch\/?product=import-placeholder-for-208262"},"modified":"2022-12-14T10:53:54","modified_gmt":"2022-12-14T09:53:54","slug":"europa-pilgerwege-12000000","status":"publish","type":"product","link":"https:\/\/pizbube.ch\/en\/shop\/europa-pilgerwege-12000000\/","title":{"rendered":"Europa Pilgerwege 1:2`000`000"},"content":{"rendered":"<p>Europa Pilgerwege. 1:2&#8217;000&#8217;000<\/p>\n<p><span class=\"value\">Viele Pilgerwege durchziehen das Europ\u00e4ische Festland, abertausende Kilometer Wanderpfade warten auf das Pilgervolk. Die Karte der europ\u00e4ischen Pilgerwege umfasst die klassischen Jakobswegrouten zur Iberischen Halbinsel, u.a. auch den erst 2013 geplante<span class=\"text_exposed_show\">n Jakobsweg in der Slowakei. <\/span> <span class=\"text_exposed_show\">Neben den Routen nach Santiago de Compostela zeigt die \u00dcbersichtskarte das Wegenetz der \u201eSankt-Peter-Paul-Rompilger-Wegerouten\u201c an, als deren promintester Vertreter der Pilgerpfad Via Francigena gilt. <\/span> <span class=\"text_exposed_show\">Als drittes Wegenetz sind die Marienpilgerwege mit Zielrichtung der westlichen Balkanhalbinsel eingezeichnet. Neben diesen drei Netzwerken sind noch weitere interessante Wander- und Pilgerwege im Beiheift erw\u00e4hnt sowie deren Wegstrecken beschrieben.<br \/>\n<\/span><br \/>\nfreytag &amp; berndt Wanderkarten sind dank der detaillierten digitalen Kartographie und der genauen Ma\u00dfst\u00e4be ideale Begleiter beim Wandern, Bergsteigen und auf Skitouren. Sie werden regelm\u00e4\u00dfig \u00fcberarbeitet und enthalten aktualisierte Informationen zu Wanderwegen, Rad- und Mountainbikestrecken, H\u00fctten, Naturdenkm\u00e4lern, kulturellen Sehensw\u00fcrdigkeiten und Freizeiteinrichtungen. Das beiliegende Informationsheft bietet Beschreibungen der Pilgerwege, sowie eine Auswahl der Top-Ten Pilgerwege weltweit. (Sprache: Deutsch) \u00dcbersichtliche Karten, Wegpunkte, Genaue Routenbeschreibung, andere traditionelle Pilgerwege, Top-Ten der Pilgerwege weltweit, doppelseitig;<\/span><\/p>","protected":false},"excerpt":{"rendered":"<p>Europa Pilgerwege. 1:2&#8217;000&#8217;000 Viele Pilgerwege durchziehen das Europ\u00e4ische Festland, abertausende Kilometer Wanderpfade warten auf das Pilgervolk. Die Karte der europ\u00e4ischen Pilgerwege umfasst die klassischen Jakobswegrouten zur Iberischen Halbinsel, u.a. auch den erst 2013 geplanten Jakobsweg in der Slowakei. Neben den Routen nach Santiago de Compostela zeigt die \u00dcbersichtskarte das Wegenetz der \u201eSankt-Peter-Paul-Rompilger-Wegerouten\u201c an, als deren [&#8230;]\n","protected":false},"featured_media":164981,"template":"","meta":[],"product_brand":[],"product_cat":[21543],"product_tag":[],"class_list":{"0":"post-154798","1":"product","2":"type-product","3":"status-publish","4":"has-post-thumbnail","6":"product_cat-landkarten","7":"pa_autor-freytagberndt","8":"pa_erscheinungsjahr-21597","9":"pa_region-uebrigers-europa","10":"pa_sprache-de","12":"first","13":"instock","14":"taxable","15":"shipping-taxable","16":"purchasable","17":"product-type-simple"},"_links":{"self":[{"href":"https:\/\/pizbube.ch\/en\/wp-json\/wp\/v2\/product\/154798","targetHints":{"allow":["GET"]}}],"collection":[{"href":"https:\/\/pizbube.ch\/en\/wp-json\/wp\/v2\/product"}],"about":[{"href":"https:\/\/pizbube.ch\/en\/wp-json\/wp\/v2\/types\/product"}],"wp:featuredmedia":[{"embeddable":true,"href":"https:\/\/pizbube.ch\/en\/wp-json\/wp\/v2\/media\/164981"}],"wp:attachment":[{"href":"https:\/\/pizbube.ch\/en\/wp-json\/wp\/v2\/media?parent=154798"}],"wp:term":[{"taxonomy":"product_brand","embeddable":true,"href":"https:\/\/pizbube.ch\/en\/wp-json\/wp\/v2\/product_brand?post=154798"},{"taxonomy":"product_cat","embeddable":true,"href":"https:\/\/pizbube.ch\/en\/wp-json\/wp\/v2\/product_cat?post=154798"},{"taxonomy":"product_tag","embeddable":true,"href":"https:\/\/pizbube.ch\/en\/wp-json\/wp\/v2\/product_tag?post=154798"}],"curies":[{"name":"wp","href":"https:\/\/api.w.org\/{rel}","templated":true}]}}