{"id":154804,"date":"2021-01-15T14:50:25","date_gmt":"2021-01-15T14:50:25","guid":{"rendered":"https:\/\/codengine3.ch\/?product=import-placeholder-for-207523"},"modified":"2021-10-28T10:53:20","modified_gmt":"2021-10-28T08:53:20","slug":"weit-ueber-das-land","status":"publish","type":"product","link":"https:\/\/pizbube.ch\/en\/shop\/weit-ueber-das-land\/","title":{"rendered":"Weit \u00fcber das Land"},"content":{"rendered":"<p>Der neue gro\u00dfe Roman von Peter Stamm:<br \/>\nIst es ein neuer Anfang, wenn man alles hinter sich l\u00e4sst?<\/p>\n<p>Ein Mann steht auf und geht. Einen Augenblick z\u00f6gert Thomas, dann verl\u00e4sst er<br \/>\ndas Haus, seine Frau und seine Kinder. Mit einem erstaunten L\u00e4cheln geht er<br \/>\neinfach weiter und verschwindet. Wandert einfach los, durchs Schweizer<br \/>\nMittelland hinauf in die Schwyzer Berge.<br \/>\nAstrid, seine Frau, fragt sich zun\u00e4chst, wohin er gegangen ist, dann, wann er<br \/>\nwiederkommt, schlie\u00dflich, ob er noch lebt.<\/p>\n<p>Jeder kennt ihn: den Wunsch zu fliehen, den Gedanken, das alte Leben<br \/>\nabzulegen, ein anderer sein zu k\u00f6nnen, vielleicht man selbst. Peter Stamm ist<br \/>\nein Meister im Erz\u00e4hlen jener Tr\u00e4ume, die zugleich locken und erschrecken, die<br \/>\nzugleich die sch\u00f6nste M\u00f6glichkeit und den furchtbarsten Verlust bedeuten.<br \/>\n\u203aWeit \u00fcber das Land\u2039 ist ein Roman, der die allt\u00e4glichste aller Fragen stellt:<br \/>\ndie nach dem eigenen Leben.<\/p>","protected":false},"excerpt":{"rendered":"<p>Der neue gro\u00dfe Roman von Peter Stamm: Ist es ein neuer Anfang, wenn man alles hinter sich l\u00e4sst? Ein Mann steht auf und geht. Einen Augenblick z\u00f6gert Thomas, dann verl\u00e4sst er das Haus, seine Frau und seine Kinder. Mit einem erstaunten L\u00e4cheln geht er einfach weiter und verschwindet. Wandert einfach los, durchs Schweizer Mittelland hinauf [&#8230;]\n","protected":false},"featured_media":37712,"template":"","meta":[],"product_brand":[],"product_cat":[21629],"product_tag":[],"class_list":{"0":"post-154804","1":"product","2":"type-product","3":"status-publish","4":"has-post-thumbnail","6":"product_cat-belletristik","7":"pa_autor-stamm","8":"pa_erscheinungsjahr-21571","9":"pa_region-schweiz","10":"pa_sprache-de","12":"first","13":"instock","14":"taxable","15":"shipping-taxable","16":"purchasable","17":"product-type-simple"},"_links":{"self":[{"href":"https:\/\/pizbube.ch\/en\/wp-json\/wp\/v2\/product\/154804","targetHints":{"allow":["GET"]}}],"collection":[{"href":"https:\/\/pizbube.ch\/en\/wp-json\/wp\/v2\/product"}],"about":[{"href":"https:\/\/pizbube.ch\/en\/wp-json\/wp\/v2\/types\/product"}],"wp:featuredmedia":[{"embeddable":true,"href":"https:\/\/pizbube.ch\/en\/wp-json\/wp\/v2\/media\/37712"}],"wp:attachment":[{"href":"https:\/\/pizbube.ch\/en\/wp-json\/wp\/v2\/media?parent=154804"}],"wp:term":[{"taxonomy":"product_brand","embeddable":true,"href":"https:\/\/pizbube.ch\/en\/wp-json\/wp\/v2\/product_brand?post=154804"},{"taxonomy":"product_cat","embeddable":true,"href":"https:\/\/pizbube.ch\/en\/wp-json\/wp\/v2\/product_cat?post=154804"},{"taxonomy":"product_tag","embeddable":true,"href":"https:\/\/pizbube.ch\/en\/wp-json\/wp\/v2\/product_tag?post=154804"}],"curies":[{"name":"wp","href":"https:\/\/api.w.org\/{rel}","templated":true}]}}