{"id":154806,"date":"2021-01-15T14:50:45","date_gmt":"2021-01-15T14:50:45","guid":{"rendered":"https:\/\/codengine3.ch\/?product=import-placeholder-for-206686"},"modified":"2022-08-17T10:52:34","modified_gmt":"2022-08-17T08:52:34","slug":"portugals-norden-25-wanderungen-in-wilder-natur","status":"publish","type":"product","link":"https:\/\/pizbube.ch\/en\/shop\/portugals-norden-25-wanderungen-in-wilder-natur\/","title":{"rendered":"Portugals Norden &#8211; 25 Wanderungen in wilder Natur"},"content":{"rendered":"<p>Der Norden Portugals ist leicht zu erreichen und bietet fernab vom<br \/>\nMassentourismus abwechslungsreiche Landschaften. Dieser Wanderf\u00fchrer<br \/>\nbeschreibt 25 Wege in verschiedenen Wandergebieten, zum Beispiel im Peneda-<br \/>\nGer\u00eas, Portugals einzigem Nationalpark, und in der Serra da Estrela, wo sich<br \/>\ndie h\u00f6chsten Berge des Festlandes befinden.<\/p>\n<p>Zu jeder Tour gibt es Tipps zum Wandern mit Kind und Hund und Informationen zu<br \/>\nVerkehrsverbindungen, Markierungen u. v. m. Karten und H\u00f6henprofile erg\u00e4nzen<br \/>\ndie genauen Wegbeschreibungen, GPS-Tracks k\u00f6nnen kostenlos heruntergeladen<br \/>\nwerden.<\/p>\n<p><span class=\"value\">159 Seiten<\/span>; karton. Einband, <span class=\"value\">Breite 115 mm, H\u00f6he 165 mm<\/span><\/p>","protected":false},"excerpt":{"rendered":"<p>Der Norden Portugals ist leicht zu erreichen und bietet fernab vom Massentourismus abwechslungsreiche Landschaften. Dieser Wanderf\u00fchrer beschreibt 25 Wege in verschiedenen Wandergebieten, zum Beispiel im Peneda- Ger\u00eas, Portugals einzigem Nationalpark, und in der Serra da Estrela, wo sich die h\u00f6chsten Berge des Festlandes befinden. Zu jeder Tour gibt es Tipps zum Wandern mit Kind und [&#8230;]\n","protected":false},"featured_media":35842,"template":"","meta":[],"product_brand":[],"product_cat":[21605],"product_tag":[],"class_list":{"0":"post-154806","1":"product","2":"type-product","3":"status-publish","4":"has-post-thumbnail","6":"product_cat-wanderfuehrer-trekking","7":"pa_autor-danielsson","8":"pa_erscheinungsjahr-21586","9":"pa_region-portugal","10":"pa_sprache-de","12":"first","13":"instock","14":"taxable","15":"shipping-taxable","16":"purchasable","17":"product-type-simple"},"_links":{"self":[{"href":"https:\/\/pizbube.ch\/en\/wp-json\/wp\/v2\/product\/154806","targetHints":{"allow":["GET"]}}],"collection":[{"href":"https:\/\/pizbube.ch\/en\/wp-json\/wp\/v2\/product"}],"about":[{"href":"https:\/\/pizbube.ch\/en\/wp-json\/wp\/v2\/types\/product"}],"wp:featuredmedia":[{"embeddable":true,"href":"https:\/\/pizbube.ch\/en\/wp-json\/wp\/v2\/media\/35842"}],"wp:attachment":[{"href":"https:\/\/pizbube.ch\/en\/wp-json\/wp\/v2\/media?parent=154806"}],"wp:term":[{"taxonomy":"product_brand","embeddable":true,"href":"https:\/\/pizbube.ch\/en\/wp-json\/wp\/v2\/product_brand?post=154806"},{"taxonomy":"product_cat","embeddable":true,"href":"https:\/\/pizbube.ch\/en\/wp-json\/wp\/v2\/product_cat?post=154806"},{"taxonomy":"product_tag","embeddable":true,"href":"https:\/\/pizbube.ch\/en\/wp-json\/wp\/v2\/product_tag?post=154806"}],"curies":[{"name":"wp","href":"https:\/\/api.w.org\/{rel}","templated":true}]}}