{"id":154808,"date":"2021-01-15T14:50:47","date_gmt":"2021-01-15T14:50:47","guid":{"rendered":"https:\/\/codengine3.ch\/?product=import-placeholder-for-208433"},"modified":"2021-01-15T17:53:57","modified_gmt":"2021-01-15T17:53:57","slug":"trips-mit-kids","status":"publish","type":"product","link":"https:\/\/pizbube.ch\/en\/shop\/trips-mit-kids\/","title":{"rendered":"Trips mit Kids"},"content":{"rendered":"<p>Kleine Reiseabenteuer kann man auch in zwei Tagen erleben! Das Wochenende<br \/>\nverspricht sch\u00f6nes Wetter, die Reiselust ist da. Aber wohin? Und wie?<br \/>\nUnternehmungslustige Familien haben in der Schweiz zahlreiche M\u00f6glichkeiten,<br \/>\nein spannendes Wochenende zu erleben. Wer Neues entdecken m\u00f6chte, findet unter<br \/>\nden 20 Wochenendtipps bestimmt eine z\u00fcndende Idee.<\/p>\n<p>Jeder Vorschlag umfasst eine quasi pfannenfertige zweit\u00e4gige Tour mit<br \/>\nVarianten und Hinweisen auf Highlights in der Gegend. Im Mittelpunkt steht das<br \/>\nUnterwegssein: zu Fuss, mit dem Fahrrad, auf Inlineskates, im Kanu, mit<br \/>\nSchneeschuhen, auf dem Schlitten oder mit Zug, Schiff und Postauto!<\/p>","protected":false},"excerpt":{"rendered":"<p>Kleine Reiseabenteuer kann man auch in zwei Tagen erleben! Das Wochenende verspricht sch\u00f6nes Wetter, die Reiselust ist da. Aber wohin? Und wie? Unternehmungslustige Familien haben in der Schweiz zahlreiche M\u00f6glichkeiten, ein spannendes Wochenende zu erleben. Wer Neues entdecken m\u00f6chte, findet unter den 20 Wochenendtipps bestimmt eine z\u00fcndende Idee. Jeder Vorschlag umfasst eine quasi pfannenfertige zweit\u00e4gige [&#8230;]\n","protected":false},"featured_media":40193,"template":"","meta":[],"product_brand":[],"product_cat":[21605],"product_tag":[],"class_list":{"0":"post-154808","1":"product","2":"type-product","3":"status-publish","4":"has-post-thumbnail","6":"product_cat-wanderfuehrer-trekking","7":"pa_autor-kohler","8":"pa_erscheinungsjahr-21568","9":"pa_region-schweiz","10":"pa_sprache-de","12":"first","13":"instock","14":"taxable","15":"shipping-taxable","16":"purchasable","17":"product-type-simple"},"_links":{"self":[{"href":"https:\/\/pizbube.ch\/en\/wp-json\/wp\/v2\/product\/154808","targetHints":{"allow":["GET"]}}],"collection":[{"href":"https:\/\/pizbube.ch\/en\/wp-json\/wp\/v2\/product"}],"about":[{"href":"https:\/\/pizbube.ch\/en\/wp-json\/wp\/v2\/types\/product"}],"wp:featuredmedia":[{"embeddable":true,"href":"https:\/\/pizbube.ch\/en\/wp-json\/wp\/v2\/media\/40193"}],"wp:attachment":[{"href":"https:\/\/pizbube.ch\/en\/wp-json\/wp\/v2\/media?parent=154808"}],"wp:term":[{"taxonomy":"product_brand","embeddable":true,"href":"https:\/\/pizbube.ch\/en\/wp-json\/wp\/v2\/product_brand?post=154808"},{"taxonomy":"product_cat","embeddable":true,"href":"https:\/\/pizbube.ch\/en\/wp-json\/wp\/v2\/product_cat?post=154808"},{"taxonomy":"product_tag","embeddable":true,"href":"https:\/\/pizbube.ch\/en\/wp-json\/wp\/v2\/product_tag?post=154808"}],"curies":[{"name":"wp","href":"https:\/\/api.w.org\/{rel}","templated":true}]}}