{"id":154810,"date":"2021-01-15T14:51:13","date_gmt":"2021-01-15T14:51:13","guid":{"rendered":"https:\/\/codengine3.ch\/?product=import-placeholder-for-208708"},"modified":"2026-01-22T16:21:46","modified_gmt":"2026-01-22T15:21:46","slug":"lyngsalpene-turkart-150000","status":"publish","type":"product","link":"https:\/\/pizbube.ch\/en\/shop\/lyngsalpene-turkart-150000\/","title":{"rendered":"Lyngen turkart 1:50&#8217;000"},"content":{"rendered":"<p>Calazo Publishing has introduced a new generation of topographic maps for Norway. These maps feature terrain information derived from airborne laser scanning (LIDAR), offering a level of detail that surpasses other maps currently on the market. We also invest significant effort in analyzing aerial imagery to accurately update and correct the alignment of marked hiking trails, as well as to add paths not included in official databases. All our maps are printed on Tyvek, a material that is waterproof and exceptionally tear-resistant.<\/p>\n<p>Beidseitig bedruckte Freizeit- und Wanderkarte f\u00fcr die gesamte Lyngenhalbinsel im nordnorwegischen Troms . Die Karte zeigt auf der Vorderseite den s\u00fcdlichen Teil zwischen Nordkjosbotn und Lyngen. Die R\u00fcckseite bildet den n\u00f6rdlichen Teil der \u00f6stlich von Troms\u00f8 gelegenen Halbinsel ab. Die Karte basiert auf topographischen Kartendaten und ist auf synthetischem Papier (Tyvek) gedruckt, so dass eine hohe Rei\u00df- und Wasserfestigkeit gew\u00e4hrleistet ist.<\/p>\n<p>Karteninhalt<strong>:<\/strong> topographische Karte mit Stra\u00dfen, Wegen, Eisenbahnlinien, Orten, Wohnpl\u00e4tzen, Gew\u00e4ssern, Landschaftsnamen, Grenzen, Landschaftsformen (Wald, bebaute Gebiete, landwirtschaftliche Nutzfl\u00e4chen, Felsgebiete, Feuchtgebiete), H\u00f6henlinien, H\u00f6henpunkten etc.; touristische Informationen: Wanderwege, preparierte Skiloipen, Schneemobilrouten, H\u00fctten, Unterst\u00e4nde, Campingpl\u00e4tze, Serviceeinrichtungen; geographische und geod\u00e4tische Koordinaten nach EUREF89 (entspricht WGS 84), Legende: norwegisch, englisch<\/p>\n<div class=\"columns\">\n<div class=\"column main\">\n<div class=\"widget block block-static-block\">\n<div data-content-type=\"html\" data-appearance=\"default\" data-element=\"main\" data-decoded=\"true\">\n<div class=\"block widget upsell block-products-list grid\">\n<div class=\"products-grid grid\">Sheet Map (folded)<br \/>\n130 x 207 mm<\/div>\n<\/div>\n<\/div>\n<\/div>\n<\/div>\n<\/div>\n<p>&nbsp;<\/p>","protected":false},"excerpt":{"rendered":"<p>Calazo Publishing has introduced a new generation of topographic maps for Norway. These maps feature terrain information derived from airborne laser scanning (LIDAR), offering a level of detail that surpasses other maps currently on the market. We also invest significant effort in analyzing aerial imagery to accurately update and correct the alignment of marked hiking [&#8230;]\n","protected":false},"featured_media":182112,"template":"","meta":[],"product_brand":[],"product_cat":[21543],"product_tag":[27070],"class_list":{"0":"post-154810","1":"product","2":"type-product","3":"status-publish","4":"has-post-thumbnail","6":"product_cat-landkarten","7":"product_tag-lyngen-alps","8":"pa_autor-friflyt","9":"pa_erscheinungsjahr-27129","10":"pa_region-skandinavien-norwegen-schweden-finnland","11":"pa_sprache-norw-en-2","13":"first","14":"onbackorder","15":"taxable","16":"shipping-taxable","17":"purchasable","18":"product-type-simple"},"_links":{"self":[{"href":"https:\/\/pizbube.ch\/en\/wp-json\/wp\/v2\/product\/154810","targetHints":{"allow":["GET"]}}],"collection":[{"href":"https:\/\/pizbube.ch\/en\/wp-json\/wp\/v2\/product"}],"about":[{"href":"https:\/\/pizbube.ch\/en\/wp-json\/wp\/v2\/types\/product"}],"wp:featuredmedia":[{"embeddable":true,"href":"https:\/\/pizbube.ch\/en\/wp-json\/wp\/v2\/media\/182112"}],"wp:attachment":[{"href":"https:\/\/pizbube.ch\/en\/wp-json\/wp\/v2\/media?parent=154810"}],"wp:term":[{"taxonomy":"product_brand","embeddable":true,"href":"https:\/\/pizbube.ch\/en\/wp-json\/wp\/v2\/product_brand?post=154810"},{"taxonomy":"product_cat","embeddable":true,"href":"https:\/\/pizbube.ch\/en\/wp-json\/wp\/v2\/product_cat?post=154810"},{"taxonomy":"product_tag","embeddable":true,"href":"https:\/\/pizbube.ch\/en\/wp-json\/wp\/v2\/product_tag?post=154810"}],"curies":[{"name":"wp","href":"https:\/\/api.w.org\/{rel}","templated":true}]}}