{"id":154811,"date":"2021-01-15T14:51:14","date_gmt":"2021-01-15T14:51:14","guid":{"rendered":"https:\/\/codengine3.ch\/?product=import-placeholder-for-208724"},"modified":"2026-01-14T14:15:43","modified_gmt":"2026-01-14T13:15:43","slug":"tromso-turkart-150000","status":"publish","type":"product","link":"https:\/\/pizbube.ch\/en\/shop\/tromso-turkart-150000\/","title":{"rendered":"Hoyfjellskart Tromso: Kvaloya 1:25&#8217;000"},"content":{"rendered":"<p><span class=\"value\">Dette er ett av to unike kart med en detaljrikdom som aldri tidligere er vist over \u00adomr\u00e5det rundt Troms\u00f8. Terrenginformasjonen i kartet er basert p\u00e5 laserskanning\u00ad fra fly. Fjellskrenter, vassdrag, breer og andre naturelementer vises mye mer detaljert med denne teknologien.<\/span><\/p>\n<p><span class=\"value\">Et kart i m\u00e5lestokk 1:25.000 er nyttig for deg som planlegger en topptur til Skittentinden (1.042 moh), Store Bl\u00e5mannen (1.044 moh) eller Hollenderen (1.016 moh).<br \/>\n<\/span><span class=\"value\">Kartet vil ogs\u00e5 kunne brukes av de som \u00f8nsker \u00e5 forlate merkede stier for \u00e5 utforske egne ruter i h\u00f8yfjellet.<\/span><\/p>\n<p>130 x 207 mm<\/p>\n<p>This is part of the modern map series from Calazo with a wealth of detail that has never before been shown over Kval\u00f8ya. The terrain information in the map is based on new data obtained from laser scanning from aircraft. Mountain slopes, waterways and glaciers and other natural elements are shown in much more detail with this technology. The map also contains more trails than any previous map of the same area. A map on a scale of 1:25,000 provides good support for those who go on summit trips, do glacier hiking or in other ways leave the marked paths in the valley floor and find their own routes up in the high mountains. It is made in the material Tyvek, which is water resistant, protected against tears and has a low weight.<\/p>","protected":false},"excerpt":{"rendered":"<p>Dette er ett av to unike kart med en detaljrikdom som aldri tidligere er vist over \u00adomr\u00e5det rundt Troms\u00f8. Terrenginformasjonen i kartet er basert p\u00e5 laserskanning\u00ad fra fly. Fjellskrenter, vassdrag, breer og andre naturelementer vises mye mer detaljert med denne teknologien. Et kart i m\u00e5lestokk 1:25.000 er nyttig for deg som planlegger en topptur til [&#8230;]\n","protected":false},"featured_media":182807,"template":"","meta":[],"product_brand":[],"product_cat":[21543],"product_tag":[27071],"class_list":{"0":"post-154811","1":"product","2":"type-product","3":"status-publish","4":"has-post-thumbnail","6":"product_cat-landkarten","7":"product_tag-tromso","8":"pa_autor-calazo","9":"pa_erscheinungsjahr-27129","10":"pa_region-skandinavien-norwegen-schweden-finnland","11":"pa_sprache-norw-en-2","13":"first","14":"instock","15":"taxable","16":"shipping-taxable","17":"purchasable","18":"product-type-simple"},"_links":{"self":[{"href":"https:\/\/pizbube.ch\/en\/wp-json\/wp\/v2\/product\/154811","targetHints":{"allow":["GET"]}}],"collection":[{"href":"https:\/\/pizbube.ch\/en\/wp-json\/wp\/v2\/product"}],"about":[{"href":"https:\/\/pizbube.ch\/en\/wp-json\/wp\/v2\/types\/product"}],"wp:featuredmedia":[{"embeddable":true,"href":"https:\/\/pizbube.ch\/en\/wp-json\/wp\/v2\/media\/182807"}],"wp:attachment":[{"href":"https:\/\/pizbube.ch\/en\/wp-json\/wp\/v2\/media?parent=154811"}],"wp:term":[{"taxonomy":"product_brand","embeddable":true,"href":"https:\/\/pizbube.ch\/en\/wp-json\/wp\/v2\/product_brand?post=154811"},{"taxonomy":"product_cat","embeddable":true,"href":"https:\/\/pizbube.ch\/en\/wp-json\/wp\/v2\/product_cat?post=154811"},{"taxonomy":"product_tag","embeddable":true,"href":"https:\/\/pizbube.ch\/en\/wp-json\/wp\/v2\/product_tag?post=154811"}],"curies":[{"name":"wp","href":"https:\/\/api.w.org\/{rel}","templated":true}]}}