{"id":154814,"date":"2021-01-15T14:51:36","date_gmt":"2021-01-15T14:51:36","guid":{"rendered":"https:\/\/codengine3.ch\/?product=import-placeholder-for-206760"},"modified":"2026-02-10T17:59:19","modified_gmt":"2026-02-10T16:59:19","slug":"kackar-und-altiparmak-wanderkarte-135-000","status":"publish","type":"product","link":"https:\/\/pizbube.ch\/en\/shop\/kackar-und-altiparmak-wanderkarte-135-000\/","title":{"rendered":"Ka\u00e7kar und Alt\u0131parmak Wanderkarte 1:35.000"},"content":{"rendered":"<p>Topographische Wanderkarte f\u00fcr den Ka\u00e7kar National-Park (T\u00fcrkei) sowie den<br \/>\ns\u00fcdlichen Teil des Alt\u0131marpak im Ma\u00dfstab 1:35.000.<\/p>\n<p>Genaue Reliefdarstellung dank Schummerung, Felszeichnungen und H\u00f6henlinien im<br \/>\nIntervall von 25m, alle Wege und Pfade nach Schwierigkeitsgrad (SAC-Skala) und<br \/>\nGenauigkeit klassifiziert, Information zu Unterk\u00fcnften und Nahversorgung,<br \/>\ngeeignet f\u00fcr Wanderer und Alpinisten, GPS-tauglich dank UTM-Gitter, gedruckt<br \/>\nauf hochwertigem LC3 ProGeo Papier<\/p>\n<p>Ka\u00e7kar and Alt\u0131parmak Hikingmap 1:35.000 \/ Carte de Randonn\u00e9e 1:35&#8217;000<\/p>","protected":false},"excerpt":{"rendered":"<p>Topographische Wanderkarte f\u00fcr den Ka\u00e7kar National-Park (T\u00fcrkei) sowie den s\u00fcdlichen Teil des Alt\u0131marpak im Ma\u00dfstab 1:35.000. Genaue Reliefdarstellung dank Schummerung, Felszeichnungen und H\u00f6henlinien im Intervall von 25m, alle Wege und Pfade nach Schwierigkeitsgrad (SAC-Skala) und Genauigkeit klassifiziert, Information zu Unterk\u00fcnften und Nahversorgung, geeignet f\u00fcr Wanderer und Alpinisten, GPS-tauglich dank UTM-Gitter, gedruckt auf hochwertigem LC3 ProGeo [&#8230;]\n","protected":false},"featured_media":36058,"template":"","meta":[],"product_brand":[],"product_cat":[21543],"product_tag":[],"class_list":{"0":"post-154814","1":"product","2":"type-product","3":"status-publish","4":"has-post-thumbnail","6":"product_cat-landkarten","7":"pa_autor-mapsite","8":"pa_erscheinungsjahr-21571","9":"pa_region-osteuropa","10":"pa_sprache-de-en-fr","12":"first","13":"outofstock","14":"taxable","15":"shipping-taxable","16":"purchasable","17":"product-type-simple"},"_links":{"self":[{"href":"https:\/\/pizbube.ch\/en\/wp-json\/wp\/v2\/product\/154814","targetHints":{"allow":["GET"]}}],"collection":[{"href":"https:\/\/pizbube.ch\/en\/wp-json\/wp\/v2\/product"}],"about":[{"href":"https:\/\/pizbube.ch\/en\/wp-json\/wp\/v2\/types\/product"}],"wp:featuredmedia":[{"embeddable":true,"href":"https:\/\/pizbube.ch\/en\/wp-json\/wp\/v2\/media\/36058"}],"wp:attachment":[{"href":"https:\/\/pizbube.ch\/en\/wp-json\/wp\/v2\/media?parent=154814"}],"wp:term":[{"taxonomy":"product_brand","embeddable":true,"href":"https:\/\/pizbube.ch\/en\/wp-json\/wp\/v2\/product_brand?post=154814"},{"taxonomy":"product_cat","embeddable":true,"href":"https:\/\/pizbube.ch\/en\/wp-json\/wp\/v2\/product_cat?post=154814"},{"taxonomy":"product_tag","embeddable":true,"href":"https:\/\/pizbube.ch\/en\/wp-json\/wp\/v2\/product_tag?post=154814"}],"curies":[{"name":"wp","href":"https:\/\/api.w.org\/{rel}","templated":true}]}}