{"id":154815,"date":"2021-01-15T14:52:07","date_gmt":"2021-01-15T14:52:07","guid":{"rendered":"https:\/\/codengine3.ch\/?product=import-placeholder-for-208744"},"modified":"2021-01-15T17:57:22","modified_gmt":"2021-01-15T17:57:22","slug":"scialpinismo-in-unisola-di-silenzio-guida-alle-dolomiti-doltre-piave","status":"publish","type":"product","link":"https:\/\/pizbube.ch\/en\/shop\/scialpinismo-in-unisola-di-silenzio-guida-alle-dolomiti-doltre-piave\/","title":{"rendered":"Scialpinismo in un&#8217;isola di silenzio &#8211; Guida alle Dolomiti d&#8217;Oltre Piave."},"content":{"rendered":"<p>La prima e unica guida scialpinistica e fotografica sulle Dolomiti pi\u00f9<br \/>\nselvagge&#8230; la wilderness dell&#8217;Oltre Piave<\/p>\n<p>&#171;L&#8217;ambiente \u00e8 davvero speciale e la fatica per arrivarci \u00e8 compensata<br \/>\nabbondantemente dalla bellezza deiluoghi. Magnifici boschi solitari fanno da<br \/>\ncornice a una selva di guglie, torri e pinnacoli di forme diverse,che non<br \/>\nhanno uguali nelle Dolomiti. Alla loro base gli alti torrioni sono circondati<br \/>\nda ammassi di detriti e depositi ghiaiosi che conferiscono loro un&#8217;immagine di<br \/>\nfantastica verticalit\u00e0. E&#8216; il cuore selvaggio di queste montagne.&#187;<\/p>\n<p>Ecco, Loris de Barba ci sta tutto in questa presentazione di uno degli<br \/>\nitinerari del libro che avete tra le mani. Pensate che passione costante, che<br \/>\nchiarezza di visione, che forza tranquilla e sicura ci vogliono per scrivere<br \/>\ncose cos\u00ec. Del resto, perch\u00e9 mancava, fino ad ora, una guida sci alpinistica<br \/>\ndi questi luoghi? &#187;<\/p>","protected":false},"excerpt":{"rendered":"<p>La prima e unica guida scialpinistica e fotografica sulle Dolomiti pi\u00f9 selvagge&#8230; la wilderness dell&#8217;Oltre Piave &#171;L&#8217;ambiente \u00e8 davvero speciale e la fatica per arrivarci \u00e8 compensata abbondantemente dalla bellezza deiluoghi. Magnifici boschi solitari fanno da cornice a una selva di guglie, torri e pinnacoli di forme diverse,che non hanno uguali nelle Dolomiti. Alla loro [&#8230;]\n","protected":false},"featured_media":41223,"template":"","meta":[],"product_brand":[],"product_cat":[21540],"product_tag":[],"class_list":{"0":"post-154815","1":"product","2":"type-product","3":"status-publish","4":"has-post-thumbnail","6":"product_cat-fuehrerliteratur-alpin-winter","7":"pa_autor-de-barba","8":"pa_erscheinungsjahr-21621","9":"pa_region-italien","10":"pa_sprache-it","12":"first","13":"instock","14":"taxable","15":"shipping-taxable","16":"purchasable","17":"product-type-simple"},"_links":{"self":[{"href":"https:\/\/pizbube.ch\/en\/wp-json\/wp\/v2\/product\/154815","targetHints":{"allow":["GET"]}}],"collection":[{"href":"https:\/\/pizbube.ch\/en\/wp-json\/wp\/v2\/product"}],"about":[{"href":"https:\/\/pizbube.ch\/en\/wp-json\/wp\/v2\/types\/product"}],"wp:featuredmedia":[{"embeddable":true,"href":"https:\/\/pizbube.ch\/en\/wp-json\/wp\/v2\/media\/41223"}],"wp:attachment":[{"href":"https:\/\/pizbube.ch\/en\/wp-json\/wp\/v2\/media?parent=154815"}],"wp:term":[{"taxonomy":"product_brand","embeddable":true,"href":"https:\/\/pizbube.ch\/en\/wp-json\/wp\/v2\/product_brand?post=154815"},{"taxonomy":"product_cat","embeddable":true,"href":"https:\/\/pizbube.ch\/en\/wp-json\/wp\/v2\/product_cat?post=154815"},{"taxonomy":"product_tag","embeddable":true,"href":"https:\/\/pizbube.ch\/en\/wp-json\/wp\/v2\/product_tag?post=154815"}],"curies":[{"name":"wp","href":"https:\/\/api.w.org\/{rel}","templated":true}]}}