{"id":154816,"date":"2021-01-15T14:52:08","date_gmt":"2021-01-15T14:52:08","guid":{"rendered":"https:\/\/codengine3.ch\/?product=import-placeholder-for-206812"},"modified":"2023-07-15T14:00:05","modified_gmt":"2023-07-15T12:00:05","slug":"schwarzbuch-alpen-warum-wir-unsere-berge-retten-muessen","status":"publish","type":"product","link":"https:\/\/pizbube.ch\/en\/shop\/schwarzbuch-alpen-warum-wir-unsere-berge-retten-muessen\/","title":{"rendered":"Schwarzbuch Alpen &#8211; Warum wir unsere Berge retten m\u00fcssen"},"content":{"rendered":"<p>Ein Pl\u00e4doyer f\u00fcr einen zukunftsf\u00e4higeren Umgang mit dem Alpenraum<\/p>\n<p>Die Gebirgskette zwischen Nizza und Wien ist der bedeutendste wildnisnahe Raum<br \/>\nim Herzen Europas. Gleichzeitig sind die Alpen das touristisch am intensivsten<br \/>\nerschlossene Gebirge unseres Planeten. Kaum ein anderes Gebirge der Welt ist<br \/>\ndichter besiedelt und wird intensiver wirtschaftlich genutzt. In keinem<br \/>\nGebirge wird mehr Ski- und Auto gefahren.<\/p>\n<p>Aber Klimawandel und fortschreitende Erschlie\u00dfung alpiner Naturlandschaften<br \/>\nbringen unsere Berge an ihre Grenze. Machen wir weiter wie bisher \u2013<br \/>\nIntensivierung des Tourismus, der Industrialisierung der Bewirtschaftung \u2013,<br \/>\nwird dieser Lebensraum f\u00fcr unsere Kinder zusehends verloren gehen.<\/p>\n<p>Doch was w\u00e4ren Alternativen, die auch wirtschaftlich funktionieren w\u00fcrden?<br \/>\nUnsere Alpen, das R\u00fcckgrat Europas, brauchen einen entschiedenen<br \/>\nSystemwechsel.<\/p>","protected":false},"excerpt":{"rendered":"<p>Ein Pl\u00e4doyer f\u00fcr einen zukunftsf\u00e4higeren Umgang mit dem Alpenraum Die Gebirgskette zwischen Nizza und Wien ist der bedeutendste wildnisnahe Raum im Herzen Europas. Gleichzeitig sind die Alpen das touristisch am intensivsten erschlossene Gebirge unseres Planeten. Kaum ein anderes Gebirge der Welt ist dichter besiedelt und wird intensiver wirtschaftlich genutzt. In keinem Gebirge wird mehr Ski- [&#8230;]\n","protected":false},"featured_media":36186,"template":"","meta":[],"product_brand":[],"product_cat":[21542],"product_tag":[],"class_list":{"0":"post-154816","1":"product","2":"type-product","3":"status-publish","4":"has-post-thumbnail","6":"product_cat-sachbuecher-dokumentationen","7":"pa_autor-schickhofer","8":"pa_erscheinungsjahr-21574","9":"pa_region-deutschland","10":"pa_sprache-de","12":"first","13":"outofstock","14":"taxable","15":"shipping-taxable","16":"purchasable","17":"product-type-simple"},"_links":{"self":[{"href":"https:\/\/pizbube.ch\/en\/wp-json\/wp\/v2\/product\/154816","targetHints":{"allow":["GET"]}}],"collection":[{"href":"https:\/\/pizbube.ch\/en\/wp-json\/wp\/v2\/product"}],"about":[{"href":"https:\/\/pizbube.ch\/en\/wp-json\/wp\/v2\/types\/product"}],"wp:featuredmedia":[{"embeddable":true,"href":"https:\/\/pizbube.ch\/en\/wp-json\/wp\/v2\/media\/36186"}],"wp:attachment":[{"href":"https:\/\/pizbube.ch\/en\/wp-json\/wp\/v2\/media?parent=154816"}],"wp:term":[{"taxonomy":"product_brand","embeddable":true,"href":"https:\/\/pizbube.ch\/en\/wp-json\/wp\/v2\/product_brand?post=154816"},{"taxonomy":"product_cat","embeddable":true,"href":"https:\/\/pizbube.ch\/en\/wp-json\/wp\/v2\/product_cat?post=154816"},{"taxonomy":"product_tag","embeddable":true,"href":"https:\/\/pizbube.ch\/en\/wp-json\/wp\/v2\/product_tag?post=154816"}],"curies":[{"name":"wp","href":"https:\/\/api.w.org\/{rel}","templated":true}]}}