{"id":154817,"date":"2021-01-15T14:52:16","date_gmt":"2021-01-15T14:52:16","guid":{"rendered":"https:\/\/codengine3.ch\/?product=import-placeholder-for-207723"},"modified":"2025-03-15T11:23:42","modified_gmt":"2025-03-15T10:23:42","slug":"emmental-entlebuch-im-reich-der-hubel-und-chnubel","status":"publish","type":"product","link":"https:\/\/pizbube.ch\/en\/shop\/emmental-entlebuch-im-reich-der-hubel-und-chnubel\/","title":{"rendered":"Emmental &amp; Entlebuch &#8211; Im Reich der Hubel und Chnubel"},"content":{"rendered":"<p>52 Skitouren zwischen Bern und Luzern<\/p>\n<p>Warum in die Ferne schweifen, wenn das Wintergl\u00fcck so nahe liegt? Der \u00f6V-<br \/>\nSkitourenf\u00fchrer von mountain wilderness und dem topo-Verlag zeigt 52 Skitouren<br \/>\nzwischen Bern und Luzern, einschliesslich der \u00f6V-Verbindungen, den Tipps f\u00fcr<br \/>\ndie besten \u00abMer\u00e4ngge\u00bb und Geschichten zu jeder Tour.<\/p>\n<p class=\"bodytext\">Die Anfangs-, End- und Ausstiegspunkte sind auf den \u00f6ffentlichen Verkehr abgestimmt (und f\u00fcrs Privatauto ungeeignet). Sie wurden sorgsam rund um die Wildruhezonen angelegt, denn das Entlebuch und Emmental ist nicht nur Lebensraum von Schneehasen und G\u00e4msen, sondern auch von bedrohten Birk- oder Auerh\u00fchnern. Trotzdem empfehlen die AutorInnen, vor einer Tour immer die Website <em>respektiere-deine-Grenzen.ch<\/em> zu konsultieren: Die Festlegung der Wildruhezonen sei ein dynamischer Prozess, und wer in einer Wildruhezone erwischt werde, riskiere eine saftige Busse.<\/p>\n<p class=\"bodytext\">Die H\u00e4lfte der 52 Touren sind als &#171;Tiefstapel&#187; bezeichnet: Sie f\u00fchren durch m\u00e4ssig steiles Gel\u00e4nde immer unter der Waldgrenze entlang, bieten praktisch keine alpinen Gefahren und sind deshalb auch f\u00fcr Einsteiger und Familien geeignet. 18 Touren sind &#171;voralpin&#187; abwechslungsreich f\u00fcr gute KartenleserInnen: Sie bewegen sich mal unter, mal \u00fcber der Baumgrenze, mal an warmen H\u00e4ngen und im Auslaufbereich von gr\u00f6sseren Lawinen, weshalb f\u00fcr sie eine komplette Lawinenausr\u00fcstung und die enstprechenden Kenntnisse erforderlich sind. Schliesslich gibt es auch noch &#171;Crack&#187;-Touren f\u00fcr Couloirliebhaberinnen und Steilwandspezialisten, die sich in steilem Gel\u00e4nde (\u00fcber 40 Grad) sicher bewegen und mit alpinen Risiken umgehen k\u00f6nnen.<\/p>\n<p class=\"bodytext\">F\u00fcr jede Tour ist eine detaillierte Karte abgedruckt, die Auf- und Abstiege sind genau bezeichnet und in H\u00f6henmetern angegeben, nebst Zeitangaben, Ausgangs- und Endpunkten, \u00d6V-Anschluss und Verl\u00e4ngerungsm\u00f6glichkeiten gibt es auch noch einen Z-Wert f\u00fcr die Anzahl der sportlich zu \u00fcberwindenden Z\u00e4une. Stammtischkritiker finden, f\u00fcr Skitouren seien die H\u00fcgel zu niedrig, die H\u00e4user zu gross und die Z\u00e4une zu zahlreich. Doch die AutorInnen meinen: &#171;\u00c4u\u00e4\u00e4! &#8211; Viel Neuschnee braucht es in dieser wunderbar vielseitigen H\u00fcgellandschaft gar nicht. Meist dominieren skibelagsfreundliche Wiesen und mit 20 bis 30 cm Pulver kann es eigentlich schon losgehen. Ausserdem: Wenn es so richtig &#171;chuttet&#187; und grosse Lawinengefahr Touren in den Alpen verunm\u00f6glicht, herrschen im Emmental und Entlebuch oft perfekte Bedingungen.&#187; Und damit Z\u00e4une und wadenbeissende B\u00e4ris nicht zur Tourenspielverderbern werden, gibt es auf einer Doppelseite auch noch den Zaunkurs mit &#171;von <em>so nicht!<\/em> zu <em>so!<\/em>&#187; in sieben Schritten.<\/p>\n<p>288 Seiten, 13 x 18 cm, 4-farbig, Softcover<br \/>\n2. Auflage Dezember 2021<\/p>","protected":false},"excerpt":{"rendered":"<ul>\n<li><a href=\"https:\/\/pizbube.ch\/wp-content\/uploads\/attachments\/a_026\/A412083ED89E1E131D4568D13FF03E2F.pdf\" target=\"_blank\" rel=\"noopener\"><strong>PDF: Inhalt_Leseprobe_Emmental_Entlebuch_Ski.pdf<\/strong><\/a><\/li>\n<\/ul>","protected":false},"featured_media":160117,"template":"","meta":[],"product_brand":[],"product_cat":[21540],"product_tag":[],"class_list":{"0":"post-154817","1":"product","2":"type-product","3":"status-publish","4":"has-post-thumbnail","6":"product_cat-fuehrerliteratur-alpin-winter","7":"pa_autor-blum-conradin-kropac-raemy","8":"pa_erscheinungsjahr-25440","9":"pa_region-schweiz","10":"pa_sprache-de","12":"first","13":"onbackorder","14":"taxable","15":"shipping-taxable","16":"purchasable","17":"product-type-simple"},"_links":{"self":[{"href":"https:\/\/pizbube.ch\/en\/wp-json\/wp\/v2\/product\/154817","targetHints":{"allow":["GET"]}}],"collection":[{"href":"https:\/\/pizbube.ch\/en\/wp-json\/wp\/v2\/product"}],"about":[{"href":"https:\/\/pizbube.ch\/en\/wp-json\/wp\/v2\/types\/product"}],"wp:featuredmedia":[{"embeddable":true,"href":"https:\/\/pizbube.ch\/en\/wp-json\/wp\/v2\/media\/160117"}],"wp:attachment":[{"href":"https:\/\/pizbube.ch\/en\/wp-json\/wp\/v2\/media?parent=154817"}],"wp:term":[{"taxonomy":"product_brand","embeddable":true,"href":"https:\/\/pizbube.ch\/en\/wp-json\/wp\/v2\/product_brand?post=154817"},{"taxonomy":"product_cat","embeddable":true,"href":"https:\/\/pizbube.ch\/en\/wp-json\/wp\/v2\/product_cat?post=154817"},{"taxonomy":"product_tag","embeddable":true,"href":"https:\/\/pizbube.ch\/en\/wp-json\/wp\/v2\/product_tag?post=154817"}],"curies":[{"name":"wp","href":"https:\/\/api.w.org\/{rel}","templated":true}]}}