{"id":154818,"date":"2021-01-15T14:52:16","date_gmt":"2021-01-15T14:52:16","guid":{"rendered":"https:\/\/codengine3.ch\/?product=import-placeholder-for-207301"},"modified":"2021-01-15T16:01:47","modified_gmt":"2021-01-15T16:01:47","slug":"no-mans-land","status":"publish","type":"product","link":"https:\/\/pizbube.ch\/en\/shop\/no-mans-land\/","title":{"rendered":"No Man&#8217;s Land"},"content":{"rendered":"<p>\nRobert B\u00f6sch hat sich ein Leben lang mit Fotografie besch\u00e4ftigt. Als<br \/>\nBergfotograf ist er eine Legende. Er arbeitete mit vielen Extremsportler<br \/>\nzusammen, er bereiste alle Kontinente und bestieg viel Berge der Welt, so auch<br \/>\nden Mount Everest. Aberer ist weit mehr als nur Bergfotograf.Ihn interessiert<br \/>\ndas Bild &#8211; egal ob W\u00fcste, moderne Stadt, Mensch oder Tier. Er selbst<br \/>\nbezeichnet sich als einen Bildersuchen- den. Er k\u00f6nne sich ein Leben ohne<br \/>\nKamera nicht vorstellen.  <\/p>\n<p>&#171;No Man&#8217;s Land&#187; zeigt Bilder, die Robert B\u00f6sch als Welten-Reisender und als<br \/>\nZu-Hause-Bleibender gesehen hat. Fotografien von W\u00fcsten, St\u00e4dten, Meeren,<br \/>\nStierk\u00e4mpfern, V\u00f6geln und Elefanten &#8211; Bilder entstanden, w\u00e4hrend er mit seiner<br \/>\nKamera auf diesem Planeten unterwegs war.  <\/p>\n<p>Mit Texten von Robert B\u00f6sch und Angelika Affentranger-Kirchrath,<br \/>\nKunstkritikerin und Kunstpublizistin .<\/p>\n<p>Kartonierter Einband, 208 Seiten, Farb- und SW-Abbildungen  <\/p>","protected":false},"excerpt":{"rendered":"<p>Robert B\u00f6sch hat sich ein Leben lang mit Fotografie besch\u00e4ftigt. Als Bergfotograf ist er eine Legende. Er arbeitete mit vielen Extremsportler zusammen, er bereiste alle Kontinente und bestieg viel Berge der Welt, so auch den Mount Everest. Aberer ist weit mehr als nur Bergfotograf.Ihn interessiert das Bild &#8211; egal ob W\u00fcste, moderne Stadt, Mensch oder [&#8230;]\n","protected":false},"featured_media":37074,"template":"","meta":[],"product_brand":[],"product_cat":[21580],"product_tag":[],"class_list":{"0":"post-154818","1":"product","2":"type-product","3":"status-publish","4":"has-post-thumbnail","6":"product_cat-kunst-kultur","7":"pa_autor-boesch","8":"pa_erscheinungsjahr-21558","9":"pa_region-schweiz","10":"pa_sprache-de","12":"first","13":"instock","14":"taxable","15":"shipping-taxable","16":"purchasable","17":"product-type-simple"},"_links":{"self":[{"href":"https:\/\/pizbube.ch\/en\/wp-json\/wp\/v2\/product\/154818","targetHints":{"allow":["GET"]}}],"collection":[{"href":"https:\/\/pizbube.ch\/en\/wp-json\/wp\/v2\/product"}],"about":[{"href":"https:\/\/pizbube.ch\/en\/wp-json\/wp\/v2\/types\/product"}],"wp:featuredmedia":[{"embeddable":true,"href":"https:\/\/pizbube.ch\/en\/wp-json\/wp\/v2\/media\/37074"}],"wp:attachment":[{"href":"https:\/\/pizbube.ch\/en\/wp-json\/wp\/v2\/media?parent=154818"}],"wp:term":[{"taxonomy":"product_brand","embeddable":true,"href":"https:\/\/pizbube.ch\/en\/wp-json\/wp\/v2\/product_brand?post=154818"},{"taxonomy":"product_cat","embeddable":true,"href":"https:\/\/pizbube.ch\/en\/wp-json\/wp\/v2\/product_cat?post=154818"},{"taxonomy":"product_tag","embeddable":true,"href":"https:\/\/pizbube.ch\/en\/wp-json\/wp\/v2\/product_tag?post=154818"}],"curies":[{"name":"wp","href":"https:\/\/api.w.org\/{rel}","templated":true}]}}