{"id":154820,"date":"2021-01-15T14:52:27","date_gmt":"2021-01-15T14:52:27","guid":{"rendered":"https:\/\/codengine3.ch\/?product=import-placeholder-for-206834"},"modified":"2021-01-15T14:52:30","modified_gmt":"2021-01-15T14:52:30","slug":"rigi-mehr-als-ein-berg","status":"publish","type":"product","link":"https:\/\/pizbube.ch\/en\/shop\/rigi-mehr-als-ein-berg\/","title":{"rendered":"Rigi &#8211; Mehr als ein Berg"},"content":{"rendered":"<p>\nDie Geschichte der touristischen Erschliessung des Aussichtsbergs steht im<br \/>\nMittelpunkt des Buchs. Neben den \u00c4lplern stiegen bis um 1800 vor allem fromme<br \/>\nPilger auf die Rigi. Ihnen folgten die unkatholischen Bergfahrer und reichen<br \/>\nLutheraner, die nichts anderes als die sch\u00f6ne Aussicht im Sinn hatten. Bald<br \/>\nwurde die Rigi zum Modeberg, den im 19. Jahrhundert Dichter und F\u00fcrsten aus<br \/>\nganz Europa zu besteigen hatten. 50 000 G\u00e4ste besuchten die Rigi um 1850, nach<br \/>\nder Er\u00f6ffnung der Zahnradbahnen ab 1871 waren es bald viermal so viele.  <\/p>\n<p>Nat\u00fcrlich gab es auch Konflikte, Streitereien und R\u00fcckschl\u00e4ge. So sorgte etwa<br \/>\ndie damals ber\u00fchmte Rigi-Krankheit schweizweit f\u00fcr Negativschlagzeilen. Der<br \/>\nAusbruch des Ersten Weltkriegs beendete den Boom schlagartig. Den gut<br \/>\nbetuchten Europ\u00e4ern folgten zun\u00e4chst verm\u00f6gende Schweizer &#8211; mit den<br \/>\nStararchitekten im Schlepptau, die ihnen ihre Ferienh\u00e4uschen bauten, und<br \/>\nschliesslich die einfachen Wanderer und Skifahrer. Nach einem steten Auf und<br \/>\nAb erhofft man sich heute nichts weniger als die Wiedergeburt der Rigi  <\/p>","protected":false},"excerpt":{"rendered":"<p>Die Geschichte der touristischen Erschliessung des Aussichtsbergs steht im Mittelpunkt des Buchs. Neben den \u00c4lplern stiegen bis um 1800 vor allem fromme Pilger auf die Rigi. Ihnen folgten die unkatholischen Bergfahrer und reichen Lutheraner, die nichts anderes als die sch\u00f6ne Aussicht im Sinn hatten. Bald wurde die Rigi zum Modeberg, den im 19. Jahrhundert Dichter [&#8230;]\n","protected":false},"featured_media":36257,"template":"","meta":[],"product_brand":[],"product_cat":[21542],"product_tag":[],"class_list":{"0":"post-154820","1":"product","2":"type-product","3":"status-publish","4":"has-post-thumbnail","6":"product_cat-sachbuecher-dokumentationen","7":"pa_autor-kaelin","8":"pa_erscheinungsjahr-21621","9":"pa_region-schweiz","10":"pa_sprache-de","12":"first","13":"instock","14":"taxable","15":"shipping-taxable","16":"purchasable","17":"product-type-simple"},"_links":{"self":[{"href":"https:\/\/pizbube.ch\/en\/wp-json\/wp\/v2\/product\/154820","targetHints":{"allow":["GET"]}}],"collection":[{"href":"https:\/\/pizbube.ch\/en\/wp-json\/wp\/v2\/product"}],"about":[{"href":"https:\/\/pizbube.ch\/en\/wp-json\/wp\/v2\/types\/product"}],"wp:featuredmedia":[{"embeddable":true,"href":"https:\/\/pizbube.ch\/en\/wp-json\/wp\/v2\/media\/36257"}],"wp:attachment":[{"href":"https:\/\/pizbube.ch\/en\/wp-json\/wp\/v2\/media?parent=154820"}],"wp:term":[{"taxonomy":"product_brand","embeddable":true,"href":"https:\/\/pizbube.ch\/en\/wp-json\/wp\/v2\/product_brand?post=154820"},{"taxonomy":"product_cat","embeddable":true,"href":"https:\/\/pizbube.ch\/en\/wp-json\/wp\/v2\/product_cat?post=154820"},{"taxonomy":"product_tag","embeddable":true,"href":"https:\/\/pizbube.ch\/en\/wp-json\/wp\/v2\/product_tag?post=154820"}],"curies":[{"name":"wp","href":"https:\/\/api.w.org\/{rel}","templated":true}]}}