{"id":154822,"date":"2021-01-15T14:52:45","date_gmt":"2021-01-15T14:52:45","guid":{"rendered":"https:\/\/codengine3.ch\/?product=import-placeholder-for-206872"},"modified":"2023-11-14T08:59:42","modified_gmt":"2023-11-14T07:59:42","slug":"alpensolo-allein-zu-fuss-von-ost-nach-west","status":"publish","type":"product","link":"https:\/\/pizbube.ch\/en\/shop\/alpensolo-allein-zu-fuss-von-ost-nach-west\/","title":{"rendered":"Alpensolo &#8211; Allein zu Fuss von Ost nach West"},"content":{"rendered":"<p>Berge bedeuten f\u00fcr Ana Zirner Freiheit. Doch der engagierten Regisseurin<br \/>\nbleibt zu selten Zeit f\u00fcr ihre Passion. Deshalb beschlie\u00dft sie, allen Ballast<br \/>\nabzustreifen und allein von Ost nach West die Alpen zu \u00fcberqueren.<\/p>\n<p>Nur mit einem 35-Liter-Rucksack bepackt, begibt sie sich auf ihre selbst<br \/>\ngelegte Route: knapp 2000 Kilometer vom slowenischen Ljubljana \u00fcber<br \/>\n\u00d6sterreich, Italien und die Schweiz bis ins franz\u00f6sische Grenoble. Packend und<br \/>\nmit starker Stimme erz\u00e4hlt sie vom Gl\u00fcck, unter dem Sternenhimmel zu<br \/>\nbiwakieren.<\/p>\n<p>Wie sie beim Bergsteigen ihr Bewusstsein sch\u00e4rft und der Natur mit Respekt<br \/>\nbegegnet. Dass ihr die Berge in ihrer ruhenden Weisheit einen Platz zuweisen.<br \/>\nUnd was sie von den Menschen, die dort wohnen, \u00fcber Mitgef\u00fchl und Demut lernt.<\/p>","protected":false},"excerpt":{"rendered":"<p>Berge bedeuten f\u00fcr Ana Zirner Freiheit. Doch der engagierten Regisseurin bleibt zu selten Zeit f\u00fcr ihre Passion. Deshalb beschlie\u00dft sie, allen Ballast abzustreifen und allein von Ost nach West die Alpen zu \u00fcberqueren. Nur mit einem 35-Liter-Rucksack bepackt, begibt sie sich auf ihre selbst gelegte Route: knapp 2000 Kilometer vom slowenischen Ljubljana \u00fcber \u00d6sterreich, Italien [&#8230;]\n","protected":false},"featured_media":170373,"template":"","meta":[],"product_brand":[],"product_cat":[21542],"product_tag":[],"class_list":{"0":"post-154822","1":"product","2":"type-product","3":"status-publish","4":"has-post-thumbnail","6":"product_cat-sachbuecher-dokumentationen","7":"pa_autor-zirner","8":"pa_erscheinungsjahr-21558","9":"pa_region-deutschland","10":"pa_sprache-de","12":"first","13":"instock","14":"taxable","15":"shipping-taxable","16":"purchasable","17":"product-type-simple"},"_links":{"self":[{"href":"https:\/\/pizbube.ch\/en\/wp-json\/wp\/v2\/product\/154822","targetHints":{"allow":["GET"]}}],"collection":[{"href":"https:\/\/pizbube.ch\/en\/wp-json\/wp\/v2\/product"}],"about":[{"href":"https:\/\/pizbube.ch\/en\/wp-json\/wp\/v2\/types\/product"}],"wp:featuredmedia":[{"embeddable":true,"href":"https:\/\/pizbube.ch\/en\/wp-json\/wp\/v2\/media\/170373"}],"wp:attachment":[{"href":"https:\/\/pizbube.ch\/en\/wp-json\/wp\/v2\/media?parent=154822"}],"wp:term":[{"taxonomy":"product_brand","embeddable":true,"href":"https:\/\/pizbube.ch\/en\/wp-json\/wp\/v2\/product_brand?post=154822"},{"taxonomy":"product_cat","embeddable":true,"href":"https:\/\/pizbube.ch\/en\/wp-json\/wp\/v2\/product_cat?post=154822"},{"taxonomy":"product_tag","embeddable":true,"href":"https:\/\/pizbube.ch\/en\/wp-json\/wp\/v2\/product_tag?post=154822"}],"curies":[{"name":"wp","href":"https:\/\/api.w.org\/{rel}","templated":true}]}}