{"id":154824,"date":"2021-01-15T14:53:02","date_gmt":"2021-01-15T14:53:02","guid":{"rendered":"https:\/\/codengine3.ch\/?product=import-placeholder-for-206946"},"modified":"2022-11-09T17:59:09","modified_gmt":"2022-11-09T16:59:09","slug":"mapbag-landkartentaschen-mittel","status":"publish","type":"product","link":"https:\/\/pizbube.ch\/en\/shop\/mapbag-landkartentaschen-mittel\/","title":{"rendered":"Mapbag \/ Landkartentaschen mittel"},"content":{"rendered":"<p>Map &#8211; bag<br \/>\nMaterial: Landkarten Fehl-\/ Probedruck<br \/>\nLandkarten-Makulatur von swisstopo mit Traggriff aus Papierkordel<\/p>\n<p>Farbe: Da es sich beim verwendeten Material um Recyclingmaterial handelt, das<br \/>\nder Hersteller nicht ausw\u00e4hlen kann, werden die Tragtaschen assortiert<br \/>\ngeliefert. W\u00fcnsche betreffend einer bestimmten Art von Sujet, Farbe und<br \/>\nDruckqualit\u00e4t k\u00f6nnen leider nicht entgegengenommen werden.<\/p>\n<p>Mapbag mittel (220 x 175 x 70 mm)<\/p>","protected":false},"excerpt":{"rendered":"<p>Map &#8211; bag Material: Landkarten Fehl-\/ Probedruck Landkarten-Makulatur von swisstopo mit Traggriff aus Papierkordel Farbe: Da es sich beim verwendeten Material um Recyclingmaterial handelt, das der Hersteller nicht ausw\u00e4hlen kann, werden die Tragtaschen assortiert geliefert. W\u00fcnsche betreffend einer bestimmten Art von Sujet, Farbe und Druckqualit\u00e4t k\u00f6nnen leider nicht entgegengenommen werden. Mapbag mittel (220 x 175 [&#8230;]\n","protected":false},"featured_media":164388,"template":"","meta":[],"product_brand":[],"product_cat":[21836],"product_tag":[],"class_list":{"0":"post-154824","1":"product","2":"type-product","3":"status-publish","4":"has-post-thumbnail","6":"product_cat-geschenkideen","7":"pa_autor-recyclingart","8":"pa_erscheinungsjahr-21621","9":"pa_region-schweiz","10":"pa_sprache-de","12":"first","13":"instock","14":"taxable","15":"shipping-taxable","16":"purchasable","17":"product-type-simple"},"_links":{"self":[{"href":"https:\/\/pizbube.ch\/en\/wp-json\/wp\/v2\/product\/154824","targetHints":{"allow":["GET"]}}],"collection":[{"href":"https:\/\/pizbube.ch\/en\/wp-json\/wp\/v2\/product"}],"about":[{"href":"https:\/\/pizbube.ch\/en\/wp-json\/wp\/v2\/types\/product"}],"wp:featuredmedia":[{"embeddable":true,"href":"https:\/\/pizbube.ch\/en\/wp-json\/wp\/v2\/media\/164388"}],"wp:attachment":[{"href":"https:\/\/pizbube.ch\/en\/wp-json\/wp\/v2\/media?parent=154824"}],"wp:term":[{"taxonomy":"product_brand","embeddable":true,"href":"https:\/\/pizbube.ch\/en\/wp-json\/wp\/v2\/product_brand?post=154824"},{"taxonomy":"product_cat","embeddable":true,"href":"https:\/\/pizbube.ch\/en\/wp-json\/wp\/v2\/product_cat?post=154824"},{"taxonomy":"product_tag","embeddable":true,"href":"https:\/\/pizbube.ch\/en\/wp-json\/wp\/v2\/product_tag?post=154824"}],"curies":[{"name":"wp","href":"https:\/\/api.w.org\/{rel}","templated":true}]}}