{"id":154827,"date":"2021-01-15T14:53:03","date_gmt":"2021-01-15T14:53:03","guid":{"rendered":"https:\/\/codengine3.ch\/?product=import-placeholder-for-207552"},"modified":"2022-12-16T09:17:22","modified_gmt":"2022-12-16T08:17:22","slug":"alpenpaesse-vom-genfer-see-zum-bodensee","status":"publish","type":"product","link":"https:\/\/pizbube.ch\/en\/shop\/alpenpaesse-vom-genfer-see-zum-bodensee\/","title":{"rendered":"Alpenp\u00e4sse &#8211; Vom Genfer See zum Bodensee"},"content":{"rendered":"<p>Geschichte der alpinen Pass\u00fcberg\u00e4nge \u2013 Band 2<\/p>\n<p>Vom Saumpfad zum Basistunnel \u2013 eine Verkehrsgeschichte der alpinen<br \/>\nPass\u00fcberg\u00e4nge<br \/>\nDie vierb\u00e4ndige Buchreihe \u201cAlpenp\u00e4sse\u201d von Steffan Bruns beschreibt ebenso<br \/>\nunterhaltsam wie fundiert die Entstehungs- und Kulturgeschichte der<br \/>\nPass\u00fcberg\u00e4nge des h\u00f6chsten Gebirges im Inneren Europas.Geografisch geordnet<br \/>\nnach Regionen und P\u00e4ssen lassen sich die B\u00e4nde linear wie ein Sachbuch lesen,<br \/>\nmit ihrem umfangreichen Stichwortregister aber auch ideal als Nachschlagewerk<br \/>\nf\u00fcr Reisende nutzen.<\/p>\n<p>Der Leser erf\u00e4hrt Wissenswertes wie Kurioses \u00fcber Namensgebung,<br \/>\nVerkehrsentwicklung, Wegebau und die wechselnde Geschichte der alpinen P\u00e4sse<br \/>\nbeiderseits der Brenner-Route, zwischen Bodensee und Comer See, westlich der<br \/>\nGotthard-Route sowie die P\u00e4sse der Ostalpen und der franz\u00f6sischen und<br \/>\nitalienischen Westalpen.Es wird berichtet, wie und wo der Steinzeitmensch die<br \/>\nAlpen eroberte, wo die Kelten erste Pfade und die R\u00f6mer erste Stra\u00dfen bauten,<br \/>\nvon den Beschwernissen und Abenteuern, die fr\u00fche Reisende erlebten sowie vom<br \/>\nBau moderner Chausseen, Eisenbahnlinien und Autobahnen \u00fcber das Gebirgsmassiv.<\/p>\n<p>Die arch\u00e4ologische, milit\u00e4rgeschichtliche und kulturhistorische Betrachtung<br \/>\nwird durch interessantes Karten- und Bildmaterial angereichert. Das Werk ist<br \/>\ndas erste umfassende Verzeichnis seiner Art.<\/p>","protected":false},"excerpt":{"rendered":"<p>Geschichte der alpinen Pass\u00fcberg\u00e4nge \u2013 Band 2 Vom Saumpfad zum Basistunnel \u2013 eine Verkehrsgeschichte der alpinen Pass\u00fcberg\u00e4nge Die vierb\u00e4ndige Buchreihe \u201cAlpenp\u00e4sse\u201d von Steffan Bruns beschreibt ebenso unterhaltsam wie fundiert die Entstehungs- und Kulturgeschichte der Pass\u00fcberg\u00e4nge des h\u00f6chsten Gebirges im Inneren Europas.Geografisch geordnet nach Regionen und P\u00e4ssen lassen sich die B\u00e4nde linear wie ein Sachbuch lesen, [&#8230;]\n","protected":false},"featured_media":37788,"template":"","meta":[],"product_brand":[],"product_cat":[21542],"product_tag":[],"class_list":{"0":"post-154827","1":"product","2":"type-product","3":"status-publish","4":"has-post-thumbnail","6":"product_cat-sachbuecher-dokumentationen","7":"pa_autor-bruns","8":"pa_erscheinungsjahr-21621","9":"pa_region-oesterreich","10":"pa_sprache-de","12":"first","13":"outofstock","14":"taxable","15":"shipping-taxable","16":"purchasable","17":"product-type-simple"},"_links":{"self":[{"href":"https:\/\/pizbube.ch\/en\/wp-json\/wp\/v2\/product\/154827","targetHints":{"allow":["GET"]}}],"collection":[{"href":"https:\/\/pizbube.ch\/en\/wp-json\/wp\/v2\/product"}],"about":[{"href":"https:\/\/pizbube.ch\/en\/wp-json\/wp\/v2\/types\/product"}],"wp:featuredmedia":[{"embeddable":true,"href":"https:\/\/pizbube.ch\/en\/wp-json\/wp\/v2\/media\/37788"}],"wp:attachment":[{"href":"https:\/\/pizbube.ch\/en\/wp-json\/wp\/v2\/media?parent=154827"}],"wp:term":[{"taxonomy":"product_brand","embeddable":true,"href":"https:\/\/pizbube.ch\/en\/wp-json\/wp\/v2\/product_brand?post=154827"},{"taxonomy":"product_cat","embeddable":true,"href":"https:\/\/pizbube.ch\/en\/wp-json\/wp\/v2\/product_cat?post=154827"},{"taxonomy":"product_tag","embeddable":true,"href":"https:\/\/pizbube.ch\/en\/wp-json\/wp\/v2\/product_tag?post=154827"}],"curies":[{"name":"wp","href":"https:\/\/api.w.org\/{rel}","templated":true}]}}