{"id":154831,"date":"2021-01-15T14:53:25","date_gmt":"2021-01-15T14:53:25","guid":{"rendered":"https:\/\/codengine3.ch\/?product=import-placeholder-for-207989"},"modified":"2021-01-15T17:48:59","modified_gmt":"2021-01-15T17:48:59","slug":"ocean-of-clouds-alpine-fluchten","status":"publish","type":"product","link":"https:\/\/pizbube.ch\/en\/shop\/ocean-of-clouds-alpine-fluchten\/","title":{"rendered":"Ocean of Clouds &#8211; Alpine Fluchten"},"content":{"rendered":"<p>\nDieser Bildband zeugt von der Leidenschaft des M\u00fcnchner Fotografen Sammy Hart:<br \/>\nden Bergen. Um seinem urbanen Alltag zu entfliehen, zieht es ihn regelm\u00e4\u00dfig in<br \/>\ndie Alpen. Sie sind f\u00fcr ihn Fluchtpunkt und R\u00fcckzugsort, wenn das Verlangen<br \/>\nnach dem Drau\u00dfensein gro\u00df wird. Dort weicht das Allt\u00e4gliche dem Abenteuer<br \/>\nNatur.  <\/p>\n<p>Wie bei seinen Portr\u00e4tfotografien arbeitet der Lichtbildner bei seinen<br \/>\nexzellenten Bergaufnahmen den einzigartigen Charakter dieser jahrtausendealten<br \/>\nsteinernen Eminenzen heraus. Von wei\u00df und silbern \u00fcber anthrazit bis schwarz<br \/>\noderpolychrom werden sie in Szene gesetzt: dramatische Lichtstimmungen,<br \/>\nabrupte Wetterwechsel, schroffe Felsen, schmale Steige, Gipfelfreude &#8230;  <\/p>\n<p>Es sind Momente der Bergeinsamkeit, poetische Bilder, voller Sch\u00f6nheit und<br \/>\nErhabenheit &#8211; Stets mit einem wachen Blick f\u00fcr die \u00f6kologischen Realit\u00e4ten<br \/>\nunserer Zeit.  <\/p>","protected":false},"excerpt":{"rendered":"<p>Dieser Bildband zeugt von der Leidenschaft des M\u00fcnchner Fotografen Sammy Hart: den Bergen. Um seinem urbanen Alltag zu entfliehen, zieht es ihn regelm\u00e4\u00dfig in die Alpen. Sie sind f\u00fcr ihn Fluchtpunkt und R\u00fcckzugsort, wenn das Verlangen nach dem Drau\u00dfensein gro\u00df wird. Dort weicht das Allt\u00e4gliche dem Abenteuer Natur. Wie bei seinen Portr\u00e4tfotografien arbeitet der Lichtbildner [&#8230;]\n","protected":false},"featured_media":39049,"template":"","meta":[],"product_brand":[],"product_cat":[21580],"product_tag":[],"class_list":{"0":"post-154831","1":"product","2":"type-product","3":"status-publish","4":"has-post-thumbnail","6":"product_cat-kunst-kultur","7":"pa_autor-hart-arnu","8":"pa_erscheinungsjahr-21586","9":"pa_region-deutschland","10":"pa_sprache-de","12":"first","13":"instock","14":"taxable","15":"shipping-taxable","16":"purchasable","17":"product-type-simple"},"_links":{"self":[{"href":"https:\/\/pizbube.ch\/en\/wp-json\/wp\/v2\/product\/154831","targetHints":{"allow":["GET"]}}],"collection":[{"href":"https:\/\/pizbube.ch\/en\/wp-json\/wp\/v2\/product"}],"about":[{"href":"https:\/\/pizbube.ch\/en\/wp-json\/wp\/v2\/types\/product"}],"wp:featuredmedia":[{"embeddable":true,"href":"https:\/\/pizbube.ch\/en\/wp-json\/wp\/v2\/media\/39049"}],"wp:attachment":[{"href":"https:\/\/pizbube.ch\/en\/wp-json\/wp\/v2\/media?parent=154831"}],"wp:term":[{"taxonomy":"product_brand","embeddable":true,"href":"https:\/\/pizbube.ch\/en\/wp-json\/wp\/v2\/product_brand?post=154831"},{"taxonomy":"product_cat","embeddable":true,"href":"https:\/\/pizbube.ch\/en\/wp-json\/wp\/v2\/product_cat?post=154831"},{"taxonomy":"product_tag","embeddable":true,"href":"https:\/\/pizbube.ch\/en\/wp-json\/wp\/v2\/product_tag?post=154831"}],"curies":[{"name":"wp","href":"https:\/\/api.w.org\/{rel}","templated":true}]}}