{"id":154834,"date":"2021-01-15T14:53:41","date_gmt":"2021-01-15T14:53:41","guid":{"rendered":"https:\/\/codengine3.ch\/?product=import-placeholder-for-206952"},"modified":"2021-01-15T14:53:44","modified_gmt":"2021-01-15T14:53:44","slug":"lienz-schobergruppe-nationalpark-hohe-tauern-150000","status":"publish","type":"product","link":"https:\/\/pizbube.ch\/en\/shop\/lienz-schobergruppe-nationalpark-hohe-tauern-150000\/","title":{"rendered":"Lienz &#8211; Schobergruppe &#8211; Nationalpark Hohe Tauern; 1:50&#8217;000"},"content":{"rendered":"<p>Wander-, Bike- und Skitourenkarte  <\/p>\n<p>Kompass Wanderkarten<br \/>\nReihenbandnummer: 48<br \/>\nIn Plastikh\u00fclle, mit Kompass Lexikon  <\/p>\n<p>Diese neue Karte f\u00fchrt den Betrachter in die hochalpine Schobergruppe; einem<br \/>\nTeil des Nationalparks Hohe Tauern.<br \/>\nZus\u00e4tzlich zu sehen: \u2022 Gro\u00dfglockner (mit 3.798m h\u00f6chster Berg \u00d6sterreichs)<br \/>\n\u2022 Teile der Goldberggruppe, den Deferegger Alpen, der Kreuzeckgruppe<br \/>\n\u2022 Kalser Tal, Iseltal, Pustertal, Drautal, M\u00f6lltal  <\/p>","protected":false},"excerpt":{"rendered":"<p>Wander-, Bike- und Skitourenkarte Kompass Wanderkarten Reihenbandnummer: 48 In Plastikh\u00fclle, mit Kompass Lexikon Diese neue Karte f\u00fchrt den Betrachter in die hochalpine Schobergruppe; einem Teil des Nationalparks Hohe Tauern. Zus\u00e4tzlich zu sehen: \u2022 Gro\u00dfglockner (mit 3.798m h\u00f6chster Berg \u00d6sterreichs) \u2022 Teile der Goldberggruppe, den Deferegger Alpen, der Kreuzeckgruppe \u2022 Kalser Tal, Iseltal, Pustertal, Drautal, M\u00f6lltal<\/p>","protected":false},"featured_media":36508,"template":"","meta":[],"product_brand":[],"product_cat":[21543],"product_tag":[],"class_list":{"0":"post-154834","1":"product","2":"type-product","3":"status-publish","4":"has-post-thumbnail","6":"product_cat-landkarten","7":"pa_autor-kompass","8":"pa_erscheinungsjahr-21571","9":"pa_region-oesterreich","10":"pa_sprache-de","12":"first","13":"instock","14":"taxable","15":"shipping-taxable","16":"purchasable","17":"product-type-simple"},"_links":{"self":[{"href":"https:\/\/pizbube.ch\/en\/wp-json\/wp\/v2\/product\/154834","targetHints":{"allow":["GET"]}}],"collection":[{"href":"https:\/\/pizbube.ch\/en\/wp-json\/wp\/v2\/product"}],"about":[{"href":"https:\/\/pizbube.ch\/en\/wp-json\/wp\/v2\/types\/product"}],"wp:featuredmedia":[{"embeddable":true,"href":"https:\/\/pizbube.ch\/en\/wp-json\/wp\/v2\/media\/36508"}],"wp:attachment":[{"href":"https:\/\/pizbube.ch\/en\/wp-json\/wp\/v2\/media?parent=154834"}],"wp:term":[{"taxonomy":"product_brand","embeddable":true,"href":"https:\/\/pizbube.ch\/en\/wp-json\/wp\/v2\/product_brand?post=154834"},{"taxonomy":"product_cat","embeddable":true,"href":"https:\/\/pizbube.ch\/en\/wp-json\/wp\/v2\/product_cat?post=154834"},{"taxonomy":"product_tag","embeddable":true,"href":"https:\/\/pizbube.ch\/en\/wp-json\/wp\/v2\/product_tag?post=154834"}],"curies":[{"name":"wp","href":"https:\/\/api.w.org\/{rel}","templated":true}]}}