{"id":154836,"date":"2021-01-15T14:53:59","date_gmt":"2021-01-15T14:53:59","guid":{"rendered":"https:\/\/codengine3.ch\/?product=import-placeholder-for-208553"},"modified":"2025-10-28T15:30:23","modified_gmt":"2025-10-28T14:30:23","slug":"cavallers-bloc","status":"publish","type":"product","link":"https:\/\/pizbube.ch\/en\/shop\/cavallers-bloc\/","title":{"rendered":"Cavallers bloc"},"content":{"rendered":"<p>Gu\u00eda de escalada en bloque de Cavallers \/ Guidebook to Cavallers Bouldering<\/p>\n<p>Gu\u00eda de bloque de Cavallers que incluye 931 problemas y 21 sectores. Todas las<br \/>\ninformaciones est\u00e1n en catal\u00e1n, castellano e ingl\u00e9s. Las explicaciones de los<br \/>\ndiferentes problemas est\u00e1n en catal\u00e1n, pero hay un peque\u00f1o diccionario<br \/>\ncatal\u00e1n-castellano-ingl\u00e9s al final de la gu\u00eda.<\/p>\n<p>All the information is in Catalan, Spanish and English. The explanation of the<br \/>\ndifferent climbing problems are in catalan, but there is a brief Catalan-<br \/>\nSpanish-English dictionary at the end of the guidebook.<\/p>\n<p>Problems: 931 ;<br \/>\nPages: 264;<br \/>\nSectors: 21<\/p>","protected":false},"excerpt":{"rendered":"<p>Gu\u00eda de escalada en bloque de Cavallers \/ Guidebook to Cavallers Bouldering Gu\u00eda de bloque de Cavallers que incluye 931 problemas y 21 sectores. Todas las informaciones est\u00e1n en catal\u00e1n, castellano e ingl\u00e9s. Las explicaciones de los diferentes problemas est\u00e1n en catal\u00e1n, pero hay un peque\u00f1o diccionario catal\u00e1n-castellano-ingl\u00e9s al final de la gu\u00eda. All the [&#8230;]\n","protected":false},"featured_media":181903,"template":"","meta":[],"product_brand":[],"product_cat":[21539],"product_tag":[],"class_list":{"0":"post-154836","1":"product","2":"type-product","3":"status-publish","4":"has-post-thumbnail","6":"product_cat-fuehrerliteratur-sportklettern-bouldern","7":"pa_autor-autoedicion","8":"pa_erscheinungsjahr-21586","9":"pa_region-spanien","10":"pa_sprache-es-en","12":"first","13":"instock","14":"taxable","15":"shipping-taxable","16":"purchasable","17":"product-type-simple"},"_links":{"self":[{"href":"https:\/\/pizbube.ch\/en\/wp-json\/wp\/v2\/product\/154836","targetHints":{"allow":["GET"]}}],"collection":[{"href":"https:\/\/pizbube.ch\/en\/wp-json\/wp\/v2\/product"}],"about":[{"href":"https:\/\/pizbube.ch\/en\/wp-json\/wp\/v2\/types\/product"}],"wp:featuredmedia":[{"embeddable":true,"href":"https:\/\/pizbube.ch\/en\/wp-json\/wp\/v2\/media\/181903"}],"wp:attachment":[{"href":"https:\/\/pizbube.ch\/en\/wp-json\/wp\/v2\/media?parent=154836"}],"wp:term":[{"taxonomy":"product_brand","embeddable":true,"href":"https:\/\/pizbube.ch\/en\/wp-json\/wp\/v2\/product_brand?post=154836"},{"taxonomy":"product_cat","embeddable":true,"href":"https:\/\/pizbube.ch\/en\/wp-json\/wp\/v2\/product_cat?post=154836"},{"taxonomy":"product_tag","embeddable":true,"href":"https:\/\/pizbube.ch\/en\/wp-json\/wp\/v2\/product_tag?post=154836"}],"curies":[{"name":"wp","href":"https:\/\/api.w.org\/{rel}","templated":true}]}}