{"id":154840,"date":"2021-01-15T14:54:34","date_gmt":"2021-01-15T14:54:34","guid":{"rendered":"https:\/\/codengine3.ch\/?product=import-placeholder-for-207058"},"modified":"2021-01-15T14:54:44","modified_gmt":"2021-01-15T14:54:44","slug":"prachovske-skaly","status":"publish","type":"product","link":"https:\/\/pizbube.ch\/en\/shop\/prachovske-skaly\/","title":{"rendered":"PRACHOVSKE SKALY"},"content":{"rendered":"<p>Die Prachovsk\u00e9 sk\u00e1ly (deutsch: Prachauer Felsen) liegen im \u00e4u\u00dfersten Osten des<br \/>\nB\u00f6hmischen Paradieses.  <\/p>\n<p>The Prachovsk\u00e9 Sk\u00e1ly is a rock area with a long tradition of climbing.  <\/p>\n<p>The large rock formation of the Prachovsk\u00e9 Sk\u00e1ly comprises a lot of tall and<br \/>\nrelatively narrow towers. The locality offers wonderful conventional rises in<br \/>\nthe walls, chinks and rock chimneys. The trails cover the whole difficulty<br \/>\nrange, the locality is relatively well-accessible, and there is good service<br \/>\nbackground.  <\/p>\n<p>The sandstone in the Prachovsk\u00e9 Sk\u00e1ly is relatively compact so you can use<br \/>\neven miniature toeholds and catches. The rock is solid, relatively well<br \/>\ncatchable, and the lock outs are fixed in reasonable distances. There are too<br \/>\nmany tourists within a relatively small area, though &#8211; so those who love quiet<br \/>\nplaces usually decide to go somewhere else.  <\/p>","protected":false},"excerpt":{"rendered":"<p>Die Prachovsk\u00e9 sk\u00e1ly (deutsch: Prachauer Felsen) liegen im \u00e4u\u00dfersten Osten des B\u00f6hmischen Paradieses. The Prachovsk\u00e9 Sk\u00e1ly is a rock area with a long tradition of climbing. The large rock formation of the Prachovsk\u00e9 Sk\u00e1ly comprises a lot of tall and relatively narrow towers. The locality offers wonderful conventional rises in the walls, chinks and rock [&#8230;]\n","protected":false},"featured_media":36639,"template":"","meta":[],"product_brand":[],"product_cat":[21539],"product_tag":[],"class_list":{"0":"post-154840","1":"product","2":"type-product","3":"status-publish","4":"has-post-thumbnail","6":"product_cat-fuehrerliteratur-sportklettern-bouldern","7":"pa_autor-petran-kotatko","8":"pa_erscheinungsjahr-21842","9":"pa_region-osteuropa","10":"pa_sprache-tschechisch","12":"first","13":"outofstock","14":"taxable","15":"shipping-taxable","16":"purchasable","17":"product-type-simple"},"_links":{"self":[{"href":"https:\/\/pizbube.ch\/en\/wp-json\/wp\/v2\/product\/154840","targetHints":{"allow":["GET"]}}],"collection":[{"href":"https:\/\/pizbube.ch\/en\/wp-json\/wp\/v2\/product"}],"about":[{"href":"https:\/\/pizbube.ch\/en\/wp-json\/wp\/v2\/types\/product"}],"wp:featuredmedia":[{"embeddable":true,"href":"https:\/\/pizbube.ch\/en\/wp-json\/wp\/v2\/media\/36639"}],"wp:attachment":[{"href":"https:\/\/pizbube.ch\/en\/wp-json\/wp\/v2\/media?parent=154840"}],"wp:term":[{"taxonomy":"product_brand","embeddable":true,"href":"https:\/\/pizbube.ch\/en\/wp-json\/wp\/v2\/product_brand?post=154840"},{"taxonomy":"product_cat","embeddable":true,"href":"https:\/\/pizbube.ch\/en\/wp-json\/wp\/v2\/product_cat?post=154840"},{"taxonomy":"product_tag","embeddable":true,"href":"https:\/\/pizbube.ch\/en\/wp-json\/wp\/v2\/product_tag?post=154840"}],"curies":[{"name":"wp","href":"https:\/\/api.w.org\/{rel}","templated":true}]}}