{"id":154843,"date":"2021-01-15T14:54:59","date_gmt":"2021-01-15T14:54:59","guid":{"rendered":"https:\/\/codengine3.ch\/?product=import-placeholder-for-207874"},"modified":"2023-04-21T11:57:20","modified_gmt":"2023-04-21T09:57:20","slug":"atlas-des-glaciers-disparus","status":"publish","type":"product","link":"https:\/\/pizbube.ch\/en\/shop\/atlas-des-glaciers-disparus\/","title":{"rendered":"Atlas des glaciers disparus"},"content":{"rendered":"<p>Un voyage dans notre pass\u00e9 glaciaire pour mieux comprendre les paysages alpins d&#8217;aujourd&#8217;hui.<br \/>\nSur les traces des grands glaciers alpins.<\/p>\n<div id=\"product-description-104\" class=\"product-long-description\">\n<p>Regardez bien l\u2019image figurant en couverture : c\u2019est une reconstitution de l\u2019immense glacier de l\u2019Is\u00e8re qui venait mourir il y a un peu plus de 20 000 ans dans un lac profond de plusieurs centaines de m\u00e8tres, l\u00e0 o\u00f9 se trouve aujourd\u2019hui la ville de Grenoble. \u00c0 la m\u00eame \u00e9poque, le site de Gen\u00e8ve \u00e9tait sous les glaces et le lobe du glacier du Rh\u00f4ne \u00e9crasait les banlieues de Lyon\u2026 Dix fois au moins pendant l\u2019\u00e8re quaternaire, les Alpes ont \u00e9t\u00e9 recouvertes par des champs de glace qui allaient de Sisteron \u00e0 Munich !<\/p>\n<p>Pour cr\u00e9er ces images et rendre visibles les glaciations pass\u00e9es, Sylvain Coutterand \u00e9tudie les traces que les glaciers g\u00e9ants ont laiss\u00e9es dans le paysage : blocs de rocher charri\u00e9s jusqu\u2019\u00e0 plusieurs centaines de kilom\u00e8tres de leur lieu d\u2019origine, roches rabot\u00e9es, moraines recouvertes depuis longtemps par la v\u00e9g\u00e9tation\u2026 L\u2019auteur retrace la naissance de cette science, la g\u00e9omorphologie, dont les d\u00e9couvertes ont permis de reconstituer les \u00e9tats pass\u00e9s des glaciers alpins. Plus de 50 cartes sont pr\u00e9sent\u00e9es dans cet atlas pour prendre la mesure de l\u2019ampleur des grandes glaciations et de la rapidit\u00e9 du recul actuel des glaciers.<br \/>\nCes images de ma pr\u00e9histoire des glaciers alpins sont un appel puissant \u00e0 la r\u00e9flexion \u00e0 l\u2019heure o\u00f9 leur disparition est une triste probabilit\u00e9.<\/p>\n<p>Si l\u2019envie vous gagne d\u2019aller voir sur le terrain, L\u2019atlas des glaciers disparus vous propose 10 randonn\u00e9es de d\u00e9couverte des plus beaux glaciers des Alpes. Il y a urgence : \u00ab Le r\u00e9chauffement climatique, s\u2019il n\u2019est pas ma\u00eetris\u00e9, finira de modifier \u00e0 br\u00e8ve \u00e9ch\u00e9ance ces paysages auxquels nous sommes tr\u00e8s attach\u00e9s \u00bb, \u00e9crit en pr\u00e9face le climatologue Jean Jouzel, membre de l\u2019Acad\u00e9mie des sciences.<\/p>\n<p>272 pages;<br \/>\n25 x 24,5 cm<\/p>\n<\/div>","protected":false},"excerpt":{"rendered":"<ul>\n<li><a href=\"https:\/\/youtu.be\/Qw-pRcvQIk8\" target=\"_blank\" rel=\"noopener\">Video: TEMPLATE PIZ Attachment &gt; Webvideo &gt; Youtube [KOPIE]<\/a><\/li>\n<\/ul>\n","protected":false},"featured_media":167292,"template":"","meta":[],"product_brand":[],"product_cat":[21542],"product_tag":[],"class_list":{"0":"post-154843","1":"product","2":"type-product","3":"status-publish","4":"has-post-thumbnail","6":"product_cat-sachbuecher-dokumentationen","7":"pa_autor-coutterand","8":"pa_erscheinungsjahr-27129","9":"pa_region-fauna-flora-geologie-glaziologie","10":"pa_sprache-fr","12":"first","13":"onbackorder","14":"taxable","15":"shipping-taxable","16":"purchasable","17":"product-type-simple"},"_links":{"self":[{"href":"https:\/\/pizbube.ch\/en\/wp-json\/wp\/v2\/product\/154843","targetHints":{"allow":["GET"]}}],"collection":[{"href":"https:\/\/pizbube.ch\/en\/wp-json\/wp\/v2\/product"}],"about":[{"href":"https:\/\/pizbube.ch\/en\/wp-json\/wp\/v2\/types\/product"}],"wp:featuredmedia":[{"embeddable":true,"href":"https:\/\/pizbube.ch\/en\/wp-json\/wp\/v2\/media\/167292"}],"wp:attachment":[{"href":"https:\/\/pizbube.ch\/en\/wp-json\/wp\/v2\/media?parent=154843"}],"wp:term":[{"taxonomy":"product_brand","embeddable":true,"href":"https:\/\/pizbube.ch\/en\/wp-json\/wp\/v2\/product_brand?post=154843"},{"taxonomy":"product_cat","embeddable":true,"href":"https:\/\/pizbube.ch\/en\/wp-json\/wp\/v2\/product_cat?post=154843"},{"taxonomy":"product_tag","embeddable":true,"href":"https:\/\/pizbube.ch\/en\/wp-json\/wp\/v2\/product_tag?post=154843"}],"curies":[{"name":"wp","href":"https:\/\/api.w.org\/{rel}","templated":true}]}}