{"id":154844,"date":"2021-01-15T14:55:09","date_gmt":"2021-01-15T14:55:09","guid":{"rendered":"https:\/\/codengine3.ch\/?product=import-placeholder-for-207781"},"modified":"2021-01-15T16:58:33","modified_gmt":"2021-01-15T16:58:33","slug":"auf-steilen-wegen-essays-zu-alpinismus-natur-und-fotografie","status":"publish","type":"product","link":"https:\/\/pizbube.ch\/en\/shop\/auf-steilen-wegen-essays-zu-alpinismus-natur-und-fotografie\/","title":{"rendered":"Auf steilen Wegen \u2013 Essays zu Alpinismus, Natur und Fotografie"},"content":{"rendered":"<p>Im k\u00fcnstlerischen Duplex-Druckverfahren hergestellt wirkt manche Seite im Buch<br \/>\nwie ein Ruhepol, ein Ort der Stille in unserer lauten und \u00fcbers\u00e4ttigten Welt.<br \/>\nEine Vielzahl faszinierender (Duplex-) Schwarz-Wei\u00df-Fotografien sch\u00e4rfen den<br \/>\nBlick auf das Besondere und manchmal Verborgene. Das Spiel mit der Unsch\u00e4rfe,<br \/>\ndie Wahl der Perspektive und das Isolieren des Sujets vom Hintergrund \u2013 f\u00fchren<br \/>\nzu kraftvollen, stimmungsvollen Bildern. Schwarz-Wei\u00df als Reduktion auf das<br \/>\nEssentielle. Eine poetische und sinnliche Einladung zur Stille und zum<br \/>\nInnehalten am Berg.<\/p>\n<p>Uli Sorg befasst sich in seiner dritten Buchver\u00f6ffentlichung in einer Reihe<br \/>\nvon Essays mit Themen zum Alpinismus, zur Natur und zur Fotografie.<br \/>\nAnschaulich beleuchtet er die wechselseitigen Beziehungen zwischen Bergen,<br \/>\nMenschen und der Alpenflora. Ein Kapitel widmet sich einer 632 j\u00e4hrigen L\u00e4rche<br \/>\nim Avers-Hochtal. Mit zahlreichen Bildern, Grafiken und einer 1 m breiten<br \/>\nAusklappseite wird die wechselvolle Lebensgeschichte des Baumriesen<br \/>\nnachgezeichnet. Mit faszinierenden Schwarz-Wei\u00df-Fotografien sch\u00e4rft er den<br \/>\nBlick auf das Besondere und manchmal Verborgene. Das Spiel mit der Unsch\u00e4rfe,<br \/>\ndie Wahl der Perspektive und das Isolieren des Sujets vom Hintergrund \u2212 f\u00fchren<br \/>\nzu kraftvollen, stimmungsvollen Bildern. Mal stehen bleiben und innehalten,<br \/>\nsich mit dem Motiv besch\u00e4ftigen. Licht und Schattenzonen ausloten. Manche<br \/>\nSeite im Buch wirkt wie ein Ruhepol, ein Ort der Stille in unserer lauten und<br \/>\n\u00fcbers\u00e4ttigten Welt.<\/p>\n<p>228 Seiten, 210 x 130 mm, Hardcover, Fadenheftung, Einbandpr\u00e4gung, Leseband,<br \/>\nmehr als 170 SW-Duplex-Fotos, 8- u. 12-seitige aufklappb. Panoramakarten 84 x<br \/>\n13 cm, 100 x 13 cm mit SW-Duplex Schutzumschlag.<\/p>\n<p>Inhalt:<br \/>\nVorwort<br \/>\nMonochromie pur \u2013 Oder die Kunst des Weglassens<br \/>\nMorgenspaziergang im Wald \u2013 Vom Fotografieren<br \/>\nPiz Turba \u2013 Im hinteren Avers Hochtal<br \/>\nDie L\u00e4rche aus dem Avers Hochtal \u2013 Eine Baumscheibe erz\u00e4hlt<br \/>\nStrukturen \u2013 Die Muster der Natur<br \/>\nSeilpartner und Weggef\u00e4hrten \u2013 Bergvagabunden sind treu<br \/>\nZeichen am Weg \u2013 Von Wegweisern und Markierungen<br \/>\nSilberwurz und Alpengl\u00f6ckchen \u2013 Leben am Limit<br \/>\nAnhang, Literatur- und Quellenverzeichnis<br \/>\nBildnachweis, Dank<\/p>","protected":false},"excerpt":{"rendered":"<p>Im k\u00fcnstlerischen Duplex-Druckverfahren hergestellt wirkt manche Seite im Buch wie ein Ruhepol, ein Ort der Stille in unserer lauten und \u00fcbers\u00e4ttigten Welt. Eine Vielzahl faszinierender (Duplex-) Schwarz-Wei\u00df-Fotografien sch\u00e4rfen den Blick auf das Besondere und manchmal Verborgene. Das Spiel mit der Unsch\u00e4rfe, die Wahl der Perspektive und das Isolieren des Sujets vom Hintergrund \u2013 f\u00fchren zu [&#8230;]\n","protected":false},"featured_media":38420,"template":"","meta":[],"product_brand":[],"product_cat":[21580],"product_tag":[],"class_list":{"0":"post-154844","1":"product","2":"type-product","3":"status-publish","4":"has-post-thumbnail","6":"product_cat-kunst-kultur","7":"pa_autor-sorg","8":"pa_erscheinungsjahr-21568","9":"pa_region-deutschland","10":"pa_sprache-de","12":"first","13":"instock","14":"taxable","15":"shipping-taxable","16":"purchasable","17":"product-type-simple"},"_links":{"self":[{"href":"https:\/\/pizbube.ch\/en\/wp-json\/wp\/v2\/product\/154844","targetHints":{"allow":["GET"]}}],"collection":[{"href":"https:\/\/pizbube.ch\/en\/wp-json\/wp\/v2\/product"}],"about":[{"href":"https:\/\/pizbube.ch\/en\/wp-json\/wp\/v2\/types\/product"}],"wp:featuredmedia":[{"embeddable":true,"href":"https:\/\/pizbube.ch\/en\/wp-json\/wp\/v2\/media\/38420"}],"wp:attachment":[{"href":"https:\/\/pizbube.ch\/en\/wp-json\/wp\/v2\/media?parent=154844"}],"wp:term":[{"taxonomy":"product_brand","embeddable":true,"href":"https:\/\/pizbube.ch\/en\/wp-json\/wp\/v2\/product_brand?post=154844"},{"taxonomy":"product_cat","embeddable":true,"href":"https:\/\/pizbube.ch\/en\/wp-json\/wp\/v2\/product_cat?post=154844"},{"taxonomy":"product_tag","embeddable":true,"href":"https:\/\/pizbube.ch\/en\/wp-json\/wp\/v2\/product_tag?post=154844"}],"curies":[{"name":"wp","href":"https:\/\/api.w.org\/{rel}","templated":true}]}}