{"id":154846,"date":"2021-01-15T14:55:25","date_gmt":"2021-01-15T14:55:25","guid":{"rendered":"https:\/\/codengine3.ch\/?product=import-placeholder-for-207138"},"modified":"2021-01-15T14:55:29","modified_gmt":"2021-01-15T14:55:29","slug":"hovden-150000","status":"publish","type":"product","link":"https:\/\/pizbube.ch\/en\/shop\/hovden-150000\/","title":{"rendered":"Hovden 1:50`000"},"content":{"rendered":"<p>Wanderkartenmappe Hovden 1:50.000<br \/>\n(Topographische Karten mit UTM-Gitter)  <\/p>\n<p>Diese Wanderkarten im Ma\u00dfstab 1:50.000 decken sowohl Geilo als auch<br \/>\nHallingskarvet ab. Sie finden auf diesen Karten alle wichtigen Informationen<br \/>\nwie markierte Fu\u00dfwege, markierte und preparierte Skipisten, markierte<br \/>\nSkipisten, Winterwege, die Skarverenn-Skipiste, beleuchtete Skipisten,<br \/>\nSkilifte, Fahrradwege, Ganzjahres-Fu\u00dfg\u00e4ngerbr\u00fccken, Sommer-Fu\u00dfg\u00e4ngerbr\u00fccken,<br \/>\nBobbahnen, Alpinski, Freib\u00e4der, Angelm\u00f6glichkeiten, behindertengerechte<br \/>\nAngelm\u00f6glichkeiten, Hundeschlittenstrecken, Kanufahren, Mietkanus,<br \/>\nKletterm\u00f6glichkeiten, Tontaubenschie\u00dfen, Eisschnellauf, Notunterk\u00fcnfte,<br \/>\nRafting, Reitm\u00f6glichkeiten, Schie\u00dfst\u00e4nde, bewirtschaftete Touristenh\u00fctten,<br \/>\nAussichtspunkte, Tankstellen, Campingpl\u00e4tze und -h\u00fctten, Erste-Hilfe-<br \/>\nStationen, Hotels, Schnellboote\/Passgierschiffe, Touristeninformation,<br \/>\nBahnh\u00f6fe, Lebensmittelgesch\u00e4fte, Sommerparkpl\u00e4tze und allgemeine Parkpl\u00e4tze,<br \/>\nRastst\u00e4tten, saisonbeschr\u00e4nkte Bedienung, Restaurants, Museen, Wohngebiete und<br \/>\nGeb\u00e4ude, Schulen, Kirchen, andere kulturelle Merkmale, Grenzen, Reliefs,<br \/>\nVegetation und Bodenbedeckung, Verkehrswege usw.<br \/>\nDes weiteren sind auf der R\u00fcckseite kurze, informative Texte in norwegischer<br \/>\nSprache abgedruckt.  <\/p>\n<p>Gefaltete Karten in Plastikmappe, Gr\u00f6\u00dfe der Karten offen jeweils 92 cm x 69 cm  <\/p>","protected":false},"excerpt":{"rendered":"<p>Wanderkartenmappe Hovden 1:50.000 (Topographische Karten mit UTM-Gitter) Diese Wanderkarten im Ma\u00dfstab 1:50.000 decken sowohl Geilo als auch Hallingskarvet ab. Sie finden auf diesen Karten alle wichtigen Informationen wie markierte Fu\u00dfwege, markierte und preparierte Skipisten, markierte Skipisten, Winterwege, die Skarverenn-Skipiste, beleuchtete Skipisten, Skilifte, Fahrradwege, Ganzjahres-Fu\u00dfg\u00e4ngerbr\u00fccken, Sommer-Fu\u00dfg\u00e4ngerbr\u00fccken, Bobbahnen, Alpinski, Freib\u00e4der, Angelm\u00f6glichkeiten, behindertengerechte Angelm\u00f6glichkeiten, Hundeschlittenstrecken, Kanufahren, Mietkanus, Kletterm\u00f6glichkeiten, [&#8230;]\n","protected":false},"featured_media":36752,"template":"","meta":[],"product_brand":[],"product_cat":[21543],"product_tag":[],"class_list":{"0":"post-154846","1":"product","2":"type-product","3":"status-publish","4":"has-post-thumbnail","6":"product_cat-landkarten","7":"pa_autor-ugland","8":"pa_erscheinungsjahr-21591","9":"pa_region-skandinavien-norwegen-schweden-finnland","10":"pa_sprache-e","11":"pa_sprache-norw","13":"first","14":"instock","15":"taxable","16":"shipping-taxable","17":"purchasable","18":"product-type-simple"},"_links":{"self":[{"href":"https:\/\/pizbube.ch\/en\/wp-json\/wp\/v2\/product\/154846","targetHints":{"allow":["GET"]}}],"collection":[{"href":"https:\/\/pizbube.ch\/en\/wp-json\/wp\/v2\/product"}],"about":[{"href":"https:\/\/pizbube.ch\/en\/wp-json\/wp\/v2\/types\/product"}],"wp:featuredmedia":[{"embeddable":true,"href":"https:\/\/pizbube.ch\/en\/wp-json\/wp\/v2\/media\/36752"}],"wp:attachment":[{"href":"https:\/\/pizbube.ch\/en\/wp-json\/wp\/v2\/media?parent=154846"}],"wp:term":[{"taxonomy":"product_brand","embeddable":true,"href":"https:\/\/pizbube.ch\/en\/wp-json\/wp\/v2\/product_brand?post=154846"},{"taxonomy":"product_cat","embeddable":true,"href":"https:\/\/pizbube.ch\/en\/wp-json\/wp\/v2\/product_cat?post=154846"},{"taxonomy":"product_tag","embeddable":true,"href":"https:\/\/pizbube.ch\/en\/wp-json\/wp\/v2\/product_tag?post=154846"}],"curies":[{"name":"wp","href":"https:\/\/api.w.org\/{rel}","templated":true}]}}