{"id":154847,"date":"2021-01-15T14:55:26","date_gmt":"2021-01-15T14:55:26","guid":{"rendered":"https:\/\/codengine3.ch\/?product=import-placeholder-for-207367"},"modified":"2021-01-15T16:02:30","modified_gmt":"2021-01-15T16:02:30","slug":"sportclimbing-guides-5-pustertal-1-val-pusteria-1","status":"publish","type":"product","link":"https:\/\/pizbube.ch\/en\/shop\/sportclimbing-guides-5-pustertal-1-val-pusteria-1\/","title":{"rendered":"Sportclimbing Guides 5: Pustertal 1\/Val Pusteria 1"},"content":{"rendered":"<p>Sportclimbing Guides Band 5: Pustertal 1 \/ Val Pusteria 1<\/p>\n<p>Der f\u00fcnfte von zehn B\u00e4nden praktischer Kletter- und Boulderf\u00fchrer S\u00fcdtirols!<\/p>\n<p>Mit interessanten Informationen zur Geologie und \u00dcbersichtskarte mit<br \/>\nAuflistung aller im Buch vorgestellten Klettergebiete.<\/p>\n<p>Jene sind mit Anfahrtsskizzen, GPS Koordinaten, Fotos der Kletterrouten und<br \/>\nRoutenlisten (Schwierigkeitsgrad, Bohrhaken, L\u00e4nge&#8230;) im Detail beschrieben.<\/p>\n<p>Autoren: Juri Chiaramonte und Matthias Polig, Seiten 142<\/p>","protected":false},"excerpt":{"rendered":"<ul>\n<li><a href=\"https:\/\/pizbube.ch\/wp-content\/uploads\/attachments\/a_024\/8567D0F106E5CF66A3D8DE254C94E388.pdf\" target=\"_blank\" rel=\"noopener\">PDF: Sportclimbing Guides 5 Inhalt \/ \u00dcbersicht<\/a><\/li>\n<\/ul>","protected":false},"featured_media":37251,"template":"","meta":[],"product_brand":[],"product_cat":[21539],"product_tag":[],"class_list":{"0":"post-154847","1":"product","2":"type-product","3":"status-publish","4":"has-post-thumbnail","6":"product_cat-fuehrerliteratur-sportklettern-bouldern","7":"pa_autor-chiaramonte-polig","8":"pa_erscheinungsjahr-21621","9":"pa_region-italien","10":"pa_sprache-de-it","12":"first","13":"outofstock","14":"taxable","15":"shipping-taxable","16":"purchasable","17":"product-type-simple"},"_links":{"self":[{"href":"https:\/\/pizbube.ch\/en\/wp-json\/wp\/v2\/product\/154847","targetHints":{"allow":["GET"]}}],"collection":[{"href":"https:\/\/pizbube.ch\/en\/wp-json\/wp\/v2\/product"}],"about":[{"href":"https:\/\/pizbube.ch\/en\/wp-json\/wp\/v2\/types\/product"}],"wp:featuredmedia":[{"embeddable":true,"href":"https:\/\/pizbube.ch\/en\/wp-json\/wp\/v2\/media\/37251"}],"wp:attachment":[{"href":"https:\/\/pizbube.ch\/en\/wp-json\/wp\/v2\/media?parent=154847"}],"wp:term":[{"taxonomy":"product_brand","embeddable":true,"href":"https:\/\/pizbube.ch\/en\/wp-json\/wp\/v2\/product_brand?post=154847"},{"taxonomy":"product_cat","embeddable":true,"href":"https:\/\/pizbube.ch\/en\/wp-json\/wp\/v2\/product_cat?post=154847"},{"taxonomy":"product_tag","embeddable":true,"href":"https:\/\/pizbube.ch\/en\/wp-json\/wp\/v2\/product_tag?post=154847"}],"curies":[{"name":"wp","href":"https:\/\/api.w.org\/{rel}","templated":true}]}}