{"id":154849,"date":"2021-01-15T14:56:09","date_gmt":"2021-01-15T14:56:09","guid":{"rendered":"https:\/\/codengine3.ch\/?product=import-placeholder-for-208256"},"modified":"2025-02-27T12:31:57","modified_gmt":"2025-02-27T11:31:57","slug":"toppturer-rundt-harstad-skiguide-for-harstad-regionen","status":"publish","type":"product","link":"https:\/\/pizbube.ch\/en\/shop\/toppturer-rundt-harstad-skiguide-for-harstad-regionen\/","title":{"rendered":"Toppturer rundt Harstad &#8211; Skiguide for Harstad-regionen"},"content":{"rendered":"<p>Toppturer rundt Harstad omfatter topptur og randonee i og rundt Harstad og<br \/>\nKv\u00e6fjord, med en hel rekke n\u00e6rliggende omr\u00e5der og \u00f8yer. Den tar for seg<br \/>\nomr\u00e5det fjell for fjell, med oppturer og nedkj\u00f8ringer godt markert i kart og<br \/>\nbilder. I tillegg har vi trukket frem noen av de beste g\u00e5turene og<br \/>\nturattraksjonene, som fjellskiturer, DNT-hytter og alpine traverser.<\/p>\n<p>Boken tar for seg f\u00f8lgende omr\u00e5der:<\/p>\n<p>Harstad<br \/>\nKv\u00e6fjord og Sortland<br \/>\nTjeldsund<br \/>\nGryt\u00f8ya<br \/>\nRolla<br \/>\nAnd\u00f8rja<br \/>\nTjeld\u00f8ya<br \/>\nEvenes og Sk\u00e5nland<br \/>\nM\u00f8ysalen<\/p>\n<p>Som med alle andre Fri Flyt-guideb\u00f8ker, inkluderer hver topptur og<br \/>\nfjellbeskrivelse alt du trenger for \u00e5 f\u00e5 en trygg toppturopplevelse. Hver rute<br \/>\ner klassifisert etter KAST \/ ATES, som hjelper deg \u00e5 gj\u00f8re informerte vei- og<br \/>\nrutevalg. Slik kan du unng\u00e5 \u00e5 bevege deg i skredterreng der det er mulig, og<br \/>\nta de riktige valgene i mer utfordrende terreng.<\/p>","protected":false},"excerpt":{"rendered":"<p>Toppturer rundt Harstad omfatter topptur og randonee i og rundt Harstad og Kv\u00e6fjord, med en hel rekke n\u00e6rliggende omr\u00e5der og \u00f8yer. Den tar for seg omr\u00e5det fjell for fjell, med oppturer og nedkj\u00f8ringer godt markert i kart og bilder. I tillegg har vi trukket frem noen av de beste g\u00e5turene og turattraksjonene, som fjellskiturer, DNT-hytter [&#8230;]\n","protected":false},"featured_media":164588,"template":"","meta":[],"product_brand":[],"product_cat":[21540],"product_tag":[],"class_list":{"0":"post-154849","1":"product","2":"type-product","3":"status-publish","4":"has-post-thumbnail","6":"product_cat-fuehrerliteratur-alpin-winter","7":"pa_autor-dramsdahl","8":"pa_erscheinungsjahr-21586","9":"pa_region-skandinavien-norwegen-schweden-finnland","10":"pa_sprache-norw","12":"first","13":"instock","14":"taxable","15":"shipping-taxable","16":"purchasable","17":"product-type-simple"},"_links":{"self":[{"href":"https:\/\/pizbube.ch\/en\/wp-json\/wp\/v2\/product\/154849","targetHints":{"allow":["GET"]}}],"collection":[{"href":"https:\/\/pizbube.ch\/en\/wp-json\/wp\/v2\/product"}],"about":[{"href":"https:\/\/pizbube.ch\/en\/wp-json\/wp\/v2\/types\/product"}],"wp:featuredmedia":[{"embeddable":true,"href":"https:\/\/pizbube.ch\/en\/wp-json\/wp\/v2\/media\/164588"}],"wp:attachment":[{"href":"https:\/\/pizbube.ch\/en\/wp-json\/wp\/v2\/media?parent=154849"}],"wp:term":[{"taxonomy":"product_brand","embeddable":true,"href":"https:\/\/pizbube.ch\/en\/wp-json\/wp\/v2\/product_brand?post=154849"},{"taxonomy":"product_cat","embeddable":true,"href":"https:\/\/pizbube.ch\/en\/wp-json\/wp\/v2\/product_cat?post=154849"},{"taxonomy":"product_tag","embeddable":true,"href":"https:\/\/pizbube.ch\/en\/wp-json\/wp\/v2\/product_tag?post=154849"}],"curies":[{"name":"wp","href":"https:\/\/api.w.org\/{rel}","templated":true}]}}