{"id":154851,"date":"2021-01-15T16:01:10","date_gmt":"2021-01-15T16:01:10","guid":{"rendered":"https:\/\/codengine3.ch\/?product=import-placeholder-for-208104"},"modified":"2021-01-15T17:50:13","modified_gmt":"2021-01-15T17:50:13","slug":"wanderlust-unterwegs-auf-legendaeren-wegen","status":"publish","type":"product","link":"https:\/\/pizbube.ch\/en\/shop\/wanderlust-unterwegs-auf-legendaeren-wegen\/","title":{"rendered":"Wanderlust &#8211; Unterwegs auf legend\u00e4ren Wegen"},"content":{"rendered":"<p>\nWanderlust pr\u00e4sentiert die besten Wanderrouten mit praktischen Karten, Tipps<br \/>\nund inspirierenden Landschaftsfotografien.<\/p>\n<p>Der Malerweg im Elbsandsteingebirge, ein H\u00f6henwanderweg zwischen Chamonix und<br \/>\nZermatt, der Canyon Trail im Zion-Nationalpark, USA, oder der Pilgerpfad auf<br \/>\ndem heiligen Kumano Kodo in Japan: Wanderlust pr\u00e4sentiert historische Wege,<br \/>\ndie schon seit Jahrhunderten L\u00e4nder und St\u00e4dte verbinden und auch heute noch<br \/>\nbewandert werden.<\/p>\n<p>Die sch\u00f6nsten Kurz- und Fernwanderpfade der Erde f\u00fchren durch W\u00e4lder, Berge<br \/>\nund Schluchten, durch Eis- und Sandw\u00fcste und an Steilk\u00fcsten entlang. Der<br \/>\nWanderexperte Cam Honan, der viele der Trails selbst gewandert ist, beschreibt<br \/>\nseine pers\u00f6nlichen Highlights und gibt praktische Tipps und Tricks.<br \/>\nInformative Karten, detailreiche Beschreibungen und spektakul\u00e4re<br \/>\nLandschaftsaufnahmen bringen jeden Wanderer auf den richtigen Weg. Wanderlust<br \/>\nist das Handbuch f\u00fcr alle Freizeitwanderer und passionierte Experten, die es<br \/>\nnach drau\u00dfen in die Natur zieht und die faszinierenden Landschaften dieser<br \/>\nWelt Schritt f\u00fcr Schritt erkunden m\u00f6chten.  <\/p>","protected":false},"excerpt":{"rendered":"<p>Wanderlust pr\u00e4sentiert die besten Wanderrouten mit praktischen Karten, Tipps und inspirierenden Landschaftsfotografien. Der Malerweg im Elbsandsteingebirge, ein H\u00f6henwanderweg zwischen Chamonix und Zermatt, der Canyon Trail im Zion-Nationalpark, USA, oder der Pilgerpfad auf dem heiligen Kumano Kodo in Japan: Wanderlust pr\u00e4sentiert historische Wege, die schon seit Jahrhunderten L\u00e4nder und St\u00e4dte verbinden und auch heute noch bewandert [&#8230;]\n","protected":false},"featured_media":39352,"template":"","meta":[],"product_brand":[],"product_cat":[21605],"product_tag":[],"class_list":{"0":"post-154851","1":"product","2":"type-product","3":"status-publish","4":"has-post-thumbnail","6":"product_cat-wanderfuehrer-trekking","7":"pa_autor-honan","8":"pa_erscheinungsjahr-21574","9":"pa_region-uebrigers-europa","10":"pa_sprache-de","12":"first","13":"instock","14":"taxable","15":"shipping-taxable","16":"purchasable","17":"product-type-simple"},"_links":{"self":[{"href":"https:\/\/pizbube.ch\/en\/wp-json\/wp\/v2\/product\/154851","targetHints":{"allow":["GET"]}}],"collection":[{"href":"https:\/\/pizbube.ch\/en\/wp-json\/wp\/v2\/product"}],"about":[{"href":"https:\/\/pizbube.ch\/en\/wp-json\/wp\/v2\/types\/product"}],"wp:featuredmedia":[{"embeddable":true,"href":"https:\/\/pizbube.ch\/en\/wp-json\/wp\/v2\/media\/39352"}],"wp:attachment":[{"href":"https:\/\/pizbube.ch\/en\/wp-json\/wp\/v2\/media?parent=154851"}],"wp:term":[{"taxonomy":"product_brand","embeddable":true,"href":"https:\/\/pizbube.ch\/en\/wp-json\/wp\/v2\/product_brand?post=154851"},{"taxonomy":"product_cat","embeddable":true,"href":"https:\/\/pizbube.ch\/en\/wp-json\/wp\/v2\/product_cat?post=154851"},{"taxonomy":"product_tag","embeddable":true,"href":"https:\/\/pizbube.ch\/en\/wp-json\/wp\/v2\/product_tag?post=154851"}],"curies":[{"name":"wp","href":"https:\/\/api.w.org\/{rel}","templated":true}]}}