{"id":154852,"date":"2021-01-15T16:01:12","date_gmt":"2021-01-15T16:01:12","guid":{"rendered":"https:\/\/codengine3.ch\/?product=import-placeholder-for-207286"},"modified":"2021-01-15T16:01:37","modified_gmt":"2021-01-15T16:01:37","slug":"sportclimbing-guides-2-bozen-burggrafenamt-unterland","status":"publish","type":"product","link":"https:\/\/pizbube.ch\/en\/shop\/sportclimbing-guides-2-bozen-burggrafenamt-unterland\/","title":{"rendered":"Sportclimbing Guides 2: Bozen Burggrafenamt Unterland"},"content":{"rendered":"<p>Sportclimbing Guides Band 2:<br \/>\nBozen Burggrafenamt Unterland \/ Bolzano Burgraviato Bassa Atesina<\/p>\n<p>Der zweite von zehn B\u00e4nden praktischer Kletter- und Boulderf\u00fchrer S\u00fcdtirols!<\/p>\n<p>Mit interessanten Informationen zur Geologie und \u00dcbersichtskarte mit<br \/>\nAuflistung aller im Buch vorgestellten Klettergebiete.<\/p>\n<p>Jene sind mit Anfahrtsskizzen, GPS Koordinaten, Fotos der Kletterrouten und<br \/>\nRoutenlisten (Schwierigkeitsgrad, Bohrhaken, L\u00e4nge&#8230;) im Detail beschrieben.<\/p>\n<p>Autoren: Juri Chiaramonte und Matthias Polig 138 Seiten<\/p>","protected":false},"excerpt":{"rendered":"<ul>\n<li><a href=\"https:\/\/pizbube.ch\/wp-content\/uploads\/attachments\/a_023\/7F87BBCBEC993285B25008C839109D72.pdf\" target=\"_blank\" rel=\"noopener\">PDF: Inhalt \/ \u00dcbersicht Band 2<\/a><\/li>\n<\/ul>","protected":false},"featured_media":37029,"template":"","meta":[],"product_brand":[],"product_cat":[21539],"product_tag":[],"class_list":{"0":"post-154852","1":"product","2":"type-product","3":"status-publish","4":"has-post-thumbnail","6":"product_cat-fuehrerliteratur-sportklettern-bouldern","7":"pa_autor-chiaramonte-polig","8":"pa_erscheinungsjahr-21621","9":"pa_region-italien","10":"pa_sprache-de-it","12":"first","13":"outofstock","14":"taxable","15":"shipping-taxable","16":"purchasable","17":"product-type-simple"},"_links":{"self":[{"href":"https:\/\/pizbube.ch\/en\/wp-json\/wp\/v2\/product\/154852","targetHints":{"allow":["GET"]}}],"collection":[{"href":"https:\/\/pizbube.ch\/en\/wp-json\/wp\/v2\/product"}],"about":[{"href":"https:\/\/pizbube.ch\/en\/wp-json\/wp\/v2\/types\/product"}],"wp:featuredmedia":[{"embeddable":true,"href":"https:\/\/pizbube.ch\/en\/wp-json\/wp\/v2\/media\/37029"}],"wp:attachment":[{"href":"https:\/\/pizbube.ch\/en\/wp-json\/wp\/v2\/media?parent=154852"}],"wp:term":[{"taxonomy":"product_brand","embeddable":true,"href":"https:\/\/pizbube.ch\/en\/wp-json\/wp\/v2\/product_brand?post=154852"},{"taxonomy":"product_cat","embeddable":true,"href":"https:\/\/pizbube.ch\/en\/wp-json\/wp\/v2\/product_cat?post=154852"},{"taxonomy":"product_tag","embeddable":true,"href":"https:\/\/pizbube.ch\/en\/wp-json\/wp\/v2\/product_tag?post=154852"}],"curies":[{"name":"wp","href":"https:\/\/api.w.org\/{rel}","templated":true}]}}