{"id":154854,"date":"2021-01-15T16:01:31","date_gmt":"2021-01-15T16:01:31","guid":{"rendered":"https:\/\/codengine3.ch\/?product=import-placeholder-for-207304"},"modified":"2021-01-15T16:01:48","modified_gmt":"2021-01-15T16:01:48","slug":"guia-de-escaladas-de-itacoatiara","status":"publish","type":"product","link":"https:\/\/pizbube.ch\/en\/shop\/guia-de-escaladas-de-itacoatiara\/","title":{"rendered":"Guia de Escaladas de Itacoatiara"},"content":{"rendered":"<p>\nItacoatiara tem a mesma geografia que faz o Rio de Janeiro conhecido em todo<br \/>\nmundo, a combina\u00e7\u00e3o praia e montanha.  <\/p>\n<p>Com este guia voc\u00ea conseguir\u00e1 localizar as principais escaladas da regi\u00e3o,<br \/>\npois ele re\u00fane 80 fotos, mapas de trilhas, variados boulders e 150 vias, das<br \/>\nquais selecionamos 60 croquis. Todos os croquis do livro foram repetidos pelos<br \/>\nautores tendo todos os grampos marcados, a metragem de cada enfiada,<br \/>\nvariantes, equipamentos necess\u00e1rios e rapel.  <\/p>\n<p>Desfrute deste para\u00edso! Afinal, algumas de suas vias est\u00e3o entre as mais<br \/>\nbonitas do Rio de Janeiro e do Brasil. Seus boulders j\u00e1 s\u00e3o famosos em todo o<br \/>\npa\u00eds.  <\/p>","protected":false},"excerpt":{"rendered":"<p>Itacoatiara tem a mesma geografia que faz o Rio de Janeiro conhecido em todo mundo, a combina\u00e7\u00e3o praia e montanha. Com este guia voc\u00ea conseguir\u00e1 localizar as principais escaladas da regi\u00e3o, pois ele re\u00fane 80 fotos, mapas de trilhas, variados boulders e 150 vias, das quais selecionamos 60 croquis. Todos os croquis do livro foram [&#8230;]\n","protected":false},"featured_media":37077,"template":"","meta":[],"product_brand":[],"product_cat":[21539],"product_tag":[],"class_list":{"0":"post-154854","1":"product","2":"type-product","3":"status-publish","4":"has-post-thumbnail","6":"product_cat-fuehrerliteratur-sportklettern-bouldern","7":"pa_autor-daflon","8":"pa_erscheinungsjahr-21550","9":"pa_region-amerika-sued","10":"pa_sprache-portug","12":"first","13":"instock","14":"taxable","15":"shipping-taxable","16":"purchasable","17":"product-type-simple"},"_links":{"self":[{"href":"https:\/\/pizbube.ch\/en\/wp-json\/wp\/v2\/product\/154854","targetHints":{"allow":["GET"]}}],"collection":[{"href":"https:\/\/pizbube.ch\/en\/wp-json\/wp\/v2\/product"}],"about":[{"href":"https:\/\/pizbube.ch\/en\/wp-json\/wp\/v2\/types\/product"}],"wp:featuredmedia":[{"embeddable":true,"href":"https:\/\/pizbube.ch\/en\/wp-json\/wp\/v2\/media\/37077"}],"wp:attachment":[{"href":"https:\/\/pizbube.ch\/en\/wp-json\/wp\/v2\/media?parent=154854"}],"wp:term":[{"taxonomy":"product_brand","embeddable":true,"href":"https:\/\/pizbube.ch\/en\/wp-json\/wp\/v2\/product_brand?post=154854"},{"taxonomy":"product_cat","embeddable":true,"href":"https:\/\/pizbube.ch\/en\/wp-json\/wp\/v2\/product_cat?post=154854"},{"taxonomy":"product_tag","embeddable":true,"href":"https:\/\/pizbube.ch\/en\/wp-json\/wp\/v2\/product_tag?post=154854"}],"curies":[{"name":"wp","href":"https:\/\/api.w.org\/{rel}","templated":true}]}}