{"id":154856,"date":"2021-01-15T16:01:54","date_gmt":"2021-01-15T16:01:54","guid":{"rendered":"https:\/\/codengine3.ch\/?product=import-placeholder-for-207324"},"modified":"2023-07-20T11:50:59","modified_gmt":"2023-07-20T09:50:59","slug":"escalade-dans-leure","status":"publish","type":"product","link":"https:\/\/pizbube.ch\/en\/shop\/escalade-dans-leure\/","title":{"rendered":"Escalade dans l&#8217;Eure"},"content":{"rendered":"<p>Falaises du Bord de Seine \/ Rouen, nordest de Paris \/ Normandie<br \/>\n(Connelles, la Roque, la Val Saint Martin)<\/p>\n<p>Derni\u00e8re \u00e9dition du c\u00e9l\u00e8bre topo :<br \/>\n&#8211; La cari\u00e9e &#8211; L&#8217;M &#8211; Connelles &#8211; Microfalaise &#8211; Bisexto &#8211; Sp\u00e9l\u00e9ologue &#8211; Le Thuit &#8211; Le Val Saint Martin<\/p>\n<p>Ce nouveau topo de l&#8217;escalade dans L&#8217;Eure comprend les mises \u00e0 jour des itin\u00e9raires et des cotations et regroupe les 8 falaises nouvellement r\u00e9\u00e9quip\u00e9es du bord de Seine. L&#8217;M, Connelles, Microfalaise, Bisexto, Sp\u00e9l\u00e9ologue, Le Thuit, Le Val Saint Martin ainsi que l&#8217;int\u00e9gration du secteur d\u00e9couverte de la Cari\u00e9e. Au total, plus de 500 voies d&#8217;escalade allant du 3 au 8b \u00e0 proximit\u00e9 de Paris.<\/p>\n<p>Bien qu\u2019\u00e9loign\u00e9 des zones montagneuses, le d\u00e9partement de l\u2019Eure est plut\u00f4t<br \/>\nbien fourni en falaises. Cependant, toutes ces falaises ne sont pas encore<br \/>\nam\u00e9nag\u00e9es pour la pratique de l\u2019escalade.<\/p>\n<p>Aujourd\u2019hui, le d\u00e9partement de l\u2019Eure poss\u00e8de 7 falaises \u00e9quip\u00e9es : L\u2019M,<br \/>\nConnelles, La Microfalaise, La Bisexto, La sp\u00e9l\u00e9ologue, Le Thuit, et Le Val-<br \/>\nSaint-Martin (c.f carte).<\/p>\n<p>L\u2019objectif du comit\u00e9 d\u00e9partemental est d\u2019\u00e9quiper toutes les falaises qui<br \/>\npr\u00e9sentent un int\u00e9r\u00eat pour l\u2019escalade. Notre dernier recensement fait<br \/>\nappara\u00eetre un potentiel total de 12 falaises suppl\u00e9mentaires. Nous envisageons<br \/>\ndonc de mettre en place un nouveau plan de r\u00e9\u00e9quipement afin d\u2019am\u00e9nager ces<br \/>\nfalaises. Si cela se fait, le d\u00e9partement de l\u2019Eure regroupera un total de 19<br \/>\nfalaises pour un total de plus de 2000 voies d\u2019escalade.<\/p>","protected":false},"excerpt":{"rendered":"<p>Falaises du Bord de Seine \/ Rouen, nordest de Paris \/ Normandie (Connelles, la Roque, la Val Saint Martin) Derni\u00e8re \u00e9dition du c\u00e9l\u00e8bre topo : &#8211; La cari\u00e9e &#8211; L&#8217;M &#8211; Connelles &#8211; Microfalaise &#8211; Bisexto &#8211; Sp\u00e9l\u00e9ologue &#8211; Le Thuit &#8211; Le Val Saint Martin Ce nouveau topo de l&#8217;escalade dans L&#8217;Eure comprend les [&#8230;]\n","protected":false},"featured_media":162354,"template":"","meta":[],"product_brand":[],"product_cat":[21539],"product_tag":[],"class_list":{"0":"post-154856","1":"product","2":"type-product","3":"status-publish","4":"has-post-thumbnail","6":"product_cat-fuehrerliteratur-sportklettern-bouldern","7":"pa_autor-cd-ffme-de-leure","8":"pa_erscheinungsjahr-21546","9":"pa_region-frankreich","10":"pa_sprache-fr","12":"first","13":"onbackorder","14":"taxable","15":"shipping-taxable","16":"purchasable","17":"product-type-simple"},"_links":{"self":[{"href":"https:\/\/pizbube.ch\/en\/wp-json\/wp\/v2\/product\/154856","targetHints":{"allow":["GET"]}}],"collection":[{"href":"https:\/\/pizbube.ch\/en\/wp-json\/wp\/v2\/product"}],"about":[{"href":"https:\/\/pizbube.ch\/en\/wp-json\/wp\/v2\/types\/product"}],"wp:featuredmedia":[{"embeddable":true,"href":"https:\/\/pizbube.ch\/en\/wp-json\/wp\/v2\/media\/162354"}],"wp:attachment":[{"href":"https:\/\/pizbube.ch\/en\/wp-json\/wp\/v2\/media?parent=154856"}],"wp:term":[{"taxonomy":"product_brand","embeddable":true,"href":"https:\/\/pizbube.ch\/en\/wp-json\/wp\/v2\/product_brand?post=154856"},{"taxonomy":"product_cat","embeddable":true,"href":"https:\/\/pizbube.ch\/en\/wp-json\/wp\/v2\/product_cat?post=154856"},{"taxonomy":"product_tag","embeddable":true,"href":"https:\/\/pizbube.ch\/en\/wp-json\/wp\/v2\/product_tag?post=154856"}],"curies":[{"name":"wp","href":"https:\/\/api.w.org\/{rel}","templated":true}]}}